{"id":3488,"date":"2023-01-02T13:59:50","date_gmt":"2023-01-02T12:59:50","guid":{"rendered":"https:\/\/printagram.com\/produkt\/segregatory-druk-cyfrowy\/"},"modified":"2023-12-12T12:03:33","modified_gmt":"2023-12-12T11:03:33","slug":"segregatory-druk-cyfrowy","status":"publish","type":"product","link":"https:\/\/printagram.com\/es\/producto\/carpetas-anillas-impresion-digital\/","title":{"rendered":"Carpetas de anillas impresi\u00f3n digital"},"content":{"rendered":"<p>La carpeta con mecanismo de clip le ofrece la oportunidad de guardar sus documentos de forma organizada, facilitando su localizaci\u00f3n y archivo. El robusto dise\u00f1o del mecanismo garantiza la seguridad. Las p\u00e1ginas perforadas o las camisas de los documentos se sujetan mediante abrazaderas que pasan a trav\u00e9s de los orificios. Estas pinzas se accionan por resorte. Mecanismo tipo D de dos o cuatro mordazas. Adem\u00e1s, la encuadernadora est\u00e1 equipada con un prensador de documentos.<\/p>\n<p>La cubierta de la carpeta se imprime individualmente. Est\u00e1 hecha de cart\u00f3n s\u00f3lido de 2 mm de grosor y cubierta con papel autoadhesivo impreso digitalmente en el exterior y protegida con lamina brillante. En el interior con un forro de papel blanco.<\/p>","protected":false},"excerpt":{"rendered":"<p>Carpetas de anillas con su impresi\u00f3n. Con mecanismo de mordaza en D para insertar documentos.<\/p>","protected":false},"featured_media":22130,"template":"","meta":{"_seopress_robots_primary_cat":"","_seopress_titles_title":"","_seopress_titles_desc":"","_seopress_robots_index":""},"product_brand":[],"product_cat":[292],"product_tag":[444,448,446],"class_list":{"0":"post-3488","1":"product","2":"type-product","3":"status-publish","4":"has-post-thumbnail","6":"product_cat-teczki-segregatory","7":"product_tag-firma-biuro","8":"product_tag-konferencje-kursy-szkolenia","9":"product_tag-promowanie","11":"first","12":"instock","13":"taxable","14":"shipping-taxable","15":"purchasable","16":"product-type-simple"},"_links":{"self":[{"href":"https:\/\/printagram.com\/es\/wp-json\/wp\/v2\/product\/3488","targetHints":{"allow":["GET"]}}],"collection":[{"href":"https:\/\/printagram.com\/es\/wp-json\/wp\/v2\/product"}],"about":[{"href":"https:\/\/printagram.com\/es\/wp-json\/wp\/v2\/types\/product"}],"wp:featuredmedia":[{"embeddable":true,"href":"https:\/\/printagram.com\/es\/wp-json\/wp\/v2\/media\/22130"}],"wp:attachment":[{"href":"https:\/\/printagram.com\/es\/wp-json\/wp\/v2\/media?parent=3488"}],"wp:term":[{"taxonomy":"product_brand","embeddable":true,"href":"https:\/\/printagram.com\/es\/wp-json\/wp\/v2\/product_brand?post=3488"},{"taxonomy":"product_cat","embeddable":true,"href":"https:\/\/printagram.com\/es\/wp-json\/wp\/v2\/product_cat?post=3488"},{"taxonomy":"product_tag","embeddable":true,"href":"https:\/\/printagram.com\/es\/wp-json\/wp\/v2\/product_tag?post=3488"}],"curies":[{"name":"wp","href":"https:\/\/api.w.org\/{rel}","templated":true}]}}