{"id":3486,"date":"2023-01-02T13:59:44","date_gmt":"2023-01-02T12:59:44","guid":{"rendered":"https:\/\/printagram.com\/produkt\/plomby-gwarancyjne-stickery-void\/"},"modified":"2024-04-02T18:13:50","modified_gmt":"2024-04-02T16:13:50","slug":"plomby-gwarancyjne-stickery-void","status":"publish","type":"product","link":"https:\/\/printagram.com\/es\/producto\/pegatinas-de-sellos-de-garantia\/","title":{"rendered":"Sellos de garant\u00eda pegatinas void"},"content":{"rendered":"<p>Precintos de garant\u00eda<strong>\u00a0<\/strong>- Obtendr\u00e1 pegatinas de precinto a todo color y de alta calidad por muy poco dinero. La l\u00e1mina de precinto ORACAL Safety Vinyl 820 fabricada por Orafol Europe GmbH tiene un adhesivo muy fuerte que se pega permanentemente al sustrato.<\/p>\n<p><strong>Aplicaciones.\u00a0<\/strong>Entre nuestros clientes que encargan pegatinas de pel\u00edcula de precinto se encuentran empresas de servicios electr\u00f3nicos, fabricantes de electr\u00f3nica y electrodom\u00e9sticos, fabricantes de muebles, distribuidores de tel\u00e9fonos m\u00f3viles y port\u00e1tiles y muchos otros.<\/p>\n<p><strong>Personalizaci\u00f3n (NUMERACI\u00d3N).\u00a0<\/strong>Los precintos pueden PERSONALIZARSE (dando a cada precinto un n\u00famero \u00fanico). Especifique en el momento de la compra qu\u00e9 n\u00fameros o gama desea.<\/p>","protected":false},"excerpt":{"rendered":"<p>Precinto adhesivo a todo color. Es imposible despegar el precinto sin da\u00f1arlo.<\/p>","protected":false},"featured_media":28645,"template":"","meta":{"_seopress_robots_primary_cat":"","_seopress_titles_title":"","_seopress_titles_desc":"","_seopress_robots_index":""},"product_brand":[],"product_cat":[283],"product_tag":[449,445],"class_list":{"0":"post-3486","1":"product","2":"type-product","3":"status-publish","4":"has-post-thumbnail","6":"product_cat-naklejki-plomby","7":"product_tag-produkcja","8":"product_tag-sprzedaz-handel","10":"first","11":"instock","12":"taxable","13":"shipping-taxable","14":"purchasable","15":"product-type-simple"},"_links":{"self":[{"href":"https:\/\/printagram.com\/es\/wp-json\/wp\/v2\/product\/3486","targetHints":{"allow":["GET"]}}],"collection":[{"href":"https:\/\/printagram.com\/es\/wp-json\/wp\/v2\/product"}],"about":[{"href":"https:\/\/printagram.com\/es\/wp-json\/wp\/v2\/types\/product"}],"wp:featuredmedia":[{"embeddable":true,"href":"https:\/\/printagram.com\/es\/wp-json\/wp\/v2\/media\/28645"}],"wp:attachment":[{"href":"https:\/\/printagram.com\/es\/wp-json\/wp\/v2\/media?parent=3486"}],"wp:term":[{"taxonomy":"product_brand","embeddable":true,"href":"https:\/\/printagram.com\/es\/wp-json\/wp\/v2\/product_brand?post=3486"},{"taxonomy":"product_cat","embeddable":true,"href":"https:\/\/printagram.com\/es\/wp-json\/wp\/v2\/product_cat?post=3486"},{"taxonomy":"product_tag","embeddable":true,"href":"https:\/\/printagram.com\/es\/wp-json\/wp\/v2\/product_tag?post=3486"}],"curies":[{"name":"wp","href":"https:\/\/api.w.org\/{rel}","templated":true}]}}