{"id":3484,"date":"2023-01-02T13:59:37","date_gmt":"2023-01-02T12:59:37","guid":{"rendered":"https:\/\/printagram.com\/produkt\/pocztowki-skladane-karnety-zaproszenia\/"},"modified":"2024-06-11T10:01:44","modified_gmt":"2024-06-11T08:01:44","slug":"pocztowki-skladane-karnety","status":"publish","type":"product","link":"https:\/\/printagram.com\/es\/producto\/tarjetas-carnets-plegadas\/","title":{"rendered":"Carnets plegadas"},"content":{"rendered":"<p>Postales plegadas que pueden servir igualmente como invitaciones de felicitaci\u00f3n, tarjetas, postales navide\u00f1as, etc.<\/p>\n<p>Un producto que permite producir, a un coste realmente bajo, un gran n\u00famero de tarjetas conmemorativas, tarjetas adjuntas a paquetes, regalos, recuerdos, etc. Pueden utilizarse como invitaciones a inauguraciones, invitaciones a conferencias, seminarios y diversas celebraciones oficiales y menos oficiales. Por supuesto, tambi\u00e9n pueden servir como postales est\u00e1ndar, postales de felicitaci\u00f3n navide\u00f1a que, enviadas en un sobre a juego, llegar\u00e1n a su destino.<\/p>\n<p>Tama\u00f1o 98 x 150 mm una vez plegado. Impresi\u00f3n gratuita en m\u00e1quina offset - 4 colores CMYK (paleta de colores completa por ambas caras), de cart\u00f3n blanco recubierto por una cara. Las postales tienen la rigidez y el grosor de una postal tradicional. La rigidez corresponde a un cart\u00f3n est\u00e1ndar de 350 g\/m\u00b2. Refinadas con laminado brillante por una cara.<\/p>","protected":false},"excerpt":{"rendered":"<p>Postales, tarjetas e invitaciones plegadas con cualquier impresi\u00f3n. Tama\u00f1o plegado 98 x 150 mm. Impresi\u00f3n a doble cara - 4 colores CMYK (paleta de colores completa). Laminado exterior con l\u00e1mina brillante.<\/p>","protected":false},"featured_media":22141,"template":"","meta":{"_seopress_robots_primary_cat":"none","_seopress_titles_title":"","_seopress_titles_desc":"","_seopress_robots_index":""},"product_brand":[],"product_cat":[308],"product_tag":[447,446],"class_list":{"0":"post-3484","1":"product","2":"type-product","3":"status-publish","4":"has-post-thumbnail","6":"product_cat-pocztowki-karnety","7":"product_tag-eventy","8":"product_tag-promowanie","10":"first","11":"instock","12":"taxable","13":"shipping-taxable","14":"purchasable","15":"product-type-simple"},"_links":{"self":[{"href":"https:\/\/printagram.com\/es\/wp-json\/wp\/v2\/product\/3484","targetHints":{"allow":["GET"]}}],"collection":[{"href":"https:\/\/printagram.com\/es\/wp-json\/wp\/v2\/product"}],"about":[{"href":"https:\/\/printagram.com\/es\/wp-json\/wp\/v2\/types\/product"}],"wp:featuredmedia":[{"embeddable":true,"href":"https:\/\/printagram.com\/es\/wp-json\/wp\/v2\/media\/22141"}],"wp:attachment":[{"href":"https:\/\/printagram.com\/es\/wp-json\/wp\/v2\/media?parent=3484"}],"wp:term":[{"taxonomy":"product_brand","embeddable":true,"href":"https:\/\/printagram.com\/es\/wp-json\/wp\/v2\/product_brand?post=3484"},{"taxonomy":"product_cat","embeddable":true,"href":"https:\/\/printagram.com\/es\/wp-json\/wp\/v2\/product_cat?post=3484"},{"taxonomy":"product_tag","embeddable":true,"href":"https:\/\/printagram.com\/es\/wp-json\/wp\/v2\/product_tag?post=3484"}],"curies":[{"name":"wp","href":"https:\/\/api.w.org\/{rel}","templated":true}]}}