{"id":3480,"date":"2023-01-02T13:59:21","date_gmt":"2023-01-02T12:59:21","guid":{"rendered":"https:\/\/printagram.com\/produkt\/bloczki-notesy-firmowe\/"},"modified":"2025-03-28T12:10:41","modified_gmt":"2025-03-28T11:10:41","slug":"bloczki-notesy-firmowe","status":"publish","type":"product","link":"https:\/\/printagram.com\/es\/producto\/blocks-de-notas-personalizados\/","title":{"rendered":"Blocs de notas personalizados"},"content":{"rendered":"<p>Bloques de 25, 50 \u00f3 100 hojas. Cada bloc tiene un soporte de cart\u00f3n y, eventualmente, una cubierta. Los blocs se encolan por el borde m\u00e1s corto o m\u00e1s largo. Papel offset. Recorte de toda la pila de bloques en una m\u00e1quina de corte industrial. Tambi\u00e9n se pueden redondear las esquinas.<\/p>\n<p>Los blocs son ideales como: tarjetas de servicio, facturas, informes de aceptaci\u00f3n, \u00f3rdenes de servicio, cuadernos, blocs de notas de empresa, etc.<\/p>","protected":false},"excerpt":{"rendered":"<p>Blocs de notas de empresa. A todo color en cada hoja. Encolados en 25, 50 o 100 hojas con soporte de cart\u00f3n.<\/p>","protected":false},"featured_media":20806,"template":"","meta":{"_seopress_robots_primary_cat":"none","_seopress_titles_title":"","_seopress_titles_desc":"","_seopress_robots_index":""},"product_brand":[],"product_cat":[297],"product_tag":[444,448,446],"class_list":{"0":"post-3480","1":"product","2":"type-product","3":"status-publish","4":"has-post-thumbnail","6":"product_cat-bloczki-notesy","7":"product_tag-firma-biuro","8":"product_tag-konferencje-kursy-szkolenia","9":"product_tag-promowanie","11":"first","12":"instock","13":"taxable","14":"shipping-taxable","15":"purchasable","16":"product-type-simple"},"_links":{"self":[{"href":"https:\/\/printagram.com\/es\/wp-json\/wp\/v2\/product\/3480","targetHints":{"allow":["GET"]}}],"collection":[{"href":"https:\/\/printagram.com\/es\/wp-json\/wp\/v2\/product"}],"about":[{"href":"https:\/\/printagram.com\/es\/wp-json\/wp\/v2\/types\/product"}],"wp:featuredmedia":[{"embeddable":true,"href":"https:\/\/printagram.com\/es\/wp-json\/wp\/v2\/media\/20806"}],"wp:attachment":[{"href":"https:\/\/printagram.com\/es\/wp-json\/wp\/v2\/media?parent=3480"}],"wp:term":[{"taxonomy":"product_brand","embeddable":true,"href":"https:\/\/printagram.com\/es\/wp-json\/wp\/v2\/product_brand?post=3480"},{"taxonomy":"product_cat","embeddable":true,"href":"https:\/\/printagram.com\/es\/wp-json\/wp\/v2\/product_cat?post=3480"},{"taxonomy":"product_tag","embeddable":true,"href":"https:\/\/printagram.com\/es\/wp-json\/wp\/v2\/product_tag?post=3480"}],"curies":[{"name":"wp","href":"https:\/\/api.w.org\/{rel}","templated":true}]}}