{"id":3478,"date":"2023-01-02T13:59:13","date_gmt":"2023-01-02T12:59:13","guid":{"rendered":"https:\/\/printagram.com\/produkt\/ulotki\/"},"modified":"2026-02-10T15:00:11","modified_gmt":"2026-02-10T14:00:11","slug":"ulotki","status":"publish","type":"product","link":"https:\/\/printagram.com\/es\/producto\/folletos\/","title":{"rendered":"Folletos est\u00e1ndar"},"content":{"rendered":"<p>Los folletos son una forma estupenda de anunciar su marca, producto o evento. Imprima folletos a todo color, en el formato que m\u00e1s le convenga y en uno de los muchos papeles disponibles. Duraderos, f\u00e1ciles de distribuir e ideales para obtener publicidad. No subestime las ventajas de la impresi\u00f3n de folletos.<\/p>\n<p>Puede que la publicidad digital y las redes sociales sean los m\u00e9todos publicitarios m\u00e1s comunes hoy en d\u00eda, pero los folletos siguen siendo una de las herramientas promocionales m\u00e1s eficaces.<\/p>","protected":false},"excerpt":{"rendered":"<p>Impresi\u00f3n offset CMYK a 2 caras. Papel estucado mate o brillante.<\/p>","protected":false},"featured_media":28646,"template":"","meta":{"_seopress_robots_primary_cat":"none","_seopress_titles_title":"","_seopress_titles_desc":"","_seopress_robots_index":""},"product_brand":[],"product_cat":[311],"product_tag":[447,449,446],"class_list":{"0":"post-3478","1":"product","2":"type-product","3":"status-publish","4":"has-post-thumbnail","6":"product_cat-ulotki-plakaty","7":"product_tag-eventy","8":"product_tag-produkcja","9":"product_tag-promowanie","10":"product_shipping_class-ciezkie","12":"first","13":"instock","14":"taxable","15":"shipping-taxable","16":"purchasable","17":"product-type-simple"},"_links":{"self":[{"href":"https:\/\/printagram.com\/es\/wp-json\/wp\/v2\/product\/3478","targetHints":{"allow":["GET"]}}],"collection":[{"href":"https:\/\/printagram.com\/es\/wp-json\/wp\/v2\/product"}],"about":[{"href":"https:\/\/printagram.com\/es\/wp-json\/wp\/v2\/types\/product"}],"wp:featuredmedia":[{"embeddable":true,"href":"https:\/\/printagram.com\/es\/wp-json\/wp\/v2\/media\/28646"}],"wp:attachment":[{"href":"https:\/\/printagram.com\/es\/wp-json\/wp\/v2\/media?parent=3478"}],"wp:term":[{"taxonomy":"product_brand","embeddable":true,"href":"https:\/\/printagram.com\/es\/wp-json\/wp\/v2\/product_brand?post=3478"},{"taxonomy":"product_cat","embeddable":true,"href":"https:\/\/printagram.com\/es\/wp-json\/wp\/v2\/product_cat?post=3478"},{"taxonomy":"product_tag","embeddable":true,"href":"https:\/\/printagram.com\/es\/wp-json\/wp\/v2\/product_tag?post=3478"}],"curies":[{"name":"wp","href":"https:\/\/api.w.org\/{rel}","templated":true}]}}