{"id":3476,"date":"2023-01-02T13:59:01","date_gmt":"2023-01-02T12:59:01","guid":{"rendered":"https:\/\/printagram.com\/produkt\/naklejki-3d-nalepki-wypukle-zelowe\/"},"modified":"2026-01-15T12:29:50","modified_gmt":"2026-01-15T11:29:50","slug":"naklejki-3d-nalepki-wypukle-zelowe","status":"publish","type":"product","link":"https:\/\/printagram.com\/es\/producto\/pegatinas_3d_de_gota_de_resina\/","title":{"rendered":"Pegatinas gota de resina"},"content":{"rendered":"<p>Los adhesivos 3D son convexos gracias a una sustancia especial, cuyo ingrediente principal es la resina de poliuretano transparente. Gracias a ella, tienen un bonito aspecto tridimensional y son suaves al tacto. Gracias a esta capa de resina, las pegatinas 3D autoadhesivas son resistentes a la humedad, la radiaci\u00f3n UV y los da\u00f1os mec\u00e1nicos. Pueden ser de cualquier forma, pero por razones t\u00e9cnicas est\u00e1n sujetas a ciertas limitaciones. Las esquinas deben estar ligeramente redondeadas. La base de los adhesivos 3D es una l\u00e1mina blanca autoadhesiva que se une firmemente a la resina. La impresi\u00f3n en tecnolog\u00eda digital permite utilizar un n\u00famero ilimitado de colores de la paleta CMYK.<\/p>\n<p>Son ideales como adhesivos de marca para todo tipo de productos: ordenadores, coches, muebles, electr\u00f3nica, electrodom\u00e9sticos, l\u00ednea blanca, etc.<\/p>\n<p><strong>Formas<\/strong><br \/>\nEl precio calculado se aplica a las formas b\u00e1sicas, es decir, cuadrado, rect\u00e1ngulo, c\u00edrculo y elipse. En el caso de formas no est\u00e1ndar, nos reservamos el derecho a cobrar un suplemento. Si desea consultar el precio de una forma no est\u00e1ndar, env\u00edenos su proyecto para obtener un presupuesto gratuito.<\/p>\n<p><strong>Ficha t\u00e9cnica<\/strong><br \/>\nORAJET\u00ae 3164HT - ficha t\u00e9cnica de la pel\u00edcula blanca sobre la que se producen las pegatinas 3D.\u00a0<strong><a href=\"\/wp-content\/uploads\/2025\/01\/orajet-3164ht-id3504-technical-data-sheet-europe-en.pdf\" target=\"_blank\" rel=\"noopener\">Descargar<\/a><\/strong><\/p>","protected":false},"excerpt":{"rendered":"<p>Pegatinas convexas. Etiquetas 3D autoadhesivas inundadas de resina transparente.<\/p>","protected":false},"featured_media":28642,"template":"","meta":{"_seopress_robots_primary_cat":"none","_seopress_titles_title":"","_seopress_titles_desc":"","_seopress_robots_index":""},"product_brand":[],"product_cat":[283],"product_tag":[449,446,445],"class_list":{"0":"post-3476","1":"product","2":"type-product","3":"status-publish","4":"has-post-thumbnail","6":"product_cat-naklejki-plomby","7":"product_tag-produkcja","8":"product_tag-promowanie","9":"product_tag-sprzedaz-handel","11":"first","12":"instock","13":"taxable","14":"shipping-taxable","15":"purchasable","16":"product-type-simple"},"_links":{"self":[{"href":"https:\/\/printagram.com\/es\/wp-json\/wp\/v2\/product\/3476","targetHints":{"allow":["GET"]}}],"collection":[{"href":"https:\/\/printagram.com\/es\/wp-json\/wp\/v2\/product"}],"about":[{"href":"https:\/\/printagram.com\/es\/wp-json\/wp\/v2\/types\/product"}],"wp:featuredmedia":[{"embeddable":true,"href":"https:\/\/printagram.com\/es\/wp-json\/wp\/v2\/media\/28642"}],"wp:attachment":[{"href":"https:\/\/printagram.com\/es\/wp-json\/wp\/v2\/media?parent=3476"}],"wp:term":[{"taxonomy":"product_brand","embeddable":true,"href":"https:\/\/printagram.com\/es\/wp-json\/wp\/v2\/product_brand?post=3476"},{"taxonomy":"product_cat","embeddable":true,"href":"https:\/\/printagram.com\/es\/wp-json\/wp\/v2\/product_cat?post=3476"},{"taxonomy":"product_tag","embeddable":true,"href":"https:\/\/printagram.com\/es\/wp-json\/wp\/v2\/product_tag?post=3476"}],"curies":[{"name":"wp","href":"https:\/\/api.w.org\/{rel}","templated":true}]}}