{"id":3464,"date":"2023-01-02T13:58:18","date_gmt":"2023-01-02T12:58:18","guid":{"rendered":"https:\/\/printagram.com\/produkt\/wizytowki-standardowe\/"},"modified":"2025-11-09T17:56:03","modified_gmt":"2025-11-09T16:56:03","slug":"wizytowki-laminowane-matowe","status":"publish","type":"product","link":"https:\/\/printagram.com\/es\/producto\/tarjetas-de-visita-laminadas-mate\/","title":{"rendered":"Tarjetas de visita plastificadas mate"},"content":{"rendered":"<p>Tarjetas de visita mate. Impresas con la m\u00e1xima precisi\u00f3n a una resoluci\u00f3n que permite una incre\u00edble cantidad de detalles. Impresas en papel est\u00e1ndar de 350 g. Las tarjetas de visita est\u00e1n protegidas con laminado mate est\u00e1ndar. El laminado hace que la superficie sea uniforme en t\u00e9rminos de suavidad y reflexi\u00f3n de la luz.<\/p>","protected":false},"excerpt":{"rendered":"<p>Tarjetas de visita est\u00e1ndar plastificadas con l\u00e1mina mate.<\/p>","protected":false},"featured_media":22027,"template":"","meta":{"_seopress_robots_primary_cat":"none","_seopress_titles_title":"","_seopress_titles_desc":"","_seopress_robots_index":""},"product_brand":[],"product_cat":[411],"product_tag":[444,448,446],"class_list":{"0":"post-3464","1":"product","2":"type-product","3":"status-publish","4":"has-post-thumbnail","6":"product_cat-wizytowki-standard","7":"product_tag-firma-biuro","8":"product_tag-konferencje-kursy-szkolenia","9":"product_tag-promowanie","11":"first","12":"instock","13":"taxable","14":"shipping-taxable","15":"purchasable","16":"product-type-simple"},"_links":{"self":[{"href":"https:\/\/printagram.com\/es\/wp-json\/wp\/v2\/product\/3464","targetHints":{"allow":["GET"]}}],"collection":[{"href":"https:\/\/printagram.com\/es\/wp-json\/wp\/v2\/product"}],"about":[{"href":"https:\/\/printagram.com\/es\/wp-json\/wp\/v2\/types\/product"}],"wp:featuredmedia":[{"embeddable":true,"href":"https:\/\/printagram.com\/es\/wp-json\/wp\/v2\/media\/22027"}],"wp:attachment":[{"href":"https:\/\/printagram.com\/es\/wp-json\/wp\/v2\/media?parent=3464"}],"wp:term":[{"taxonomy":"product_brand","embeddable":true,"href":"https:\/\/printagram.com\/es\/wp-json\/wp\/v2\/product_brand?post=3464"},{"taxonomy":"product_cat","embeddable":true,"href":"https:\/\/printagram.com\/es\/wp-json\/wp\/v2\/product_cat?post=3464"},{"taxonomy":"product_tag","embeddable":true,"href":"https:\/\/printagram.com\/es\/wp-json\/wp\/v2\/product_tag?post=3464"}],"curies":[{"name":"wp","href":"https:\/\/api.w.org\/{rel}","templated":true}]}}