{"id":3458,"date":"2023-01-02T13:57:58","date_gmt":"2023-01-02T12:57:58","guid":{"rendered":"https:\/\/printagram.com\/produkt\/metki-zawieszki-ekskluzywne\/"},"modified":"2025-01-26T19:47:09","modified_gmt":"2025-01-26T18:47:09","slug":"zawieszki-sirio-pearl-cream-hot-stamping-zloty-5001-mala-etykieta-z-wielka-osobowoscia","status":"publish","type":"product","link":"https:\/\/printagram.com\/es\/producto\/colgantes-hot-stamping-oro-5001-pequena-etiqueta-con-gran-personalidad\/","title":{"rendered":"Etiquetas colgantes stamping \"Peque\u00f1a etiqueta con gran personalidad\" #5001"},"content":{"rendered":"<p><strong><i>Hot-stamping<\/i><\/strong> es una l\u00e1mina estampada en caliente que contrasta perfectamente con la superficie de la etiqueta, creando un atractivo efecto visual.<br \/>\n<p>Encontrar\u00e1 m\u00e1s informaci\u00f3n en la p\u00e1gina sobre <a href=\"https:\/\/printagram.com\/es\/impresion-y-acabado-2\/\">t\u00e9cnicas de impresi\u00f3n y acabado<\/a>.<\/p>\n<p class=\"szukasz\"><strong>\u00bfBusca algo diferente?<\/strong> Si lo desea, puede configurar sus etiquetas personalizadas con todas las opciones posibles y cualquier papel utilizando la funci\u00f3n <a href=\"https:\/\/printagram.com\/es\/producto\/configurador-de-etiquetas-colgantes-exclusivas\/\">configurador exclusivo de etiquetas<\/a>.<\/p>\n<\/p>","protected":false},"excerpt":{"rendered":"<p>Etiqueta en papel decorativo con textura tipo martillado. Hot stamping en cualquier color en el anverso y el reverso. Impresi\u00f3n a tinta opcional en cualquier color en el anverso y el reverso. Estampaci\u00f3n (agujero perforado con ojal met\u00e1lico).<\/p>","protected":false},"featured_media":23936,"template":"","meta":{"_seopress_robots_primary_cat":"","_seopress_titles_title":"","_seopress_titles_desc":"","_seopress_robots_index":""},"product_brand":[],"product_cat":[289],"product_tag":[438,449,446,443,445],"class_list":{"0":"post-3458","1":"product","2":"type-product","3":"status-publish","4":"has-post-thumbnail","6":"product_cat-metki-zawieszki","7":"product_tag-hot-stamping","8":"product_tag-produkcja","9":"product_tag-promowanie","10":"product_tag-sitodruk","11":"product_tag-sprzedaz-handel","13":"first","14":"instock","15":"taxable","16":"shipping-taxable","17":"purchasable","18":"product-type-simple"},"_links":{"self":[{"href":"https:\/\/printagram.com\/es\/wp-json\/wp\/v2\/product\/3458","targetHints":{"allow":["GET"]}}],"collection":[{"href":"https:\/\/printagram.com\/es\/wp-json\/wp\/v2\/product"}],"about":[{"href":"https:\/\/printagram.com\/es\/wp-json\/wp\/v2\/types\/product"}],"wp:featuredmedia":[{"embeddable":true,"href":"https:\/\/printagram.com\/es\/wp-json\/wp\/v2\/media\/23936"}],"wp:attachment":[{"href":"https:\/\/printagram.com\/es\/wp-json\/wp\/v2\/media?parent=3458"}],"wp:term":[{"taxonomy":"product_brand","embeddable":true,"href":"https:\/\/printagram.com\/es\/wp-json\/wp\/v2\/product_brand?post=3458"},{"taxonomy":"product_cat","embeddable":true,"href":"https:\/\/printagram.com\/es\/wp-json\/wp\/v2\/product_cat?post=3458"},{"taxonomy":"product_tag","embeddable":true,"href":"https:\/\/printagram.com\/es\/wp-json\/wp\/v2\/product_tag?post=3458"}],"curies":[{"name":"wp","href":"https:\/\/api.w.org\/{rel}","templated":true}]}}