{"id":3456,"date":"2023-01-02T13:57:51","date_gmt":"2023-01-02T12:57:51","guid":{"rendered":"https:\/\/printagram.com\/produkt\/teczki-firmowe-ekskluzywne\/"},"modified":"2025-04-22T12:49:43","modified_gmt":"2025-04-22T10:49:43","slug":"teczki-firmowe-ekskluzywne","status":"publish","type":"product","link":"https:\/\/printagram.com\/es\/producto\/carpetas-de-presentacion-exclusivas\/","title":{"rendered":"Carpetas de presentaci\u00f3n exclusivas"},"content":{"rendered":"<p><strong>Carpetas de ofertas corporativas. <\/strong>Si busca carpetas de empresa originales para presentar muy bien su empresa, ha llegado al lugar adecuado. Nuestras carpetas son un producto de lujo. Sin duda, mucho m\u00e1s caras que las carpetas que se ofrecen habitualmente, pero muy exclusivas. Usted mismo puede elegir el papel con el que se fabricar\u00e1n las carpetas. Puede elegir entre m\u00e1s de 300 tipos de papel. Tambi\u00e9n papel de algod\u00f3n. Impresi\u00f3n y acabado exclusivos, como gofrado en relieve y calcograf\u00eda, hot stamping o lacado en relieve UV. Elija entre m\u00e1s de una docena de dise\u00f1os: troquelados. Carpetas plegadas tradicionalmente o carpetas cerradas con un lazo especial de hilo o tanga. <i>(hilos o correas no suministrados)<\/i>.<\/p>","protected":false},"excerpt":{"rendered":"<p>Estas carpetas son un producto de lujo. Impresi\u00f3n y acabado exclusivos, como embossing y letterpress, hot stamping, barniz UV.<\/p>","protected":false},"featured_media":22505,"template":"","meta":{"_seopress_robots_primary_cat":"none","_seopress_titles_title":"","_seopress_titles_desc":"","_seopress_robots_index":""},"product_brand":[],"product_cat":[292],"product_tag":[444,438,448,437,441,446,443,440],"class_list":{"0":"post-3456","1":"product","2":"type-product","3":"status-publish","4":"has-post-thumbnail","6":"product_cat-teczki-segregatory","7":"product_tag-firma-biuro","8":"product_tag-hot-stamping","9":"product_tag-konferencje-kursy-szkolenia","10":"product_tag-lakier-uv-selektywny","11":"product_tag-letterpress","12":"product_tag-promowanie","13":"product_tag-sitodruk","14":"product_tag-tloczenie-wypukle","16":"first","17":"instock","18":"taxable","19":"shipping-taxable","20":"purchasable","21":"product-type-simple"},"_links":{"self":[{"href":"https:\/\/printagram.com\/es\/wp-json\/wp\/v2\/product\/3456","targetHints":{"allow":["GET"]}}],"collection":[{"href":"https:\/\/printagram.com\/es\/wp-json\/wp\/v2\/product"}],"about":[{"href":"https:\/\/printagram.com\/es\/wp-json\/wp\/v2\/types\/product"}],"wp:featuredmedia":[{"embeddable":true,"href":"https:\/\/printagram.com\/es\/wp-json\/wp\/v2\/media\/22505"}],"wp:attachment":[{"href":"https:\/\/printagram.com\/es\/wp-json\/wp\/v2\/media?parent=3456"}],"wp:term":[{"taxonomy":"product_brand","embeddable":true,"href":"https:\/\/printagram.com\/es\/wp-json\/wp\/v2\/product_brand?post=3456"},{"taxonomy":"product_cat","embeddable":true,"href":"https:\/\/printagram.com\/es\/wp-json\/wp\/v2\/product_cat?post=3456"},{"taxonomy":"product_tag","embeddable":true,"href":"https:\/\/printagram.com\/es\/wp-json\/wp\/v2\/product_tag?post=3456"}],"curies":[{"name":"wp","href":"https:\/\/api.w.org\/{rel}","templated":true}]}}