{"id":3454,"date":"2023-01-02T13:57:44","date_gmt":"2023-01-02T12:57:44","guid":{"rendered":"https:\/\/printagram.com\/produkt\/zaproszenia-karnety-ekskluzywne\/"},"modified":"2025-01-26T19:59:09","modified_gmt":"2025-01-26T18:59:09","slug":"zaproszenia-karnety-ekskluzywne","status":"publish","type":"product","link":"https:\/\/printagram.com\/es\/producto\/invitaciones-tarjetas-exclusivas\/","title":{"rendered":"Invitaciones exclusivas"},"content":{"rendered":"<p><strong>Invitaciones, tarjetas de Navidad, tarjetas de felicitaci\u00f3n.<\/strong>\u00a0Pueden plegarse o no. Todo tipo de ocasiones necesitan ser conmemoradas de una manera \u00fanica. Puede tratarse de un cumplea\u00f1os, el aniversario de una empresa, una invitaci\u00f3n a la inauguraci\u00f3n de una nueva sala de exposiciones, una invitaci\u00f3n al cumplea\u00f1os de su jefe, felicitaciones navide\u00f1as para buenos contratistas o cualquier cosa significativa que desee destacar. Las invitaciones y tarjetas de Navidad que ofrecemos son productos de primera calidad para clientes muy exigentes. Sin duda merece la pena encargar este producto si desea la m\u00e1xima calidad. Papel exclusivo, impresi\u00f3n de calidad y los mejores m\u00e9todos de acabado.<\/p>","protected":false},"excerpt":{"rendered":"<p>Las invitaciones y tarjetas de Navidad son productos premium para clientes muy exigentes.<\/p>","protected":false},"featured_media":22456,"template":"","meta":{"_seopress_robots_primary_cat":"","_seopress_titles_title":"","_seopress_titles_desc":"","_seopress_robots_index":""},"product_brand":[],"product_cat":[305],"product_tag":[447,438,439,437,441,443,440],"class_list":{"0":"post-3454","1":"product","2":"type-product","3":"status-publish","4":"has-post-thumbnail","6":"product_cat-zaproszenia","7":"product_tag-eventy","8":"product_tag-hot-stamping","9":"product_tag-kaszerowanie","10":"product_tag-lakier-uv-selektywny","11":"product_tag-letterpress","12":"product_tag-sitodruk","13":"product_tag-tloczenie-wypukle","15":"first","16":"instock","17":"taxable","18":"shipping-taxable","19":"purchasable","20":"product-type-simple"},"_links":{"self":[{"href":"https:\/\/printagram.com\/es\/wp-json\/wp\/v2\/product\/3454","targetHints":{"allow":["GET"]}}],"collection":[{"href":"https:\/\/printagram.com\/es\/wp-json\/wp\/v2\/product"}],"about":[{"href":"https:\/\/printagram.com\/es\/wp-json\/wp\/v2\/types\/product"}],"wp:featuredmedia":[{"embeddable":true,"href":"https:\/\/printagram.com\/es\/wp-json\/wp\/v2\/media\/22456"}],"wp:attachment":[{"href":"https:\/\/printagram.com\/es\/wp-json\/wp\/v2\/media?parent=3454"}],"wp:term":[{"taxonomy":"product_brand","embeddable":true,"href":"https:\/\/printagram.com\/es\/wp-json\/wp\/v2\/product_brand?post=3454"},{"taxonomy":"product_cat","embeddable":true,"href":"https:\/\/printagram.com\/es\/wp-json\/wp\/v2\/product_cat?post=3454"},{"taxonomy":"product_tag","embeddable":true,"href":"https:\/\/printagram.com\/es\/wp-json\/wp\/v2\/product_tag?post=3454"}],"curies":[{"name":"wp","href":"https:\/\/api.w.org\/{rel}","templated":true}]}}