{"id":3450,"date":"2023-01-02T13:57:32","date_gmt":"2023-01-02T12:57:32","guid":{"rendered":"https:\/\/printagram.com\/produkt\/papier-firmowy-ekskluzywny\/"},"modified":"2025-01-26T19:51:16","modified_gmt":"2025-01-26T18:51:16","slug":"papier-firmowy-ekskluzywny","status":"publish","type":"product","link":"https:\/\/printagram.com\/es\/producto\/papel-exclusivo-para-cartas\/","title":{"rendered":"Papel exclusivo para cartas"},"content":{"rendered":"<p><strong>Membrete exclusivo en papel especial<\/strong>. Papel martillado Tintoretto de 140 g con textura marbell\u00ed. Impresi\u00f3n digital CMYK y las mejores t\u00e9cnicas de acabado. Gracias a esta mezcla de ingredientes y m\u00e9todos, producimos la mejor papeler\u00eda, membretes o membretes de prestigio. Los membretes elegantes resaltar\u00e1n el estatus y el prestigio de su propia correspondencia en las cartas que env\u00ede. Una hermosa hoja con un elegante logotipo brillante o en relieve en el membrete: este es el tipo de correspondencia que los destinatarios no dejan pasar indiferentes.<\/p>","protected":false},"excerpt":{"rendered":"<p>Correspondencia corporativa en papel exclusivo Tintoretto gesso o Tintoretto crema de 140 g. Impresi\u00f3n CMYK m\u00e1s hot stamping y relieve opcionales.<\/p>","protected":false},"featured_media":20749,"template":"","meta":{"_seopress_robots_primary_cat":"","_seopress_titles_title":"","_seopress_titles_desc":"","_seopress_robots_index":""},"product_brand":[],"product_cat":[299],"product_tag":[444,438,437,440],"class_list":{"0":"post-3450","1":"product","2":"type-product","3":"status-publish","4":"has-post-thumbnail","6":"product_cat-papeteria-papier-koperty","7":"product_tag-firma-biuro","8":"product_tag-hot-stamping","9":"product_tag-lakier-uv-selektywny","10":"product_tag-tloczenie-wypukle","12":"first","13":"instock","14":"taxable","15":"shipping-taxable","16":"purchasable","17":"product-type-simple"},"_links":{"self":[{"href":"https:\/\/printagram.com\/es\/wp-json\/wp\/v2\/product\/3450","targetHints":{"allow":["GET"]}}],"collection":[{"href":"https:\/\/printagram.com\/es\/wp-json\/wp\/v2\/product"}],"about":[{"href":"https:\/\/printagram.com\/es\/wp-json\/wp\/v2\/types\/product"}],"wp:featuredmedia":[{"embeddable":true,"href":"https:\/\/printagram.com\/es\/wp-json\/wp\/v2\/media\/20749"}],"wp:attachment":[{"href":"https:\/\/printagram.com\/es\/wp-json\/wp\/v2\/media?parent=3450"}],"wp:term":[{"taxonomy":"product_brand","embeddable":true,"href":"https:\/\/printagram.com\/es\/wp-json\/wp\/v2\/product_brand?post=3450"},{"taxonomy":"product_cat","embeddable":true,"href":"https:\/\/printagram.com\/es\/wp-json\/wp\/v2\/product_cat?post=3450"},{"taxonomy":"product_tag","embeddable":true,"href":"https:\/\/printagram.com\/es\/wp-json\/wp\/v2\/product_tag?post=3450"}],"curies":[{"name":"wp","href":"https:\/\/api.w.org\/{rel}","templated":true}]}}