{"id":33181,"date":"2024-01-12T14:27:08","date_gmt":"2024-01-12T13:27:08","guid":{"rendered":"https:\/\/printagram.com\/produkt\/voucher-wypukle-zlocenie-folia-soft-touch-2012-klucz-do-krainy-zdrowych-stawow-copy\/"},"modified":"2026-02-12T12:41:36","modified_gmt":"2026-02-12T11:41:36","slug":"voucher-kreda-zlocenie-srebrzenie-soft-touch-cmyk-2022-aurum-et-argentum","status":"publish","type":"product","link":"https:\/\/printagram.com\/es\/producto\/voucher-gilt-silvering-soft-touch-cmyk-2022-aurum-et-argentum-2\/","title":{"rendered":"Bonos DL \"Aurum Et Argentum\" ba\u00f1ados en oro\/plata #2022"},"content":{"rendered":"<p>Vales con efecto de relieve met\u00e1lico. Al tocar este producto da la impresi\u00f3n de metal l\u00edquido solidificado. Los brillantes colores met\u00e1licos reflejan claramente la luz y ya desde lejos dan la impresi\u00f3n de sobresalir y ser \u00fanicos.<\/p>\n<p class=\"szukasz\"><strong>\u00bfBusca otras opciones?<\/strong> Si lo desea, puede configurar los bonos de este tipo con todas las opciones posibles mediante la opci\u00f3n <a href=\"https:\/\/printagram.com\/es\/producto\/configurador-vales-lamina-metalica-elevada-y-barniz-uv-relieve\/\">Configurador de vales dorado y con relieve UV<\/a><\/p>","protected":false},"excerpt":{"rendered":"<p>Vales tama\u00f1o DL, peso 350, a todo color, plastificados con tacto suave (agradables al tacto). L\u00e1mina met\u00e1lica en relieve en color en el anverso <em><strong>oro o plata<\/strong><\/em>.<\/p>","protected":false},"featured_media":33115,"template":"","meta":{"_seopress_robots_primary_cat":"none","_seopress_titles_title":"","_seopress_titles_desc":"","_seopress_robots_index":""},"product_brand":[],"product_cat":[536],"product_tag":[447,434,446,445],"class_list":{"0":"post-33181","1":"product","2":"type-product","3":"status-publish","4":"has-post-thumbnail","6":"product_cat-vouchery-zlocone","7":"product_tag-eventy","8":"product_tag-metallic-3d-zlocenie","9":"product_tag-promowanie","10":"product_tag-sprzedaz-handel","12":"first","13":"instock","14":"taxable","15":"shipping-taxable","16":"purchasable","17":"product-type-simple"},"_links":{"self":[{"href":"https:\/\/printagram.com\/es\/wp-json\/wp\/v2\/product\/33181","targetHints":{"allow":["GET"]}}],"collection":[{"href":"https:\/\/printagram.com\/es\/wp-json\/wp\/v2\/product"}],"about":[{"href":"https:\/\/printagram.com\/es\/wp-json\/wp\/v2\/types\/product"}],"wp:featuredmedia":[{"embeddable":true,"href":"https:\/\/printagram.com\/es\/wp-json\/wp\/v2\/media\/33115"}],"wp:attachment":[{"href":"https:\/\/printagram.com\/es\/wp-json\/wp\/v2\/media?parent=33181"}],"wp:term":[{"taxonomy":"product_brand","embeddable":true,"href":"https:\/\/printagram.com\/es\/wp-json\/wp\/v2\/product_brand?post=33181"},{"taxonomy":"product_cat","embeddable":true,"href":"https:\/\/printagram.com\/es\/wp-json\/wp\/v2\/product_cat?post=33181"},{"taxonomy":"product_tag","embeddable":true,"href":"https:\/\/printagram.com\/es\/wp-json\/wp\/v2\/product_tag?post=33181"}],"curies":[{"name":"wp","href":"https:\/\/api.w.org\/{rel}","templated":true}]}}