{"id":30976,"date":"2023-10-12T15:43:03","date_gmt":"2023-10-12T13:43:03","guid":{"rendered":"https:\/\/printagram.com\/produkt\/probki-papieru-copy\/"},"modified":"2024-12-29T21:36:15","modified_gmt":"2024-12-29T20:36:15","slug":"probki-produktow-na-zyczenie","status":"publish","type":"product","link":"https:\/\/printagram.com\/es\/producto\/muestras-de-productos-a-peticion\/","title":{"rendered":"Muestras de productos a petici\u00f3n"},"content":{"rendered":"<p>Piense en qu\u00e9 tipo de productos le interesan para obtener las muestras m\u00e1s \u00fatiles. Para que sean muestras valiosas, intente especificar los colores, el tipo de papel y las t\u00e9cnicas que desea ver. As\u00ed obtendr\u00e1 los ejemplos m\u00e1s parecidos a los productos que le interesa encargar. Ser\u00e1n muestras de trabajos realizados anteriormente para otros clientes nuestros.<\/p>\n<p>Escriba en los comentarios de su pedido las muestras que desea recibir. Intentaremos preparar y enviarte hasta 5 de los ejemplos m\u00e1s representativos de lo que te interesa.<\/p>","protected":false},"excerpt":{"rendered":"<p>Muestras de productos que ilustren las materias primas y las t\u00e9cnicas que le interesan. Descr\u00edbalas en un comentario y prepararemos y enviaremos hasta 5 b\u00fasquedas de dichos ejemplos.<\/p>","protected":false},"featured_media":34194,"template":"","meta":{"_seopress_robots_primary_cat":"none","_seopress_titles_title":"","_seopress_titles_desc":"","_seopress_robots_index":""},"product_brand":[],"product_cat":[436],"product_tag":[],"class_list":{"0":"post-30976","1":"product","2":"type-product","3":"status-publish","4":"has-post-thumbnail","6":"product_cat-probki","7":"product_shipping_class-probki-plaskie","9":"first","10":"instock","11":"taxable","12":"shipping-taxable","13":"purchasable","14":"product-type-simple"},"_links":{"self":[{"href":"https:\/\/printagram.com\/es\/wp-json\/wp\/v2\/product\/30976","targetHints":{"allow":["GET"]}}],"collection":[{"href":"https:\/\/printagram.com\/es\/wp-json\/wp\/v2\/product"}],"about":[{"href":"https:\/\/printagram.com\/es\/wp-json\/wp\/v2\/types\/product"}],"wp:featuredmedia":[{"embeddable":true,"href":"https:\/\/printagram.com\/es\/wp-json\/wp\/v2\/media\/34194"}],"wp:attachment":[{"href":"https:\/\/printagram.com\/es\/wp-json\/wp\/v2\/media?parent=30976"}],"wp:term":[{"taxonomy":"product_brand","embeddable":true,"href":"https:\/\/printagram.com\/es\/wp-json\/wp\/v2\/product_brand?post=30976"},{"taxonomy":"product_cat","embeddable":true,"href":"https:\/\/printagram.com\/es\/wp-json\/wp\/v2\/product_cat?post=30976"},{"taxonomy":"product_tag","embeddable":true,"href":"https:\/\/printagram.com\/es\/wp-json\/wp\/v2\/product_tag?post=30976"}],"curies":[{"name":"wp","href":"https:\/\/api.w.org\/{rel}","templated":true}]}}