{"id":30971,"date":"2023-10-12T15:18:02","date_gmt":"2023-10-12T13:18:02","guid":{"rendered":"https:\/\/printagram.com\/produkt\/probki-papieru-copy\/"},"modified":"2025-09-19T23:42:30","modified_gmt":"2025-09-19T21:42:30","slug":"probki-kilku-wybranych-papierow","status":"publish","type":"product","link":"https:\/\/printagram.com\/es\/producto\/muestras-de-algunas-papeles-seleccionados\/","title":{"rendered":"Muestras de varios papeles decorativos seleccionados"},"content":{"rendered":"<p>\u00bfNo sabe qu\u00e9 papel elegir? Pida muestras.<br \/>\nElija algunos que desee ver, tocar e inspeccionar antes de realizar el pedido final de un producto exclusivo.<br \/>\nSi no est\u00e1 seguro de qu\u00e9 papel ser\u00e1 el mejor para sus prop\u00f3sitos, pida muestras. Puede especificar qu\u00e9 papeles desea probar \"en vivo\" y escribirlo en los comentarios. Elija hasta 5 muestras diferentes de toda la gama que ponemos a su disposici\u00f3n. Las prepararemos para usted y se las enviaremos.<\/p>","protected":false},"excerpt":{"rendered":"<ol>\n<li>Un juego de 5 muestras de papel decorativo a elegir.<\/li>\n<\/ol>","protected":false},"featured_media":34196,"template":"","meta":{"_seopress_robots_primary_cat":"none","_seopress_titles_title":"","_seopress_titles_desc":"","_seopress_robots_index":""},"product_brand":[],"product_cat":[436],"product_tag":[],"class_list":{"0":"post-30971","1":"product","2":"type-product","3":"status-publish","4":"has-post-thumbnail","6":"product_cat-probki","7":"product_shipping_class-probki-plaskie","9":"first","10":"instock","11":"taxable","12":"shipping-taxable","13":"purchasable","14":"product-type-simple"},"_links":{"self":[{"href":"https:\/\/printagram.com\/es\/wp-json\/wp\/v2\/product\/30971","targetHints":{"allow":["GET"]}}],"collection":[{"href":"https:\/\/printagram.com\/es\/wp-json\/wp\/v2\/product"}],"about":[{"href":"https:\/\/printagram.com\/es\/wp-json\/wp\/v2\/types\/product"}],"wp:featuredmedia":[{"embeddable":true,"href":"https:\/\/printagram.com\/es\/wp-json\/wp\/v2\/media\/34196"}],"wp:attachment":[{"href":"https:\/\/printagram.com\/es\/wp-json\/wp\/v2\/media?parent=30971"}],"wp:term":[{"taxonomy":"product_brand","embeddable":true,"href":"https:\/\/printagram.com\/es\/wp-json\/wp\/v2\/product_brand?post=30971"},{"taxonomy":"product_cat","embeddable":true,"href":"https:\/\/printagram.com\/es\/wp-json\/wp\/v2\/product_cat?post=30971"},{"taxonomy":"product_tag","embeddable":true,"href":"https:\/\/printagram.com\/es\/wp-json\/wp\/v2\/product_tag?post=30971"}],"curies":[{"name":"wp","href":"https:\/\/api.w.org\/{rel}","templated":true}]}}