{"id":30564,"date":"2023-10-01T21:59:17","date_gmt":"2023-10-01T19:59:17","guid":{"rendered":"https:\/\/printagram.com\/produkt\/metki-zawieszki-ekskluzywne-konfigurator-copy\/"},"modified":"2026-01-10T19:08:47","modified_gmt":"2026-01-10T18:08:47","slug":"vouchery-ekskluzywne-konfigurator","status":"publish","type":"product","link":"https:\/\/printagram.com\/es\/producto\/vales-exclusivos-configurador\/","title":{"rendered":"Vales exclusivos - configurador"},"content":{"rendered":"<p><strong>Tarjetas regalo, cheques regalo, vales<\/strong> son a veces un elemento inevitable en las estrategias y campa\u00f1as de marketing. Los bienes excepcionales y los servicios valiosos pueden ofrecerse a los clientes en forma de tarjeta, vale o bono. El propio cliente puede decidir en qu\u00e9 momento canjea el regalo, la recompensa o el servicio precomprado. Los productos que ofrecemos est\u00e1n pensados para clientes exigentes y se utilizan sobre todo para comercializar productos o servicios de primera calidad. El papel exclusivo, la impresi\u00f3n de calidad y los mejores m\u00e9todos de acabado ofrecen una alternativa de lujo para su programa de marketing o fidelizaci\u00f3n.<\/p>\n<h5>T\u00e9cnicas de impresi\u00f3n<\/h5>\n<p>Se pueden utilizar t\u00e9cnicas de impresi\u00f3n y acabado como multicapa (combinaci\u00f3n de papeles), la serigraf\u00eda, la impresi\u00f3n digital, el barniz UV, la estampaci\u00f3n en caliente (hot stamping), letterpress (efecto hundido) y golpe seco. Encontrar\u00e1 m\u00e1s informaci\u00f3n en <a href=\"https:\/\/printagram.com\/es\/impresion-y-acabado-2\/\">t\u00e9cnicas de impresi\u00f3n y acabado<\/a>.<\/p>\n<h5>Tipos de papel<\/h5>\n<p>Puede elegir el papel que desee para el cup\u00f3n. Las capas de papel se unen utilizando el t\u00edpico pegamento. No se pueden separar sin destruirlas.<\/p>\n<p>Funciona bien para promocionar nuevos servicios entre clientes existentes que quiz\u00e1 nunca hubieran decidido gastarse el dinero extra.<\/p>","protected":false},"excerpt":{"rendered":"<p>Cheques regalo o vales regalo. Puede utilizar todas las t\u00e9cnicas de impresi\u00f3n y acabado disponibles, como multicapa, bajo y alto relieve, hot stamping o el barniz UV.<\/p>","protected":false},"featured_media":22516,"template":"","meta":{"_seopress_robots_primary_cat":"none","_seopress_titles_title":"","_seopress_titles_desc":"","_seopress_robots_index":""},"product_brand":[],"product_cat":[280],"product_tag":[447,438,439,437,441,446,443,445,440],"class_list":{"0":"post-30564","1":"product","2":"type-product","3":"status-publish","4":"has-post-thumbnail","6":"product_cat-vouchery-bony","7":"product_tag-eventy","8":"product_tag-hot-stamping","9":"product_tag-kaszerowanie","10":"product_tag-lakier-uv-selektywny","11":"product_tag-letterpress","12":"product_tag-promowanie","13":"product_tag-sitodruk","14":"product_tag-sprzedaz-handel","15":"product_tag-tloczenie-wypukle","17":"first","18":"instock","19":"taxable","20":"shipping-taxable","21":"purchasable","22":"product-type-simple"},"_links":{"self":[{"href":"https:\/\/printagram.com\/es\/wp-json\/wp\/v2\/product\/30564","targetHints":{"allow":["GET"]}}],"collection":[{"href":"https:\/\/printagram.com\/es\/wp-json\/wp\/v2\/product"}],"about":[{"href":"https:\/\/printagram.com\/es\/wp-json\/wp\/v2\/types\/product"}],"wp:featuredmedia":[{"embeddable":true,"href":"https:\/\/printagram.com\/es\/wp-json\/wp\/v2\/media\/22516"}],"wp:attachment":[{"href":"https:\/\/printagram.com\/es\/wp-json\/wp\/v2\/media?parent=30564"}],"wp:term":[{"taxonomy":"product_brand","embeddable":true,"href":"https:\/\/printagram.com\/es\/wp-json\/wp\/v2\/product_brand?post=30564"},{"taxonomy":"product_cat","embeddable":true,"href":"https:\/\/printagram.com\/es\/wp-json\/wp\/v2\/product_cat?post=30564"},{"taxonomy":"product_tag","embeddable":true,"href":"https:\/\/printagram.com\/es\/wp-json\/wp\/v2\/product_tag?post=30564"}],"curies":[{"name":"wp","href":"https:\/\/api.w.org\/{rel}","templated":true}]}}