{"id":27973,"date":"2023-05-26T15:22:16","date_gmt":"2023-05-26T13:22:16","guid":{"rendered":"https:\/\/printagram.com\/produkt\/wizytowki-sirio-tela-foglia-stardream-fine-gold-hot-stamping-1053-zloty-magnat-copy\/"},"modified":"2026-01-30T13:08:18","modified_gmt":"2026-01-30T12:08:18","slug":"wizytowki-wild-white-sitodruk-letterpress-1054-plotno-projektanta","status":"publish","type":"product","link":"https:\/\/printagram.com\/es\/producto\/tarjetas-wild-white-serigrafia-letterpress-1054-canamazo-del-disenador\/","title":{"rendered":"Tarjetas de visita con tipograf\u00eda \"Ca\u00f1amazo del dise\u00f1ador\" #1054"},"content":{"rendered":"<p><strong><i>Relieve<\/i><\/strong> es el resaltado de cualquier elemento con una matriz preparada individualmente. Puede ser un logotipo, un texto, un adorno, etc.<br \/>\n<p>Encontrar\u00e1 m\u00e1s informaci\u00f3n en la p\u00e1gina sobre <a href=\"\/es\/category\/technologie\/\">t\u00e9cnicas de impresi\u00f3n y acabado<\/a>.<\/p>\n<p class=\"szukasz\"><strong>\u00bfBusca algo diferente?<\/strong> Si lo desea, puede configurar sus propias tarjetas de visita con todas las opciones posibles y cualquier papel utilizando la funci\u00f3n <a href=\"https:\/\/printagram.com\/es\/producto\/tarjetas-de-visita-exclusivas-configurador\/\">configurador de tarjetas de visita exclusivas<\/a>.<\/p>\n<\/p>","protected":false},"excerpt":{"rendered":"<p>Tarjeta de visita en papel de algod\u00f3n Wild white 450 g\/m2. Letterpress (bajo relieve) en el anverso. Impresi\u00f3n a 1 tinta en el anverso.<\/p>","protected":false},"featured_media":26904,"template":"","meta":{"_seopress_robots_primary_cat":"none","_seopress_titles_title":"","_seopress_titles_desc":"","_seopress_robots_index":""},"product_brand":[],"product_cat":[414],"product_tag":[444,448,441,446,443],"class_list":{"0":"post-27973","1":"product","2":"type-product","3":"status-publish","4":"has-post-thumbnail","6":"product_cat-wizytowki-tloczone","7":"product_tag-firma-biuro","8":"product_tag-konferencje-kursy-szkolenia","9":"product_tag-letterpress","10":"product_tag-promowanie","11":"product_tag-sitodruk","13":"first","14":"instock","15":"taxable","16":"shipping-taxable","17":"purchasable","18":"product-type-simple"},"_links":{"self":[{"href":"https:\/\/printagram.com\/es\/wp-json\/wp\/v2\/product\/27973","targetHints":{"allow":["GET"]}}],"collection":[{"href":"https:\/\/printagram.com\/es\/wp-json\/wp\/v2\/product"}],"about":[{"href":"https:\/\/printagram.com\/es\/wp-json\/wp\/v2\/types\/product"}],"wp:featuredmedia":[{"embeddable":true,"href":"https:\/\/printagram.com\/es\/wp-json\/wp\/v2\/media\/26904"}],"wp:attachment":[{"href":"https:\/\/printagram.com\/es\/wp-json\/wp\/v2\/media?parent=27973"}],"wp:term":[{"taxonomy":"product_brand","embeddable":true,"href":"https:\/\/printagram.com\/es\/wp-json\/wp\/v2\/product_brand?post=27973"},{"taxonomy":"product_cat","embeddable":true,"href":"https:\/\/printagram.com\/es\/wp-json\/wp\/v2\/product_cat?post=27973"},{"taxonomy":"product_tag","embeddable":true,"href":"https:\/\/printagram.com\/es\/wp-json\/wp\/v2\/product_tag?post=27973"}],"curies":[{"name":"wp","href":"https:\/\/api.w.org\/{rel}","templated":true}]}}