{"id":27868,"date":"2023-05-26T10:56:40","date_gmt":"2023-05-26T08:56:40","guid":{"rendered":"https:\/\/printagram.com\/produkt\/voucher-wypukle-zlocenie-folia-soft-touch-2014-niebieska-nieskonczonosc-copy-copy\/"},"modified":"2026-02-12T12:48:47","modified_gmt":"2026-02-12T11:48:47","slug":"voucher-dwie-warstwy-malmero-cedre-sitodruk-tloczenie-2016-voucher-jaki-jest-kazdy-widzi","status":"publish","type":"product","link":"https:\/\/printagram.com\/es\/producto\/vale-dos-capas-malmero-cedre-serigrafia-golpe-seco-2016-el-vale-tal-como-es-todo-el-mundo-puede-verlo\/","title":{"rendered":"Vales en relieve \"El vale tal como es, todo el mundo puede verlo\" #2016"},"content":{"rendered":"<p>Los cheques regalo son una herramienta estupenda para animar f\u00e1cilmente a los clientes a utilizar los servicios de una empresa.<br \/>\n<strong><i>Vales multicapas<\/i><\/strong> se componen de m\u00e1s de una capa de papel. Su principal caracter\u00edstica es que son m\u00e1s gruesos que los vales normales.<br \/>\n<strong><i>Relieve<\/i><\/strong> es el resaltado de cualquier elemento con una matriz preparada individualmente. Puede ser un logotipo, un texto, un adorno, etc.<br \/>\n<p>Encontrar\u00e1 m\u00e1s informaci\u00f3n en la p\u00e1gina sobre <a href=\"https:\/\/printagram.com\/es\/impresion-y-acabado-2\/\">t\u00e9cnicas de impresi\u00f3n y acabado<\/a>.<\/p>\n<p class=\"szukasz\"><strong>\u00bfBusca algo diferente?<\/strong> Si lo desea, puede configurar sus propios vales exclusivos con todas las opciones posibles y cualquier papel utilizando la funci\u00f3n <a href=\"https:\/\/printagram.com\/es\/producto\/vales-exclusivos-configurador\/\">configurador de vales exclusivos<\/a>.<\/p>\n<\/p>","protected":false},"excerpt":{"rendered":"<p>Bono de 2 capas de papel mate natural en anverso y reverso. Impresi\u00f3n con tinta de cualquier color en anverso y reverso. Golpe seco opcional.<\/p>","protected":false},"featured_media":26695,"template":"","meta":{"_seopress_robots_primary_cat":"","_seopress_titles_title":"","_seopress_titles_desc":"","_seopress_robots_index":""},"product_brand":[],"product_cat":[538],"product_tag":[447,441,446,443,445,440],"class_list":{"0":"post-27868","1":"product","2":"type-product","3":"status-publish","4":"has-post-thumbnail","6":"product_cat-vouchery-ekskluzywne","7":"product_tag-eventy","8":"product_tag-letterpress","9":"product_tag-promowanie","10":"product_tag-sitodruk","11":"product_tag-sprzedaz-handel","12":"product_tag-tloczenie-wypukle","14":"first","15":"instock","16":"taxable","17":"shipping-taxable","18":"purchasable","19":"product-type-simple"},"_links":{"self":[{"href":"https:\/\/printagram.com\/es\/wp-json\/wp\/v2\/product\/27868","targetHints":{"allow":["GET"]}}],"collection":[{"href":"https:\/\/printagram.com\/es\/wp-json\/wp\/v2\/product"}],"about":[{"href":"https:\/\/printagram.com\/es\/wp-json\/wp\/v2\/types\/product"}],"wp:featuredmedia":[{"embeddable":true,"href":"https:\/\/printagram.com\/es\/wp-json\/wp\/v2\/media\/26695"}],"wp:attachment":[{"href":"https:\/\/printagram.com\/es\/wp-json\/wp\/v2\/media?parent=27868"}],"wp:term":[{"taxonomy":"product_brand","embeddable":true,"href":"https:\/\/printagram.com\/es\/wp-json\/wp\/v2\/product_brand?post=27868"},{"taxonomy":"product_cat","embeddable":true,"href":"https:\/\/printagram.com\/es\/wp-json\/wp\/v2\/product_cat?post=27868"},{"taxonomy":"product_tag","embeddable":true,"href":"https:\/\/printagram.com\/es\/wp-json\/wp\/v2\/product_tag?post=27868"}],"curies":[{"name":"wp","href":"https:\/\/api.w.org\/{rel}","templated":true}]}}