{"id":27388,"date":"2023-05-23T12:17:14","date_gmt":"2023-05-23T10:17:14","guid":{"rendered":"https:\/\/printagram.com\/produkt\/wizytowki-wild-white-letterpress-czarny-sitodruk-1047-nakarm-swoj-biznes-copy-copy\/"},"modified":"2025-01-26T20:19:53","modified_gmt":"2025-01-26T19:19:53","slug":"wizytowki-dainel-charbon-zloty-hot-stamping-1049-czystosc-z-klasa","status":"publish","type":"product","link":"https:\/\/printagram.com\/es\/producto\/business-card-dainel-charbon-gold-hot-stamping-1049-limpieza-con-clase\/","title":{"rendered":"Tarjetas de visita con estampaci\u00f3n en caliente \"Limpieza con clase\" #1049"},"content":{"rendered":"<p><strong><i>Hot-stamping<\/i><\/strong> es una l\u00e1mina estampada en caliente que contrasta perfectamente con la superficie de la tarjeta de visita, creando un atractivo efecto visual.<br \/>\n<p>Encontrar\u00e1 m\u00e1s informaci\u00f3n en la p\u00e1gina sobre <a href=\"\/es\/category\/technologie\/\">t\u00e9cnicas de impresi\u00f3n y acabado<\/a>.<\/p>\n<p class=\"szukasz\"><strong>\u00bfBusca algo diferente?<\/strong> Si lo desea, puede configurar sus propias tarjetas de visita con todas las opciones posibles y cualquier papel utilizando la funci\u00f3n <a href=\"https:\/\/printagram.com\/es\/producto\/tarjetas-de-visita-exclusivas-configurador\/\">configurador de tarjetas de visita exclusivas<\/a>.<\/p>\n<\/p>","protected":false},"excerpt":{"rendered":"<p>Tarjeta de visita en papel aterciopelado (superficie de ante por una cara y lisa mate por la otra). Estampaci\u00f3n en caliente en cualquier color en el anverso y el reverso.<\/p>","protected":false},"featured_media":26935,"template":"","meta":{"_seopress_robots_primary_cat":"","_seopress_titles_title":"","_seopress_titles_desc":"","_seopress_robots_index":""},"product_brand":[],"product_cat":[413],"product_tag":[444,438,448,446],"class_list":{"0":"post-27388","1":"product","2":"type-product","3":"status-publish","4":"has-post-thumbnail","6":"product_cat-wizytowki-hot-stamping","7":"product_tag-firma-biuro","8":"product_tag-hot-stamping","9":"product_tag-konferencje-kursy-szkolenia","10":"product_tag-promowanie","12":"first","13":"instock","14":"taxable","15":"shipping-taxable","16":"purchasable","17":"product-type-simple"},"_links":{"self":[{"href":"https:\/\/printagram.com\/es\/wp-json\/wp\/v2\/product\/27388","targetHints":{"allow":["GET"]}}],"collection":[{"href":"https:\/\/printagram.com\/es\/wp-json\/wp\/v2\/product"}],"about":[{"href":"https:\/\/printagram.com\/es\/wp-json\/wp\/v2\/types\/product"}],"wp:featuredmedia":[{"embeddable":true,"href":"https:\/\/printagram.com\/es\/wp-json\/wp\/v2\/media\/26935"}],"wp:attachment":[{"href":"https:\/\/printagram.com\/es\/wp-json\/wp\/v2\/media?parent=27388"}],"wp:term":[{"taxonomy":"product_brand","embeddable":true,"href":"https:\/\/printagram.com\/es\/wp-json\/wp\/v2\/product_brand?post=27388"},{"taxonomy":"product_cat","embeddable":true,"href":"https:\/\/printagram.com\/es\/wp-json\/wp\/v2\/product_cat?post=27388"},{"taxonomy":"product_tag","embeddable":true,"href":"https:\/\/printagram.com\/es\/wp-json\/wp\/v2\/product_tag?post=27388"}],"curies":[{"name":"wp","href":"https:\/\/api.w.org\/{rel}","templated":true}]}}