{"id":25774,"date":"2023-05-12T14:04:47","date_gmt":"2023-05-12T12:04:47","guid":{"rendered":"https:\/\/printagram.com\/produkt\/wizytowki-sirio-black-sitodruk-bialy-tloczenie-1031-nutka-profesjonalizmu-copy\/"},"modified":"2025-01-26T20:04:02","modified_gmt":"2025-01-26T19:04:02","slug":"wizytowki-lakier-wypukly-uv-soft-touch-1032-speedy-gonazales","status":"publish","type":"product","link":"https:\/\/printagram.com\/es\/producto\/tarjetas-de-visita-barniz-uv-convexo-soft-touch-1032-speedy-gonazales\/","title":{"rendered":"Tarjetas de visita con barniz UV \"Speedy Gonzales\" #1032"},"content":{"rendered":"<p>Tarjetas de visita a todo color con elementos de dise\u00f1o cubiertos con un barniz transparente en relieve. El barniz UV da brillo a los elementos destacados de la tarjeta de visita (por ejemplo, el logotipo). Los objetos recubiertos aparecen como \"pintados\" con pintura gruesa, pl\u00e1stica y brillante. Los rayos de luz que se reflejan resaltan el relieve, que puede percibirse f\u00e1cilmente. Al tacto, lo resbaladizo y liso del barniz UV contrasta con la aterciopelada superficie \"blanda\" del papel recubierto con pel\u00edcula soft-touch.<\/p>\n<p class=\"szukasz\"><strong>\u00bfBusca otras opciones?<\/strong> Si lo desea, puede configurar sus propias tarjetas de visita de este tipo con todas las opciones posibles utilizando la funci\u00f3n <a href=\"https:\/\/printagram.com\/es\/producto\/configurador-tarjetas-de-visita-barniz-uv-en-relieve\/\">Configurador de tarjetas de visita con relieve UV<\/a><\/p>\n<h5>Barnizado selectivo UV<\/h5>\n<p>El barniz aplicado sobre una superficie mate hace que los elementos seleccionados, como logotipos, gr\u00e1ficos, nombres, etc., brillen y queden bien resaltados. Tambi\u00e9n es posible crear nuevos elementos gr\u00e1ficos visibles desde el \u00e1ngulo adecuado para enriquecer el dise\u00f1o. Esto permite utilizar fondos lacados, \"marcas de agua\", motivos, texturas, etc. Puede leer m\u00e1s sobre la t\u00e9cnica en <a href=\"https:\/\/printagram.com\/es\/barniz-uv-sectorizado\/\">art\u00edculo sobre barnizado UV<\/a>.<\/p>","protected":false},"excerpt":{"rendered":"<p>350 tarjetas de visita, a todo color, de tacto suave (agradable al tacto) o plastificadas mate. En el anverso <em><strong>Barniz UV convexo<\/strong><\/em>.<\/p>","protected":false},"featured_media":26005,"template":"","meta":{"_seopress_robots_primary_cat":"","_seopress_titles_title":"","_seopress_titles_desc":"","_seopress_robots_index":""},"product_brand":[],"product_cat":[412],"product_tag":[444,448,437,446],"class_list":{"0":"post-25774","1":"product","2":"type-product","3":"status-publish","4":"has-post-thumbnail","6":"product_cat-wizytowki-lakier-uv","7":"product_tag-firma-biuro","8":"product_tag-konferencje-kursy-szkolenia","9":"product_tag-lakier-uv-selektywny","10":"product_tag-promowanie","12":"first","13":"instock","14":"taxable","15":"shipping-taxable","16":"purchasable","17":"product-type-simple"},"_links":{"self":[{"href":"https:\/\/printagram.com\/es\/wp-json\/wp\/v2\/product\/25774","targetHints":{"allow":["GET"]}}],"collection":[{"href":"https:\/\/printagram.com\/es\/wp-json\/wp\/v2\/product"}],"about":[{"href":"https:\/\/printagram.com\/es\/wp-json\/wp\/v2\/types\/product"}],"wp:featuredmedia":[{"embeddable":true,"href":"https:\/\/printagram.com\/es\/wp-json\/wp\/v2\/media\/26005"}],"wp:attachment":[{"href":"https:\/\/printagram.com\/es\/wp-json\/wp\/v2\/media?parent=25774"}],"wp:term":[{"taxonomy":"product_brand","embeddable":true,"href":"https:\/\/printagram.com\/es\/wp-json\/wp\/v2\/product_brand?post=25774"},{"taxonomy":"product_cat","embeddable":true,"href":"https:\/\/printagram.com\/es\/wp-json\/wp\/v2\/product_cat?post=25774"},{"taxonomy":"product_tag","embeddable":true,"href":"https:\/\/printagram.com\/es\/wp-json\/wp\/v2\/product_tag?post=25774"}],"curies":[{"name":"wp","href":"https:\/\/api.w.org\/{rel}","templated":true}]}}