{"id":25731,"date":"2023-05-12T12:10:42","date_gmt":"2023-05-12T10:10:42","guid":{"rendered":"https:\/\/printagram.com\/produkt\/certyfikat-ukonczenia-szkolenia-zlocony-soft-touch-4015-znak-zasluzonego-zawodowca-copy\/"},"modified":"2025-03-10T14:30:08","modified_gmt":"2025-03-10T13:30:08","slug":"zaproszenia-slubne-wypukle-zloto-soft-touch-6001-zaproszenia-piekne-jak-panna-mloda","status":"publish","type":"product","link":"https:\/\/printagram.com\/es\/producto\/invitaciones-de-boda-relieve-gold-6001-invitaciones-hermosas-como-una-novia\/","title":{"rendered":"Invitaciones de boda doradas \"Invitaciones bellas como los novios\" #6001"},"content":{"rendered":"<p>Invitaciones con efecto de relieve met\u00e1lico. Al tocar un producto as\u00ed, se tiene la impresi\u00f3n de metal l\u00edquido solidificado. Los brillantes colores met\u00e1licos reflejan claramente la luz y ya desde lejos dan la impresi\u00f3n de convexidad y singularidad.<br \/>\n<h5>Dorado convexo<\/h5>\n<p><em>L\u00e1mina met\u00e1lica en relieve<\/em>. Esta t\u00e9cnica consiste en la aplicaci\u00f3n sin matriz de una l\u00e1mina metalizada. Utilizando rodillos de presi\u00f3n muy fuertes, se aplica sobre toda la superficie. La l\u00e1mina metalizada s\u00f3lo se adhiere al material especial convexo, dando un bello efecto de una gruesa capa convexa de oro, plata u otro color. Puede leer m\u00e1s sobre esta t\u00e9cnica en <a href=\"https:\/\/printagram.com\/es\/dorado-convexo\/\">art\u00edculo sobre el dorado en relieve<\/a>.<\/p>\n<\/p>","protected":false},"excerpt":{"rendered":"<p>Invitaciones tama\u00f1o A6, peso 350, a todo color, plastificadas con tacto suave (agradables al tacto). L\u00e1mina met\u00e1lica convexa de cualquier color en el anverso. Personalizaci\u00f3n opcional con l\u00e1mina, es decir, impresi\u00f3n de los nombres de las personas invitadas. <i>(*S\u00f3lo imprimimos nombres con la t\u00e9cnica tradicional, no con l\u00e1mina met\u00e1lica).<\/i><\/p>","protected":false},"featured_media":25945,"template":"","meta":{"_seopress_robots_primary_cat":"none","_seopress_titles_title":"","_seopress_titles_desc":"","_seopress_robots_index":""},"product_brand":[],"product_cat":[305],"product_tag":[447,434],"class_list":{"0":"post-25731","1":"product","2":"type-product","3":"status-publish","4":"has-post-thumbnail","6":"product_cat-zaproszenia","7":"product_tag-eventy","8":"product_tag-metallic-3d-zlocenie","10":"first","11":"instock","12":"taxable","13":"shipping-taxable","14":"purchasable","15":"product-type-simple"},"_links":{"self":[{"href":"https:\/\/printagram.com\/es\/wp-json\/wp\/v2\/product\/25731","targetHints":{"allow":["GET"]}}],"collection":[{"href":"https:\/\/printagram.com\/es\/wp-json\/wp\/v2\/product"}],"about":[{"href":"https:\/\/printagram.com\/es\/wp-json\/wp\/v2\/types\/product"}],"wp:featuredmedia":[{"embeddable":true,"href":"https:\/\/printagram.com\/es\/wp-json\/wp\/v2\/media\/25945"}],"wp:attachment":[{"href":"https:\/\/printagram.com\/es\/wp-json\/wp\/v2\/media?parent=25731"}],"wp:term":[{"taxonomy":"product_brand","embeddable":true,"href":"https:\/\/printagram.com\/es\/wp-json\/wp\/v2\/product_brand?post=25731"},{"taxonomy":"product_cat","embeddable":true,"href":"https:\/\/printagram.com\/es\/wp-json\/wp\/v2\/product_cat?post=25731"},{"taxonomy":"product_tag","embeddable":true,"href":"https:\/\/printagram.com\/es\/wp-json\/wp\/v2\/product_tag?post=25731"}],"curies":[{"name":"wp","href":"https:\/\/api.w.org\/{rel}","templated":true}]}}