{"id":25644,"date":"2023-05-12T09:53:36","date_gmt":"2023-05-12T07:53:36","guid":{"rendered":"https:\/\/printagram.com\/produkt\/voucher-miedzine-zlocenie-soft-touch-klinika-medycyny-estetycznej-4010-mlodosc-na-zadanie-copy-copy\/"},"modified":"2026-01-12T12:22:29","modified_gmt":"2026-01-12T11:22:29","slug":"certyfikat-wypukly-lakier-uv-soft-touch-makijaz-szkolenie-4011-mistrzowski-dyplom-upiekszania","status":"publish","type":"product","link":"https:\/\/printagram.com\/es\/producto\/certificado-universitario-formacion-soft-touch-make-up-4011-master-diploma-de-embellecimiento-2\/","title":{"rendered":"Certificados con barniz UV convexo \"Diploma de Maestr\u00eda en Embellecimiento\" #4011"},"content":{"rendered":"<p>Certificados con elementos de dise\u00f1o recubiertos de un barniz transparente en relieve. El barniz UV da brillo a los elementos destacados (por ejemplo, el logotipo). Los objetos recubiertos parecen como si hubieran sido \"pintados\" con pintura gruesa, pl\u00e1stica y brillante. Al reflejarse, los rayos de luz resaltan el relieve, que es f\u00e1cil de sentir. Al tacto, lo resbaladizo y liso del barniz UV contrasta con la aterciopelada superficie \"blanda\" del papel plastificado soft-touch.<\/p>\n<p class=\"szukasz\"><strong>\u00bfBusca otras opciones?<\/strong> Si lo desea, puede configurar certificados de este tipo con todas las opciones posibles mediante la opci\u00f3n <a href=\"https:\/\/printagram.com\/es\/producto\/configurador-certificados-diplomas-dorados-barniz-uv-relieve\/\">configurador de certificados y diplomas dorados y con barniz UV<\/a><\/p>\n<h5>Barnizado selectivo UV<\/h5>\n<p>El barniz aplicado sobre una superficie mate hace que los elementos seleccionados, como logotipos, gr\u00e1ficos, nombres, etc., brillen y queden bien resaltados. Tambi\u00e9n es posible crear nuevos elementos gr\u00e1ficos visibles desde el \u00e1ngulo adecuado para enriquecer el dise\u00f1o. Esto permite utilizar fondos lacados, \"marcas de agua\", motivos, texturas, etc. Puede leer m\u00e1s sobre la t\u00e9cnica en <a href=\"https:\/\/printagram.com\/es\/barniz-uv-sectorizado\/\">art\u00edculo sobre barnizado UV<\/a>.<\/p>","protected":false},"excerpt":{"rendered":"<p>Certificados de diplomas A4, peso 350, a todo color, plastificados soft-touch (agradables al tacto). Barniz UV convexo en el anverso.<\/p>","protected":false},"featured_media":25927,"template":"","meta":{"_seopress_robots_primary_cat":"","_seopress_titles_title":"","_seopress_titles_desc":"","_seopress_robots_index":""},"product_brand":[],"product_cat":[425],"product_tag":[447,448,437],"class_list":{"0":"post-25644","1":"product","2":"type-product","3":"status-publish","4":"has-post-thumbnail","6":"product_cat-certyfikaty-dyplomy","7":"product_tag-eventy","8":"product_tag-konferencje-kursy-szkolenia","9":"product_tag-lakier-uv-selektywny","11":"first","12":"instock","13":"taxable","14":"shipping-taxable","15":"purchasable","16":"product-type-simple"},"_links":{"self":[{"href":"https:\/\/printagram.com\/es\/wp-json\/wp\/v2\/product\/25644","targetHints":{"allow":["GET"]}}],"collection":[{"href":"https:\/\/printagram.com\/es\/wp-json\/wp\/v2\/product"}],"about":[{"href":"https:\/\/printagram.com\/es\/wp-json\/wp\/v2\/types\/product"}],"wp:featuredmedia":[{"embeddable":true,"href":"https:\/\/printagram.com\/es\/wp-json\/wp\/v2\/media\/25927"}],"wp:attachment":[{"href":"https:\/\/printagram.com\/es\/wp-json\/wp\/v2\/media?parent=25644"}],"wp:term":[{"taxonomy":"product_brand","embeddable":true,"href":"https:\/\/printagram.com\/es\/wp-json\/wp\/v2\/product_brand?post=25644"},{"taxonomy":"product_cat","embeddable":true,"href":"https:\/\/printagram.com\/es\/wp-json\/wp\/v2\/product_cat?post=25644"},{"taxonomy":"product_tag","embeddable":true,"href":"https:\/\/printagram.com\/es\/wp-json\/wp\/v2\/product_tag?post=25644"}],"curies":[{"name":"wp","href":"https:\/\/api.w.org\/{rel}","templated":true}]}}