{"id":25643,"date":"2023-05-12T09:53:25","date_gmt":"2023-05-12T07:53:25","guid":{"rendered":"https:\/\/printagram.com\/produkt\/voucher-miedzine-zlocenie-soft-touch-klinika-medycyny-estetycznej-4010-mlodosc-na-zadanie-copy\/"},"modified":"2025-11-26T16:23:57","modified_gmt":"2025-11-26T15:23:57","slug":"kartka-swiateczna-zlocenie-wypukla-czerwona-folia-soft-touch-3013-swiateczny-wyslannik","status":"publish","type":"product","link":"https:\/\/printagram.com\/es\/producto\/tarjeta-de-navidad-relieve-dorado-lamina-roja-soft-touch-3013-mensajero-de-navidad\/","title":{"rendered":"Tarjetas de Navidad doradas \"Christmas Messenger\" #3013"},"content":{"rendered":"<p>Elegantes tarjetas de Navidad para clientes, impresas en resistente papel de pizarra de 350 g. Gracias a la impresi\u00f3n digital CMYK, los colores son vibrantes y profundos, y la l\u00e1mina de doble cara de tacto suave da un acabado agradable al tacto.<\/p>\n<p>El dorado en relieve y la l\u00e1mina roja brillante en ambas caras realzan el ambiente festivo, a\u00f1adiendo un toque lujoso a las tarjetas. La forma perfecta de transmitir sus deseos de una forma \u00fanica.<\/p>","protected":false},"excerpt":{"rendered":"<div class=\"woocommerce-product-details__short-description\">\n<p>Tarjeta de Navidad plegada en formato A6. Plastificada a todo color y de tacto suave (agradable al tacto) por ambas caras. L\u00e1mina met\u00e1lica en relieve de cualquier color en el anverso. L\u00e1mina met\u00e1lica en relieve opcional tambi\u00e9n en el reverso. Barniz UV convexo opcional en el anverso y el reverso.<\/p>\n<\/div>","protected":false},"featured_media":25934,"template":"","meta":{"_seopress_robots_primary_cat":"","_seopress_titles_title":"","_seopress_titles_desc":"","_seopress_robots_index":""},"product_brand":[],"product_cat":[308],"product_tag":[447,437,434,446],"class_list":{"0":"post-25643","1":"product","2":"type-product","3":"status-publish","4":"has-post-thumbnail","6":"product_cat-pocztowki-karnety","7":"product_tag-eventy","8":"product_tag-lakier-uv-selektywny","9":"product_tag-metallic-3d-zlocenie","10":"product_tag-promowanie","12":"first","13":"instock","14":"taxable","15":"shipping-taxable","16":"purchasable","17":"product-type-simple"},"_links":{"self":[{"href":"https:\/\/printagram.com\/es\/wp-json\/wp\/v2\/product\/25643","targetHints":{"allow":["GET"]}}],"collection":[{"href":"https:\/\/printagram.com\/es\/wp-json\/wp\/v2\/product"}],"about":[{"href":"https:\/\/printagram.com\/es\/wp-json\/wp\/v2\/types\/product"}],"wp:featuredmedia":[{"embeddable":true,"href":"https:\/\/printagram.com\/es\/wp-json\/wp\/v2\/media\/25934"}],"wp:attachment":[{"href":"https:\/\/printagram.com\/es\/wp-json\/wp\/v2\/media?parent=25643"}],"wp:term":[{"taxonomy":"product_brand","embeddable":true,"href":"https:\/\/printagram.com\/es\/wp-json\/wp\/v2\/product_brand?post=25643"},{"taxonomy":"product_cat","embeddable":true,"href":"https:\/\/printagram.com\/es\/wp-json\/wp\/v2\/product_cat?post=25643"},{"taxonomy":"product_tag","embeddable":true,"href":"https:\/\/printagram.com\/es\/wp-json\/wp\/v2\/product_tag?post=25643"}],"curies":[{"name":"wp","href":"https:\/\/api.w.org\/{rel}","templated":true}]}}