{"id":25475,"date":"2023-05-11T15:12:05","date_gmt":"2023-05-11T13:12:05","guid":{"rendered":"https:\/\/printagram.com\/produkt\/koperty-ekskluzywne-copy\/"},"modified":"2025-01-26T19:50:21","modified_gmt":"2025-01-26T18:50:21","slug":"koperty-dl-planet-eco-birch-zloty-hot-stamping-3012-ziemia-i-zloto","status":"publish","type":"product","link":"https:\/\/printagram.com\/es\/producto\/sobres-dl-abedul-dorado-caliente-3012-tierra-y-oro\/","title":{"rendered":"Sobres exclusivos \"Tierra y Oro\" #3012"},"content":{"rendered":"<p><strong>Sobres exclusivos en papel decorativo<\/strong>. Un papel exclusivo, una impresi\u00f3n de calidad y los mejores m\u00e9todos de acabado le proporcionar\u00e1n los sobres m\u00e1s lujosos para su correspondencia, invitaciones, vales, bonos o para hacer otros regalos valiosos. Existen varios formatos populares ya preparados, como DL, C6, C5, pero tambi\u00e9n es posible producir sobres en tama\u00f1os y formas no est\u00e1ndar.<\/p>","protected":false},"excerpt":{"rendered":"<p>Sobre DL exclusivo con cierre decorativo tipo 3. Hot stamping en cualquier color. Impresi\u00f3n opcional con tinta de cualquier color.<\/p>","protected":false},"featured_media":25930,"template":"","meta":{"_seopress_robots_primary_cat":"","_seopress_titles_title":"","_seopress_titles_desc":"","_seopress_robots_index":""},"product_brand":[],"product_cat":[299],"product_tag":[444,438,446,443],"class_list":{"0":"post-25475","1":"product","2":"type-product","3":"status-publish","4":"has-post-thumbnail","6":"product_cat-papeteria-papier-koperty","7":"product_tag-firma-biuro","8":"product_tag-hot-stamping","9":"product_tag-promowanie","10":"product_tag-sitodruk","12":"first","13":"instock","14":"taxable","15":"shipping-taxable","16":"purchasable","17":"product-type-simple"},"_links":{"self":[{"href":"https:\/\/printagram.com\/es\/wp-json\/wp\/v2\/product\/25475","targetHints":{"allow":["GET"]}}],"collection":[{"href":"https:\/\/printagram.com\/es\/wp-json\/wp\/v2\/product"}],"about":[{"href":"https:\/\/printagram.com\/es\/wp-json\/wp\/v2\/types\/product"}],"wp:featuredmedia":[{"embeddable":true,"href":"https:\/\/printagram.com\/es\/wp-json\/wp\/v2\/media\/25930"}],"wp:attachment":[{"href":"https:\/\/printagram.com\/es\/wp-json\/wp\/v2\/media?parent=25475"}],"wp:term":[{"taxonomy":"product_brand","embeddable":true,"href":"https:\/\/printagram.com\/es\/wp-json\/wp\/v2\/product_brand?post=25475"},{"taxonomy":"product_cat","embeddable":true,"href":"https:\/\/printagram.com\/es\/wp-json\/wp\/v2\/product_cat?post=25475"},{"taxonomy":"product_tag","embeddable":true,"href":"https:\/\/printagram.com\/es\/wp-json\/wp\/v2\/product_tag?post=25475"}],"curies":[{"name":"wp","href":"https:\/\/api.w.org\/{rel}","templated":true}]}}