{"id":25412,"date":"2023-05-11T14:25:42","date_gmt":"2023-05-11T12:25:42","guid":{"rendered":"https:\/\/printagram.com\/produkt\/certyfikaty-zlote-wypukle-zlociste-dowody-wiedzy-kosmetycznej-4003-copy\/"},"modified":"2026-01-12T12:20:21","modified_gmt":"2026-01-12T11:20:21","slug":"certyfikat-zlocenie-wypukle-soft-touch-makijaz-szkolenie-4009-certyfikart","status":"publish","type":"product","link":"https:\/\/printagram.com\/es\/producto\/certificado-dorado-soft-touch-make-up-training-4009-certificateart-2\/","title":{"rendered":"Certificados convexos dorados \"CertArt \" #4009"},"content":{"rendered":"<p>Certificados con efecto de relieve met\u00e1lico. Al tocar este producto, se tiene la impresi\u00f3n de metal l\u00edquido solidificado. Los brillantes colores met\u00e1licos reflejan claramente la luz y ya desde lejos dan la impresi\u00f3n de sobresalir y ser \u00fanicos.<\/p>\n<p class=\"szukasz\"><strong>\u00bfBusca otras opciones?<\/strong> Si lo desea, puede configurar los certificados o diplomas de este tipo con todas las opciones posibles mediante la opci\u00f3n <a href=\"https:\/\/printagram.com\/es\/producto\/configurador-certificados-diplomas-dorados-barniz-uv-relieve\/\">configurador de certificados y diplomas dorados y con barniz UV<\/a><\/p>\n<h5>Dorado convexo<\/h5>\n<p><em>L\u00e1mina met\u00e1lica en relieve<\/em>. Esta t\u00e9cnica consiste en la aplicaci\u00f3n sin matriz de una l\u00e1mina metalizada. Utilizando rodillos de presi\u00f3n muy fuertes, se aplica sobre toda la superficie. La l\u00e1mina metalizada s\u00f3lo se adhiere al material especial convexo, dando un bello efecto de una gruesa capa convexa de oro, plata u otro color. Puede leer m\u00e1s sobre esta t\u00e9cnica en <a href=\"https:\/\/printagram.com\/es\/dorado-convexo\/\">art\u00edculo sobre el dorado en relieve<\/a>.<\/p>","protected":false},"excerpt":{"rendered":"<p>Certificados de diplomas A4, peso 350, a todo color, plastificados con tacto suave (agradables al tacto). L\u00e1mina met\u00e1lica dorada en relieve en el anverso.<\/p>","protected":false},"featured_media":25177,"template":"","meta":{"_seopress_robots_primary_cat":"","_seopress_titles_title":"","_seopress_titles_desc":"","_seopress_robots_index":""},"product_brand":[],"product_cat":[425],"product_tag":[447,448,434],"class_list":{"0":"post-25412","1":"product","2":"type-product","3":"status-publish","4":"has-post-thumbnail","6":"product_cat-certyfikaty-dyplomy","7":"product_tag-eventy","8":"product_tag-konferencje-kursy-szkolenia","9":"product_tag-metallic-3d-zlocenie","11":"first","12":"instock","13":"taxable","14":"shipping-taxable","15":"purchasable","16":"product-type-simple"},"_links":{"self":[{"href":"https:\/\/printagram.com\/es\/wp-json\/wp\/v2\/product\/25412","targetHints":{"allow":["GET"]}}],"collection":[{"href":"https:\/\/printagram.com\/es\/wp-json\/wp\/v2\/product"}],"about":[{"href":"https:\/\/printagram.com\/es\/wp-json\/wp\/v2\/types\/product"}],"wp:featuredmedia":[{"embeddable":true,"href":"https:\/\/printagram.com\/es\/wp-json\/wp\/v2\/media\/25177"}],"wp:attachment":[{"href":"https:\/\/printagram.com\/es\/wp-json\/wp\/v2\/media?parent=25412"}],"wp:term":[{"taxonomy":"product_brand","embeddable":true,"href":"https:\/\/printagram.com\/es\/wp-json\/wp\/v2\/product_brand?post=25412"},{"taxonomy":"product_cat","embeddable":true,"href":"https:\/\/printagram.com\/es\/wp-json\/wp\/v2\/product_cat?post=25412"},{"taxonomy":"product_tag","embeddable":true,"href":"https:\/\/printagram.com\/es\/wp-json\/wp\/v2\/product_tag?post=25412"}],"curies":[{"name":"wp","href":"https:\/\/api.w.org\/{rel}","templated":true}]}}