{"id":25020,"date":"2023-05-08T11:45:13","date_gmt":"2023-05-08T09:45:13","guid":{"rendered":"https:\/\/printagram.com\/?post_type=product&#038;p=25020"},"modified":"2025-01-26T19:39:31","modified_gmt":"2025-01-26T18:39:31","slug":"konfigurator-certyfikaty-dyplomy-zlocone-lakier-uv","status":"publish","type":"product","link":"https:\/\/printagram.com\/es\/producto\/configurador-certificados-diplomas-dorados-barniz-uv-relieve\/","title":{"rendered":"Configurador - Certificados dorados + barniz UV relieve"},"content":{"rendered":"<p>Certificados y diplomas con efecto de relieve met\u00e1lico y barniz UV. Al tocar este producto, se tiene la impresi\u00f3n de metal l\u00edquido solidificado. Los brillantes colores met\u00e1licos reflejan claramente la luz y ya desde lejos dan la impresi\u00f3n de sobresalir y ser \u00fanicos.<br \/>\nEl barniz UV a\u00f1ade brillo a los elementos resaltados. Los objetos cubiertos con \u00e9l parecen como si hubieran sido \"pintados\" con pintura gruesa, pl\u00e1stica y brillante. El reflejo de los rayos de luz acent\u00faa la convexidad, que es f\u00e1cil de sentir. Al tacto, el car\u00e1cter resbaladizo y liso del barniz UV contrasta con la superficie aterciopelada y \"suave\" del papel recubierto con l\u00e1mina soft-touch.<\n\n<h5>Dorado convexo<\/h5>\n<p><em>L\u00e1mina met\u00e1lica en relieve<\/em>. Esta t\u00e9cnica consiste en la aplicaci\u00f3n sin matriz de una l\u00e1mina metalizada. Utilizando rodillos de presi\u00f3n muy fuertes, se aplica sobre toda la superficie. La l\u00e1mina metalizada s\u00f3lo se adhiere al material especial convexo, dando un bello efecto de una gruesa capa convexa de oro, plata u otro color. Puede leer m\u00e1s sobre esta t\u00e9cnica en <a href=\"https:\/\/printagram.com\/es\/dorado-convexo\/\">art\u00edculo sobre el dorado en relieve<\/a>.<\/p>\n\n<h5>Barnizado selectivo UV<\/h5>\n<p>El barniz aplicado sobre una superficie mate hace que los elementos seleccionados, como logotipos, gr\u00e1ficos, nombres, etc., brillen y queden bien resaltados. Tambi\u00e9n es posible crear nuevos elementos gr\u00e1ficos visibles desde el \u00e1ngulo adecuado para enriquecer el dise\u00f1o. Esto permite utilizar fondos lacados, \"marcas de agua\", motivos, texturas, etc. Puede leer m\u00e1s sobre la t\u00e9cnica en <a href=\"https:\/\/printagram.com\/es\/barniz-uv-sectorizado\/\">art\u00edculo sobre barnizado UV<\/a>.<\/p>\n\n\n<\/p>","protected":false},"excerpt":{"rendered":"<p>Certificados y diplomas dorados en relieve con barniz  UV relieve: todas las opciones.<\/p>","protected":false},"featured_media":34095,"template":"","meta":{"_seopress_robots_primary_cat":"none","_seopress_titles_title":"","_seopress_titles_desc":"","_seopress_robots_index":""},"product_brand":[],"product_cat":[425],"product_tag":[447,448,437,434],"class_list":{"0":"post-25020","1":"product","2":"type-product","3":"status-publish","4":"has-post-thumbnail","6":"product_cat-certyfikaty-dyplomy","7":"product_tag-eventy","8":"product_tag-konferencje-kursy-szkolenia","9":"product_tag-lakier-uv-selektywny","10":"product_tag-metallic-3d-zlocenie","12":"first","13":"instock","14":"taxable","15":"shipping-taxable","16":"purchasable","17":"product-type-simple"},"_links":{"self":[{"href":"https:\/\/printagram.com\/es\/wp-json\/wp\/v2\/product\/25020","targetHints":{"allow":["GET"]}}],"collection":[{"href":"https:\/\/printagram.com\/es\/wp-json\/wp\/v2\/product"}],"about":[{"href":"https:\/\/printagram.com\/es\/wp-json\/wp\/v2\/types\/product"}],"wp:featuredmedia":[{"embeddable":true,"href":"https:\/\/printagram.com\/es\/wp-json\/wp\/v2\/media\/34095"}],"wp:attachment":[{"href":"https:\/\/printagram.com\/es\/wp-json\/wp\/v2\/media?parent=25020"}],"wp:term":[{"taxonomy":"product_brand","embeddable":true,"href":"https:\/\/printagram.com\/es\/wp-json\/wp\/v2\/product_brand?post=25020"},{"taxonomy":"product_cat","embeddable":true,"href":"https:\/\/printagram.com\/es\/wp-json\/wp\/v2\/product_cat?post=25020"},{"taxonomy":"product_tag","embeddable":true,"href":"https:\/\/printagram.com\/es\/wp-json\/wp\/v2\/product_tag?post=25020"}],"curies":[{"name":"wp","href":"https:\/\/api.w.org\/{rel}","templated":true}]}}