{"id":24962,"date":"2023-05-07T18:58:18","date_gmt":"2023-05-07T16:58:18","guid":{"rendered":"https:\/\/printagram.com\/?post_type=product&#038;p=24962"},"modified":"2025-01-26T20:23:54","modified_gmt":"2025-01-26T19:23:54","slug":"wizytowka-hotstamping-ceo-el-presidente-1002","status":"publish","type":"product","link":"https:\/\/printagram.com\/es\/producto\/tarjeta-de-visita-hotstamping-ceo-el-presidente-1002\/","title":{"rendered":"Tarjeta de visita hotstamping \"The C.E.O.. - El Presidente\" #1002"},"content":{"rendered":"<p><strong><i>Tarjetas de visita multicapas<\/i><\/strong> est\u00e1n compuestas por m\u00e1s de una capa de papel. Su principal caracter\u00edstica es que son m\u00e1s gruesas que las tarjetas de visita normales.<br \/>\n<strong><i>Hot-stamping<\/i><\/strong> es una l\u00e1mina estampada en caliente que contrasta perfectamente con la superficie de la tarjeta de visita, creando un atractivo efecto visual.<br \/>\n<p>Encontrar\u00e1 m\u00e1s informaci\u00f3n en la p\u00e1gina sobre <a href=\"\/es\/category\/technologie\/\">t\u00e9cnicas de impresi\u00f3n y acabado<\/a>.<\/p>\n<p class=\"szukasz\"><strong>\u00bfBusca algo diferente?<\/strong> Si lo desea, puede configurar sus propias tarjetas de visita con todas las opciones posibles y cualquier papel utilizando la funci\u00f3n <a href=\"https:\/\/printagram.com\/es\/producto\/tarjetas-de-visita-exclusivas-configurador\/\">configurador de tarjetas de visita exclusivas<\/a>.<\/p>\n<\/p>","protected":false},"excerpt":{"rendered":"<p>Tarjeta de visita de 2 capas de papel Sirio color dark blue 290 g (total 580 g\/m2). Estampaci\u00f3n en caliente en cualquier color por ambas caras. Bordes dorados. Impresi\u00f3n a tinta opcional en el anverso.<\/p>","protected":false},"featured_media":22468,"template":"","meta":{"_seopress_robots_primary_cat":"","_seopress_titles_title":"","_seopress_titles_desc":"","_seopress_robots_index":""},"product_brand":[],"product_cat":[413,415],"product_tag":[444,438,439,448,446,443,442],"class_list":{"0":"post-24962","1":"product","2":"type-product","3":"status-publish","4":"has-post-thumbnail","6":"product_cat-wizytowki-hot-stamping","7":"product_cat-wizytowki-kaszerowane","8":"product_tag-firma-biuro","9":"product_tag-hot-stamping","10":"product_tag-kaszerowanie","11":"product_tag-konferencje-kursy-szkolenia","12":"product_tag-promowanie","13":"product_tag-sitodruk","14":"product_tag-zlote-krawedzie","16":"first","17":"instock","18":"taxable","19":"shipping-taxable","20":"purchasable","21":"product-type-simple"},"_links":{"self":[{"href":"https:\/\/printagram.com\/es\/wp-json\/wp\/v2\/product\/24962","targetHints":{"allow":["GET"]}}],"collection":[{"href":"https:\/\/printagram.com\/es\/wp-json\/wp\/v2\/product"}],"about":[{"href":"https:\/\/printagram.com\/es\/wp-json\/wp\/v2\/types\/product"}],"wp:featuredmedia":[{"embeddable":true,"href":"https:\/\/printagram.com\/es\/wp-json\/wp\/v2\/media\/22468"}],"wp:attachment":[{"href":"https:\/\/printagram.com\/es\/wp-json\/wp\/v2\/media?parent=24962"}],"wp:term":[{"taxonomy":"product_brand","embeddable":true,"href":"https:\/\/printagram.com\/es\/wp-json\/wp\/v2\/product_brand?post=24962"},{"taxonomy":"product_cat","embeddable":true,"href":"https:\/\/printagram.com\/es\/wp-json\/wp\/v2\/product_cat?post=24962"},{"taxonomy":"product_tag","embeddable":true,"href":"https:\/\/printagram.com\/es\/wp-json\/wp\/v2\/product_tag?post=24962"}],"curies":[{"name":"wp","href":"https:\/\/api.w.org\/{rel}","templated":true}]}}