{"id":24789,"date":"2023-05-04T14:15:30","date_gmt":"2023-05-04T12:15:30","guid":{"rendered":"https:\/\/printagram.com\/produkt\/wizytowki-tloczone-czarne-kaszerowane-graphic-guru-1006-copy\/"},"modified":"2025-02-03T22:49:25","modified_gmt":"2025-02-03T21:49:25","slug":"wizytowki-czarny-papier-lakierowane-glosno-i-wyraznie-1004","status":"publish","type":"product","link":"https:\/\/printagram.com\/es\/producto\/tarjetas-de-visita-papel-negro-barnizado-uv-loud-and-clear\/","title":{"rendered":"Tarjetas de visita negras con barniz UV 3D \"Alto y claro\" #1004"},"content":{"rendered":"<p>Encontrar\u00e1 m\u00e1s informaci\u00f3n en la p\u00e1gina sobre <a href=\"\/es\/category\/technologie\/\">t\u00e9cnicas de impresi\u00f3n y acabado<\/a>.<\/p>\n<p class=\"szukasz\"><strong>\u00bfBusca algo diferente?<\/strong> Si lo desea, puede configurar sus propias tarjetas de visita con todas las opciones posibles y cualquier papel utilizando la funci\u00f3n <a href=\"https:\/\/printagram.com\/es\/producto\/tarjetas-de-visita-exclusivas-configurador\/\">configurador de tarjetas de visita exclusivas<\/a>.<\/p>","protected":false},"excerpt":{"rendered":"<p>Tarjetas de visita en papel Sirio color nero negro mate de 290 g. Serigraf\u00eda por una cara. Barniz UV convexo en la otra.<\/p>","protected":false},"featured_media":21865,"template":"","meta":{"_seopress_robots_primary_cat":"","_seopress_titles_title":"","_seopress_titles_desc":"","_seopress_robots_index":""},"product_brand":[],"product_cat":[412],"product_tag":[444,448,437,446,443],"class_list":{"0":"post-24789","1":"product","2":"type-product","3":"status-publish","4":"has-post-thumbnail","6":"product_cat-wizytowki-lakier-uv","7":"product_tag-firma-biuro","8":"product_tag-konferencje-kursy-szkolenia","9":"product_tag-lakier-uv-selektywny","10":"product_tag-promowanie","11":"product_tag-sitodruk","13":"first","14":"instock","15":"taxable","16":"shipping-taxable","17":"purchasable","18":"product-type-simple"},"_links":{"self":[{"href":"https:\/\/printagram.com\/es\/wp-json\/wp\/v2\/product\/24789","targetHints":{"allow":["GET"]}}],"collection":[{"href":"https:\/\/printagram.com\/es\/wp-json\/wp\/v2\/product"}],"about":[{"href":"https:\/\/printagram.com\/es\/wp-json\/wp\/v2\/types\/product"}],"wp:featuredmedia":[{"embeddable":true,"href":"https:\/\/printagram.com\/es\/wp-json\/wp\/v2\/media\/21865"}],"wp:attachment":[{"href":"https:\/\/printagram.com\/es\/wp-json\/wp\/v2\/media?parent=24789"}],"wp:term":[{"taxonomy":"product_brand","embeddable":true,"href":"https:\/\/printagram.com\/es\/wp-json\/wp\/v2\/product_brand?post=24789"},{"taxonomy":"product_cat","embeddable":true,"href":"https:\/\/printagram.com\/es\/wp-json\/wp\/v2\/product_cat?post=24789"},{"taxonomy":"product_tag","embeddable":true,"href":"https:\/\/printagram.com\/es\/wp-json\/wp\/v2\/product_tag?post=24789"}],"curies":[{"name":"wp","href":"https:\/\/api.w.org\/{rel}","templated":true}]}}