{"id":24732,"date":"2023-04-28T12:19:41","date_gmt":"2023-04-28T10:19:41","guid":{"rendered":"https:\/\/printagram.com\/?post_type=product&#038;p=24732"},"modified":"2024-09-09T14:26:57","modified_gmt":"2024-09-09T12:26:57","slug":"wizytowki-plastikowe-grube-sztywne","status":"publish","type":"product","link":"https:\/\/printagram.com\/es\/producto\/tarjetas-plastico-grueso-rigido\/","title":{"rendered":"Tarjetas de visita tarjetas de pl\u00e1stico r\u00edgido grueso"},"content":{"rendered":"<p>Tarjetas de pl\u00e1stico fabricadas seg\u00fan la especificaci\u00f3n ISO 7810: una especificaci\u00f3n que define los par\u00e1metros de las tarjetas de pago y cr\u00e9dito de uso com\u00fan. Impresi\u00f3n offset: impresi\u00f3n de m\u00e1xima calidad. Dimensiones ISO 7810 (85,72 x 54,03 x 0,76 mm), esquinas redondeadas, impresi\u00f3n a todo color por las dos caras. Plastificadas con un laminado especial de brillo duro. Perfectas como tarjetas de pago, tarjetas bancarias, tarjetas de fidelizaci\u00f3n, tarjetas de club, tarjetas de descuento, tarjetas regalo, tarjetas de fidelizaci\u00f3n, etc. Amplia gama de acabados y personalizaciones:<\/p>\n<ul>\n<li>numeraci\u00f3n y c\u00f3digo de barras<\/li>\n<li>banda magn\u00e9tica y codificaci\u00f3n de datos<\/li>\n<li>chips electr\u00f3nicos + codificaci\u00f3n de datos<\/li>\n<li>estampado de n\u00fameros y letras<\/li>\n<li>tiras de firma<\/li>\n<li>capa de fondo con color metalizado,<\/li>\n<li>estampaci\u00f3n en caliente, hologramas<\/li>\n<\/ul>","protected":false},"excerpt":{"rendered":"<p>Tarjetas de visita tarjetas de pl\u00e1stico grueso con especificaciones de tarjeta de cr\u00e9dito. Impresi\u00f3n offset: calidad de impresi\u00f3n y durabilidad superiores.<\/p>","protected":false},"featured_media":28651,"template":"","meta":{"_seopress_robots_primary_cat":"","_seopress_titles_title":"","_seopress_titles_desc":"","_seopress_robots_index":""},"product_brand":[],"product_cat":[416],"product_tag":[444,448,446],"class_list":{"0":"post-24732","1":"product","2":"type-product","3":"status-publish","4":"has-post-thumbnail","6":"product_cat-wizytowki-plastikowe","7":"product_tag-firma-biuro","8":"product_tag-konferencje-kursy-szkolenia","9":"product_tag-promowanie","11":"first","12":"instock","13":"taxable","14":"shipping-taxable","15":"purchasable","16":"product-type-simple"},"_links":{"self":[{"href":"https:\/\/printagram.com\/es\/wp-json\/wp\/v2\/product\/24732","targetHints":{"allow":["GET"]}}],"collection":[{"href":"https:\/\/printagram.com\/es\/wp-json\/wp\/v2\/product"}],"about":[{"href":"https:\/\/printagram.com\/es\/wp-json\/wp\/v2\/types\/product"}],"wp:featuredmedia":[{"embeddable":true,"href":"https:\/\/printagram.com\/es\/wp-json\/wp\/v2\/media\/28651"}],"wp:attachment":[{"href":"https:\/\/printagram.com\/es\/wp-json\/wp\/v2\/media?parent=24732"}],"wp:term":[{"taxonomy":"product_brand","embeddable":true,"href":"https:\/\/printagram.com\/es\/wp-json\/wp\/v2\/product_brand?post=24732"},{"taxonomy":"product_cat","embeddable":true,"href":"https:\/\/printagram.com\/es\/wp-json\/wp\/v2\/product_cat?post=24732"},{"taxonomy":"product_tag","embeddable":true,"href":"https:\/\/printagram.com\/es\/wp-json\/wp\/v2\/product_tag?post=24732"}],"curies":[{"name":"wp","href":"https:\/\/api.w.org\/{rel}","templated":true}]}}