{"id":24730,"date":"2023-04-28T12:16:38","date_gmt":"2023-04-28T10:16:38","guid":{"rendered":"https:\/\/printagram.com\/?post_type=product&#038;p=24730"},"modified":"2023-12-12T12:03:37","modified_gmt":"2023-12-12T11:03:37","slug":"wizytowki-plastikowe-standardowe-035-mm","status":"publish","type":"product","link":"https:\/\/printagram.com\/es\/producto\/tarjetas-de-visita-plastico-estandar-035-mm\/","title":{"rendered":"Tarjetas de visita Tarjetas de pl\u00e1stico est\u00e1ndar"},"content":{"rendered":"<p>Tarjetas fabricadas en soporte PET. Dimensiones de 85 x 54 mm, esquinas rectas o redondeadas. Impresi\u00f3n digital. Gama de colores - paleta CMYK. Impresas en pl\u00e1stico (material PET blanco 450 g\/m2) de 0,35 mm de grosor.<\/p>\n<p>Las tarjetas de pl\u00e1stico son una gran alternativa a las tarjetas de visita normales, gracias al uso de pl\u00e1stico PET son m\u00e1s duraderas que una tarjeta de visita de cart\u00f3n, a la vez que mantienen las proporciones requeridas. Nuestro producto es perfecto como tarjetas de descuento, tarjetas de visita, calendarios, tarjetas de entrada o de fidelizaci\u00f3n. Una forma de publicidad de eficacia probada.<\/p>","protected":false},"excerpt":{"rendered":"<p>Tarjetas flexibles con soporte de pl\u00e1stico (pl\u00e1stico PET blanco) de 0,35 mm de grosor. A todo color por ambas caras.<\/p>","protected":false},"featured_media":21966,"template":"","meta":{"_seopress_robots_primary_cat":"","_seopress_titles_title":"","_seopress_titles_desc":"","_seopress_robots_index":""},"product_brand":[],"product_cat":[416],"product_tag":[444,448,446],"class_list":{"0":"post-24730","1":"product","2":"type-product","3":"status-publish","4":"has-post-thumbnail","6":"product_cat-wizytowki-plastikowe","7":"product_tag-firma-biuro","8":"product_tag-konferencje-kursy-szkolenia","9":"product_tag-promowanie","11":"first","12":"instock","13":"taxable","14":"shipping-taxable","15":"purchasable","16":"product-type-simple"},"_links":{"self":[{"href":"https:\/\/printagram.com\/es\/wp-json\/wp\/v2\/product\/24730","targetHints":{"allow":["GET"]}}],"collection":[{"href":"https:\/\/printagram.com\/es\/wp-json\/wp\/v2\/product"}],"about":[{"href":"https:\/\/printagram.com\/es\/wp-json\/wp\/v2\/types\/product"}],"wp:featuredmedia":[{"embeddable":true,"href":"https:\/\/printagram.com\/es\/wp-json\/wp\/v2\/media\/21966"}],"wp:attachment":[{"href":"https:\/\/printagram.com\/es\/wp-json\/wp\/v2\/media?parent=24730"}],"wp:term":[{"taxonomy":"product_brand","embeddable":true,"href":"https:\/\/printagram.com\/es\/wp-json\/wp\/v2\/product_brand?post=24730"},{"taxonomy":"product_cat","embeddable":true,"href":"https:\/\/printagram.com\/es\/wp-json\/wp\/v2\/product_cat?post=24730"},{"taxonomy":"product_tag","embeddable":true,"href":"https:\/\/printagram.com\/es\/wp-json\/wp\/v2\/product_tag?post=24730"}],"curies":[{"name":"wp","href":"https:\/\/api.w.org\/{rel}","templated":true}]}}