{"id":24728,"date":"2023-04-28T12:14:10","date_gmt":"2023-04-28T10:14:10","guid":{"rendered":"https:\/\/printagram.com\/?post_type=product&#038;p=24728"},"modified":"2026-02-12T13:28:39","modified_gmt":"2026-02-12T12:28:39","slug":"wizytowki-plastikowe-przezroczyste","status":"publish","type":"product","link":"https:\/\/printagram.com\/es\/producto\/tarjetas-de-visita-plastico-transparente\/","title":{"rendered":"Tarjetas de visita de pl\u00e1stico transparente"},"content":{"rendered":"<p>Imprimimos tarjetas de pl\u00e1stico de 0,8 mm de grosor en pl\u00e1stico PP transl\u00facido con textura. Impresi\u00f3n con pigmentos de curado UV, impresi\u00f3n a todo color por una cara y color blanco opcional. Las tarjetas de visita de pl\u00e1stico transparente se caracterizan por una durabilidad excepcional y una rigidez comparable a la de una tarjeta de cr\u00e9dito. Dimensiones 85\u00d754 mm, esquinas redondeadas. Ideales para tarjetas de visita, tarjetas de fidelidad, tarjetas de club, tarjetas de descuento, tarjetas de fidelidad, etc.<\/p>\n<p class=\"woocommerce-error\">ATENCI\u00d3N: No recomendamos dise\u00f1ar la impresi\u00f3n hasta el borde, ya que el barniz UV es muy duro y la troqueladora lo desconchar\u00e1 al redondear las esquinas.<br \/>\n\"saliendo\" de la tarjeta. Recomendamos mantener un margen de 3 mm alrededor del borde. Debido a una posible tolerancia de troquelado de 1-2 mm, no recomendamos dise\u00f1ar un marco.<\/p>","protected":false},"excerpt":{"rendered":"<p>Tarjetas de pl\u00e1stico semitransparentes de 0,8 mm de grosor en PP (polipropileno) ViPrint transparente. Superficie rugosa con textura de arena fina. Certificados: Norma de juguetes EN 71\/3; 94\/62 Directiva: RoHS - Directiva DEEE, REACH, Directiva UE N\u00b010\/2011.<\/p>","protected":false},"featured_media":28653,"template":"","meta":{"_seopress_robots_primary_cat":"none","_seopress_titles_title":"","_seopress_titles_desc":"","_seopress_robots_index":""},"product_brand":[],"product_cat":[416],"product_tag":[444,448,446],"class_list":{"0":"post-24728","1":"product","2":"type-product","3":"status-publish","4":"has-post-thumbnail","6":"product_cat-wizytowki-plastikowe","7":"product_tag-firma-biuro","8":"product_tag-konferencje-kursy-szkolenia","9":"product_tag-promowanie","11":"first","12":"instock","13":"taxable","14":"shipping-taxable","15":"purchasable","16":"product-type-simple"},"_links":{"self":[{"href":"https:\/\/printagram.com\/es\/wp-json\/wp\/v2\/product\/24728","targetHints":{"allow":["GET"]}}],"collection":[{"href":"https:\/\/printagram.com\/es\/wp-json\/wp\/v2\/product"}],"about":[{"href":"https:\/\/printagram.com\/es\/wp-json\/wp\/v2\/types\/product"}],"wp:featuredmedia":[{"embeddable":true,"href":"https:\/\/printagram.com\/es\/wp-json\/wp\/v2\/media\/28653"}],"wp:attachment":[{"href":"https:\/\/printagram.com\/es\/wp-json\/wp\/v2\/media?parent=24728"}],"wp:term":[{"taxonomy":"product_brand","embeddable":true,"href":"https:\/\/printagram.com\/es\/wp-json\/wp\/v2\/product_brand?post=24728"},{"taxonomy":"product_cat","embeddable":true,"href":"https:\/\/printagram.com\/es\/wp-json\/wp\/v2\/product_cat?post=24728"},{"taxonomy":"product_tag","embeddable":true,"href":"https:\/\/printagram.com\/es\/wp-json\/wp\/v2\/product_tag?post=24728"}],"curies":[{"name":"wp","href":"https:\/\/api.w.org\/{rel}","templated":true}]}}