{"id":24705,"date":"2023-04-28T11:34:18","date_gmt":"2023-04-28T09:34:18","guid":{"rendered":"https:\/\/printagram.com\/?post_type=product&#038;p=24705"},"modified":"2025-11-26T17:56:02","modified_gmt":"2025-11-26T16:56:02","slug":"konfigurator-wizytowki-zlocone-i-lakier-uv","status":"publish","type":"product","link":"https:\/\/printagram.com\/es\/producto\/configurator-tarjetas-de-visita-doradas-y-barniz-uv\/","title":{"rendered":"Configurador - Tarjetas de visita doradas 3d + barniz UV 3d"},"content":{"rendered":"<p>Tarjetas de visita con efecto met\u00e1lico convexo. Tocar una tarjeta de visita de este tipo da la impresi\u00f3n de metal l\u00edquido s\u00f3lido. Los brillantes colores met\u00e1licos reflejan claramente la luz y ya desde lejos dan la impresi\u00f3n de protuberancia y singularidad.<br \/>\nTarjetas de visita a todo color con elementos de dise\u00f1o cubiertos con un barniz transparente en relieve. El barniz UV da brillo a los elementos destacados de la tarjeta de visita (por ejemplo, el logotipo). Los objetos recubiertos aparecen como \"pintados\" con pintura gruesa, pl\u00e1stica y brillante. Los rayos de luz que se reflejan resaltan el relieve, que puede percibirse f\u00e1cilmente. Al tacto, lo resbaladizo y liso del barniz UV contrasta con la aterciopelada superficie \"blanda\" del papel recubierto con pel\u00edcula soft-touch.<br \/>\n<h5>Barnizado selectivo UV<\/h5>\n<p>El barniz aplicado sobre una superficie mate hace que los elementos seleccionados, como logotipos, gr\u00e1ficos, nombres, etc., brillen y queden bien resaltados. Tambi\u00e9n es posible crear nuevos elementos gr\u00e1ficos visibles desde el \u00e1ngulo adecuado para enriquecer el dise\u00f1o. Esto permite utilizar fondos lacados, \"marcas de agua\", motivos, texturas, etc. Puede leer m\u00e1s sobre la t\u00e9cnica en <a href=\"https:\/\/printagram.com\/es\/barniz-uv-sectorizado\/\">art\u00edculo sobre barnizado UV<\/a>.<\/p>\n<br \/>\n<h5>Dorado convexo<\/h5>\n<p><em>L\u00e1mina met\u00e1lica en relieve<\/em>. Esta t\u00e9cnica consiste en la aplicaci\u00f3n sin matriz de una l\u00e1mina metalizada. Utilizando rodillos de presi\u00f3n muy fuertes, se aplica sobre toda la superficie. La l\u00e1mina metalizada s\u00f3lo se adhiere al material especial convexo, dando un bello efecto de una gruesa capa convexa de oro, plata u otro color. Puede leer m\u00e1s sobre esta t\u00e9cnica en <a href=\"https:\/\/printagram.com\/es\/dorado-convexo\/\">art\u00edculo sobre el dorado en relieve<\/a>.<\/p>\n<\/p>","protected":false},"excerpt":{"rendered":"<p>Un configurador para tarjetas de visita doradas y lacadas con UV, en el que se pueden configurar todas las opciones disponibles.<br \/>\nImpresi\u00f3n en 1 o 2 caras con laminado soft-touch (agradable al tacto) o mate est\u00e1ndar. L\u00e1mina met\u00e1lica en relieve en determinados colores y barniz UV en determinadas caras. Posibilidad de personalizaci\u00f3n: numeraci\u00f3n o c\u00f3digos individuales, redondeo de esquinas y perforaci\u00f3n. Gramaje del papel 350 g\/m2<\/p>","protected":false},"featured_media":29032,"template":"","meta":{"_seopress_robots_primary_cat":"none","_seopress_titles_title":"","_seopress_titles_desc":"","_seopress_robots_index":""},"product_brand":[],"product_cat":[267],"product_tag":[444,448,437,434,446],"class_list":{"0":"post-24705","1":"product","2":"type-product","3":"status-publish","4":"has-post-thumbnail","6":"product_cat-wizytowki","7":"product_tag-firma-biuro","8":"product_tag-konferencje-kursy-szkolenia","9":"product_tag-lakier-uv-selektywny","10":"product_tag-metallic-3d-zlocenie","11":"product_tag-promowanie","12":"product_shipping_class-lekkie","14":"first","15":"instock","16":"taxable","17":"shipping-taxable","18":"purchasable","19":"product-type-simple"},"_links":{"self":[{"href":"https:\/\/printagram.com\/es\/wp-json\/wp\/v2\/product\/24705","targetHints":{"allow":["GET"]}}],"collection":[{"href":"https:\/\/printagram.com\/es\/wp-json\/wp\/v2\/product"}],"about":[{"href":"https:\/\/printagram.com\/es\/wp-json\/wp\/v2\/types\/product"}],"wp:featuredmedia":[{"embeddable":true,"href":"https:\/\/printagram.com\/es\/wp-json\/wp\/v2\/media\/29032"}],"wp:attachment":[{"href":"https:\/\/printagram.com\/es\/wp-json\/wp\/v2\/media?parent=24705"}],"wp:term":[{"taxonomy":"product_brand","embeddable":true,"href":"https:\/\/printagram.com\/es\/wp-json\/wp\/v2\/product_brand?post=24705"},{"taxonomy":"product_cat","embeddable":true,"href":"https:\/\/printagram.com\/es\/wp-json\/wp\/v2\/product_cat?post=24705"},{"taxonomy":"product_tag","embeddable":true,"href":"https:\/\/printagram.com\/es\/wp-json\/wp\/v2\/product_tag?post=24705"}],"curies":[{"name":"wp","href":"https:\/\/api.w.org\/{rel}","templated":true}]}}