{"id":24699,"date":"2023-04-28T11:23:31","date_gmt":"2023-04-28T09:23:31","guid":{"rendered":"https:\/\/printagram.com\/?post_type=product&#038;p=24699"},"modified":"2026-04-16T20:27:08","modified_gmt":"2026-04-16T18:27:08","slug":"konfigurator-wizytowki-lakier-uv-standard","status":"publish","type":"product","link":"https:\/\/printagram.com\/es\/producto\/configurador-tarjetas-de-visita-con-barniz-uv-estandar\/","title":{"rendered":"Configurador de tarjetas de visita - Barniz UV est\u00e1ndar"},"content":{"rendered":"<p>Tarjetas de visita con elementos seleccionados recubiertos con barniz brillante UV. El barniz UV transparente se aplica a una superficie laminada mate que hace que los elementos seleccionados, como el logotipo, los gr\u00e1ficos, el nombre, etc., queden resaltados. Gracias al barniz UV, tambi\u00e9n se pueden crear nuevos elementos gr\u00e1ficos visibles en el \u00e1ngulo adecuado o simplemente enriquecer el dise\u00f1o impreso con tinta. El barniz se fija con luces UV (ultravioleta). Gracias a ello, puede introducir, por ejemplo, fondos barnizados, patrones, texturas, etc.\nA diferencia de las tarjetas de visita con barniz UV convexo, no hay restricciones. El barniz no se desmorona en los lugares cortados. Por supuesto, tambi\u00e9n puede aplicar relieves, redondear esquinas seleccionadas, perforar agujeros.<\/p>\n<p>Cuando se observan desde distintos \u00e1ngulos y en diferentes condiciones de iluminaci\u00f3n, las tarjetas de visita con barniz UV convexo responden de forma diferente a una superficie plana mate, lo que aporta \"vida\" adicional a los dise\u00f1os.<\/p>","protected":false},"excerpt":{"rendered":"<p>Configurador de tarjetas de visita con barniz UV est\u00e1ndar - planas (no convexas). Impresi\u00f3n en 1 o 2 caras, tipo de laminado seleccionado - soft-touch (agradable al tacto) o mate est\u00e1ndar. Barniz UV plano en las p\u00e1ginas seleccionadas. Golpe seco (altorelieve), redondeo de esquinas y perforaci\u00f3n. Gramaje del papel 350 g\/m2<\/p>","protected":false},"featured_media":29040,"template":"","meta":{"_seopress_robots_primary_cat":"none","_seopress_titles_title":"","_seopress_titles_desc":"","_seopress_robots_index":""},"product_brand":[],"product_cat":[412],"product_tag":[444,448,437,446],"class_list":{"0":"post-24699","1":"product","2":"type-product","3":"status-publish","4":"has-post-thumbnail","6":"product_cat-wizytowki-lakier-uv","7":"product_tag-firma-biuro","8":"product_tag-konferencje-kursy-szkolenia","9":"product_tag-lakier-uv-selektywny","10":"product_tag-promowanie","12":"first","13":"instock","14":"taxable","15":"shipping-taxable","16":"purchasable","17":"product-type-simple"},"_links":{"self":[{"href":"https:\/\/printagram.com\/es\/wp-json\/wp\/v2\/product\/24699","targetHints":{"allow":["GET"]}}],"collection":[{"href":"https:\/\/printagram.com\/es\/wp-json\/wp\/v2\/product"}],"about":[{"href":"https:\/\/printagram.com\/es\/wp-json\/wp\/v2\/types\/product"}],"wp:featuredmedia":[{"embeddable":true,"href":"https:\/\/printagram.com\/es\/wp-json\/wp\/v2\/media\/29040"}],"wp:attachment":[{"href":"https:\/\/printagram.com\/es\/wp-json\/wp\/v2\/media?parent=24699"}],"wp:term":[{"taxonomy":"product_brand","embeddable":true,"href":"https:\/\/printagram.com\/es\/wp-json\/wp\/v2\/product_brand?post=24699"},{"taxonomy":"product_cat","embeddable":true,"href":"https:\/\/printagram.com\/es\/wp-json\/wp\/v2\/product_cat?post=24699"},{"taxonomy":"product_tag","embeddable":true,"href":"https:\/\/printagram.com\/es\/wp-json\/wp\/v2\/product_tag?post=24699"}],"curies":[{"name":"wp","href":"https:\/\/api.w.org\/{rel}","templated":true}]}}