{"id":23890,"date":"2023-04-06T12:10:46","date_gmt":"2023-04-06T10:10:46","guid":{"rendered":"https:\/\/printagram.com\/produkt\/ski-pass-z-karabinczykiem-niebieski-srebrny-copy-copy-2-copy\/"},"modified":"2025-01-26T20:26:12","modified_gmt":"2025-01-26T19:26:12","slug":"wizytowki-papier-orange-peel-villapreneur-1012","status":"publish","type":"product","link":"https:\/\/printagram.com\/es\/producto\/tarjeta-de-visita-orange-peel-villapreneur-1012\/","title":{"rendered":"Tarjetas de visita de papel de c\u00e1scara de naranja \"Villapreneur\" #1012"},"content":{"rendered":"<p><strong><i>Tarjetas de visita multicapas<\/i><\/strong> est\u00e1n compuestas por m\u00e1s de una capa de papel. Su principal caracter\u00edstica es que son m\u00e1s gruesas que las tarjetas de visita normales.<br \/>\n<strong><i>Hot-stamping<\/i><\/strong> es una l\u00e1mina estampada en caliente que contrasta perfectamente con la superficie de la tarjeta de visita, creando un atractivo efecto visual.<br \/>\n<strong><i>Relieve<\/i><\/strong> es el resaltado de cualquier elemento con una matriz preparada individualmente. Puede ser un logotipo, un texto, un adorno, etc.<br \/>\n<p>Encontrar\u00e1 m\u00e1s informaci\u00f3n en la p\u00e1gina sobre <a href=\"\/es\/category\/technologie\/\">t\u00e9cnicas de impresi\u00f3n y acabado<\/a>.<\/p>\n<p class=\"szukasz\"><strong>\u00bfBusca algo diferente?<\/strong> Si lo desea, puede configurar sus propias tarjetas de visita con todas las opciones posibles y cualquier papel utilizando la funci\u00f3n <a href=\"https:\/\/printagram.com\/es\/producto\/tarjetas-de-visita-exclusivas-configurador\/\">configurador de tarjetas de visita exclusivas<\/a>.<\/p>\n<\/p>","protected":false},"excerpt":{"rendered":"<p>Tarjeta de visita multicapa de doble grosor en papel martillado texturado. Hot stamping de color plata en el anverso. Relieve c\u00f3ncavo en el anverso. Impresi\u00f3n a tinta en el reverso. Bordes plateados.<\/p>","protected":false},"featured_media":22464,"template":"","meta":{"_seopress_robots_primary_cat":"","_seopress_titles_title":"","_seopress_titles_desc":"","_seopress_robots_index":""},"product_brand":[],"product_cat":[413,415,414],"product_tag":[444,438,439,448,441,446,443,442],"class_list":{"0":"post-23890","1":"product","2":"type-product","3":"status-publish","4":"has-post-thumbnail","6":"product_cat-wizytowki-hot-stamping","7":"product_cat-wizytowki-kaszerowane","8":"product_cat-wizytowki-tloczone","9":"product_tag-firma-biuro","10":"product_tag-hot-stamping","11":"product_tag-kaszerowanie","12":"product_tag-konferencje-kursy-szkolenia","13":"product_tag-letterpress","14":"product_tag-promowanie","15":"product_tag-sitodruk","16":"product_tag-zlote-krawedzie","18":"first","19":"instock","20":"taxable","21":"shipping-taxable","22":"purchasable","23":"product-type-simple"},"_links":{"self":[{"href":"https:\/\/printagram.com\/es\/wp-json\/wp\/v2\/product\/23890","targetHints":{"allow":["GET"]}}],"collection":[{"href":"https:\/\/printagram.com\/es\/wp-json\/wp\/v2\/product"}],"about":[{"href":"https:\/\/printagram.com\/es\/wp-json\/wp\/v2\/types\/product"}],"wp:featuredmedia":[{"embeddable":true,"href":"https:\/\/printagram.com\/es\/wp-json\/wp\/v2\/media\/22464"}],"wp:attachment":[{"href":"https:\/\/printagram.com\/es\/wp-json\/wp\/v2\/media?parent=23890"}],"wp:term":[{"taxonomy":"product_brand","embeddable":true,"href":"https:\/\/printagram.com\/es\/wp-json\/wp\/v2\/product_brand?post=23890"},{"taxonomy":"product_cat","embeddable":true,"href":"https:\/\/printagram.com\/es\/wp-json\/wp\/v2\/product_cat?post=23890"},{"taxonomy":"product_tag","embeddable":true,"href":"https:\/\/printagram.com\/es\/wp-json\/wp\/v2\/product_tag?post=23890"}],"curies":[{"name":"wp","href":"https:\/\/api.w.org\/{rel}","templated":true}]}}