{"id":23842,"date":"2023-04-04T11:51:27","date_gmt":"2023-04-04T09:51:27","guid":{"rendered":"https:\/\/printagram.com\/produkt\/testowy-input-output-logic-copy-copy-copy-copy\/"},"modified":"2025-01-26T20:27:17","modified_gmt":"2025-01-26T19:27:17","slug":"wizytowka-tloczona-kropka-nad-pik-1005","status":"publish","type":"product","link":"https:\/\/printagram.com\/es\/producto\/tarjeta-de-visita-estampada-punto-sobre-pik-1005\/","title":{"rendered":"Tarjeta de visita en relieve #1005 Punto sobre Picas"},"content":{"rendered":"<p><strong><i>Hot-stamping<\/i><\/strong> es una l\u00e1mina estampada en caliente que contrasta perfectamente con la superficie de la tarjeta de visita, creando un atractivo efecto visual.<br \/>\n<strong><i>Relieve<\/i><\/strong> es el resaltado de cualquier elemento con una matriz preparada individualmente. Puede ser un logotipo, un texto, un adorno, etc.<br \/>\n<p>Encontrar\u00e1 m\u00e1s informaci\u00f3n en la p\u00e1gina sobre <a href=\"\/es\/category\/technologie\/\">t\u00e9cnicas de impresi\u00f3n y acabado<\/a>.<\/p>\n<p class=\"szukasz\"><strong>\u00bfBusca algo diferente?<\/strong> Si lo desea, puede configurar sus propias tarjetas de visita con todas las opciones posibles y cualquier papel utilizando la funci\u00f3n <a href=\"https:\/\/printagram.com\/es\/producto\/tarjetas-de-visita-exclusivas-configurador\/\">configurador de tarjetas de visita exclusivas<\/a>.<\/p>\n<\/p>","protected":false},"excerpt":{"rendered":"<p>Tarjeta de visita de 1 capa en papel mate suave al tacto. Impresi\u00f3n en tinta de cualquier color en el anverso. Estampaci\u00f3n en caliente en cualquier color en el anverso. Embossing (golpe seco). Opci\u00f3n de stamping de otro color en el anverso.<\/p>","protected":false},"featured_media":21854,"template":"","meta":{"_seopress_robots_primary_cat":"","_seopress_titles_title":"","_seopress_titles_desc":"","_seopress_robots_index":""},"product_brand":[],"product_cat":[413,414],"product_tag":[444,438,448,446,443,440],"class_list":{"0":"post-23842","1":"product","2":"type-product","3":"status-publish","4":"has-post-thumbnail","6":"product_cat-wizytowki-hot-stamping","7":"product_cat-wizytowki-tloczone","8":"product_tag-firma-biuro","9":"product_tag-hot-stamping","10":"product_tag-konferencje-kursy-szkolenia","11":"product_tag-promowanie","12":"product_tag-sitodruk","13":"product_tag-tloczenie-wypukle","15":"first","16":"instock","17":"taxable","18":"shipping-taxable","19":"purchasable","20":"product-type-simple"},"_links":{"self":[{"href":"https:\/\/printagram.com\/es\/wp-json\/wp\/v2\/product\/23842","targetHints":{"allow":["GET"]}}],"collection":[{"href":"https:\/\/printagram.com\/es\/wp-json\/wp\/v2\/product"}],"about":[{"href":"https:\/\/printagram.com\/es\/wp-json\/wp\/v2\/types\/product"}],"wp:featuredmedia":[{"embeddable":true,"href":"https:\/\/printagram.com\/es\/wp-json\/wp\/v2\/media\/21854"}],"wp:attachment":[{"href":"https:\/\/printagram.com\/es\/wp-json\/wp\/v2\/media?parent=23842"}],"wp:term":[{"taxonomy":"product_brand","embeddable":true,"href":"https:\/\/printagram.com\/es\/wp-json\/wp\/v2\/product_brand?post=23842"},{"taxonomy":"product_cat","embeddable":true,"href":"https:\/\/printagram.com\/es\/wp-json\/wp\/v2\/product_cat?post=23842"},{"taxonomy":"product_tag","embeddable":true,"href":"https:\/\/printagram.com\/es\/wp-json\/wp\/v2\/product_tag?post=23842"}],"curies":[{"name":"wp","href":"https:\/\/api.w.org\/{rel}","templated":true}]}}