{"id":23415,"date":"2023-03-16T21:14:03","date_gmt":"2023-03-16T20:14:03","guid":{"rendered":"https:\/\/printagram.com\/?post_type=product&#038;p=23415"},"modified":"2025-01-26T20:04:03","modified_gmt":"2025-01-26T19:04:03","slug":"konfigurator-wizytowki-lakier-uv-wypukly","status":"publish","type":"product","link":"https:\/\/printagram.com\/es\/producto\/configurador-tarjetas-de-visita-barniz-uv-en-relieve\/","title":{"rendered":"Configurador - Tarjetas de visita barniz UV convexo"},"content":{"rendered":"<p>Tarjetas de visita a todo color con elementos de dise\u00f1o cubiertos con un barniz transparente en relieve. El barniz UV da brillo a los elementos destacados de la tarjeta de visita (por ejemplo, el logotipo). Los objetos recubiertos aparecen como \"pintados\" con pintura gruesa, pl\u00e1stica y brillante. Los rayos de luz que se reflejan resaltan el relieve, que puede percibirse f\u00e1cilmente. Al tacto, lo resbaladizo y liso del barniz UV contrasta con la aterciopelada superficie \"blanda\" del papel recubierto con pel\u00edcula soft-touch.<br \/>\n<h5>Barnizado selectivo UV<\/h5>\n<p>El barniz aplicado sobre una superficie mate hace que los elementos seleccionados, como logotipos, gr\u00e1ficos, nombres, etc., brillen y queden bien resaltados. Tambi\u00e9n es posible crear nuevos elementos gr\u00e1ficos visibles desde el \u00e1ngulo adecuado para enriquecer el dise\u00f1o. Esto permite utilizar fondos lacados, \"marcas de agua\", motivos, texturas, etc. Puede leer m\u00e1s sobre la t\u00e9cnica en <a href=\"https:\/\/printagram.com\/es\/barniz-uv-sectorizado\/\">art\u00edculo sobre barnizado UV<\/a>.<\/p>\n<\/p>","protected":false},"excerpt":{"rendered":"<p>Configure sus propias tarjetas de visita seg\u00fan sus necesidades. Impresi\u00f3n a 1 o 2 caras, tipo de plastificado seleccionado: soft-touch (agradable al tacto) o mate est\u00e1ndar. Barniz UV convexo en las p\u00e1ginas seleccionadas. Posibilidad de personalizaci\u00f3n: numeraci\u00f3n o adici\u00f3n de c\u00f3digos individuales, redondeo de esquinas y perforaci\u00f3n. Gramaje del papel 350 g\/m2<\/p>","protected":false},"featured_media":35205,"template":"","meta":{"_seopress_robots_primary_cat":"none","_seopress_titles_title":"","_seopress_titles_desc":"","_seopress_robots_index":""},"product_brand":[],"product_cat":[412],"product_tag":[444,448,437,446],"class_list":{"0":"post-23415","1":"product","2":"type-product","3":"status-publish","4":"has-post-thumbnail","6":"product_cat-wizytowki-lakier-uv","7":"product_tag-firma-biuro","8":"product_tag-konferencje-kursy-szkolenia","9":"product_tag-lakier-uv-selektywny","10":"product_tag-promowanie","12":"first","13":"instock","14":"taxable","15":"shipping-taxable","16":"purchasable","17":"product-type-simple"},"_links":{"self":[{"href":"https:\/\/printagram.com\/es\/wp-json\/wp\/v2\/product\/23415","targetHints":{"allow":["GET"]}}],"collection":[{"href":"https:\/\/printagram.com\/es\/wp-json\/wp\/v2\/product"}],"about":[{"href":"https:\/\/printagram.com\/es\/wp-json\/wp\/v2\/types\/product"}],"wp:featuredmedia":[{"embeddable":true,"href":"https:\/\/printagram.com\/es\/wp-json\/wp\/v2\/media\/35205"}],"wp:attachment":[{"href":"https:\/\/printagram.com\/es\/wp-json\/wp\/v2\/media?parent=23415"}],"wp:term":[{"taxonomy":"product_brand","embeddable":true,"href":"https:\/\/printagram.com\/es\/wp-json\/wp\/v2\/product_brand?post=23415"},{"taxonomy":"product_cat","embeddable":true,"href":"https:\/\/printagram.com\/es\/wp-json\/wp\/v2\/product_cat?post=23415"},{"taxonomy":"product_tag","embeddable":true,"href":"https:\/\/printagram.com\/es\/wp-json\/wp\/v2\/product_tag?post=23415"}],"curies":[{"name":"wp","href":"https:\/\/api.w.org\/{rel}","templated":true}]}}