{"id":23142,"date":"2023-03-02T22:44:24","date_gmt":"2023-03-02T21:44:24","guid":{"rendered":"https:\/\/printagram.com\/?post_type=product&#038;p=23142"},"modified":"2024-04-02T18:14:45","modified_gmt":"2024-04-02T16:14:45","slug":"okladki-do-plyt-cd-dvd","status":"publish","type":"product","link":"https:\/\/printagram.com\/es\/producto\/caratulas-para-cd-dvd\/","title":{"rendered":"Car\u00e1tulas de CD\/DVD"},"content":{"rendered":"<p>\u00bfTiene previsto publicar un \u00e1lbum de m\u00fasica, un CD o DVD de presentaci\u00f3n o una pel\u00edcula? Si es as\u00ed, \u00a1esta oferta es para usted! CDs de audio, CDs de v\u00eddeo, DVDs, presentaciones multimedia, discos de archivo... todo en ediciones de pocos a varios miles de ejemplares. Con su propia impresi\u00f3n profesional y exclusiva en el disco y la caja. Una forma vers\u00e1til y c\u00f3moda de almacenar grabaciones, pel\u00edculas y datos.<\/p>\n<p>Nuestra oferta se dirige principalmente a centros de diagn\u00f3stico m\u00e9dico, fot\u00f3grafos, empresas de videograf\u00eda o quienes crean presentaciones multimedia. Tambi\u00e9n es ideal para que los grupos de m\u00fasica publiquen una maqueta o su CD promocional. Tambi\u00e9n pueden servir al usuario corriente o al coleccionista de audio o v\u00eddeo.<\/p>\n<p>No olvide consultar tambi\u00e9n la oferta para acabados <a href=\"\/es\/produkt\/plyty-okladki-cd-dvd\/\">CD\/DVD impresos<\/a>.<\/p>","protected":false},"excerpt":{"rendered":"<p>Fundas para CD DVD. Fundas de sobre para discos.<\/p>","protected":false},"featured_media":22212,"template":"","meta":{"_seopress_robots_primary_cat":"","_seopress_titles_title":"","_seopress_titles_desc":"","_seopress_robots_index":""},"product_brand":[],"product_cat":[316],"product_tag":[448,449,446],"class_list":{"0":"post-23142","1":"product","2":"type-product","3":"status-publish","4":"has-post-thumbnail","6":"product_cat-plyty-opakowania-cd-dvd","7":"product_tag-konferencje-kursy-szkolenia","8":"product_tag-produkcja","9":"product_tag-promowanie","11":"first","12":"instock","13":"taxable","14":"shipping-taxable","15":"purchasable","16":"product-type-simple"},"_links":{"self":[{"href":"https:\/\/printagram.com\/es\/wp-json\/wp\/v2\/product\/23142","targetHints":{"allow":["GET"]}}],"collection":[{"href":"https:\/\/printagram.com\/es\/wp-json\/wp\/v2\/product"}],"about":[{"href":"https:\/\/printagram.com\/es\/wp-json\/wp\/v2\/types\/product"}],"wp:featuredmedia":[{"embeddable":true,"href":"https:\/\/printagram.com\/es\/wp-json\/wp\/v2\/media\/22212"}],"wp:attachment":[{"href":"https:\/\/printagram.com\/es\/wp-json\/wp\/v2\/media?parent=23142"}],"wp:term":[{"taxonomy":"product_brand","embeddable":true,"href":"https:\/\/printagram.com\/es\/wp-json\/wp\/v2\/product_brand?post=23142"},{"taxonomy":"product_cat","embeddable":true,"href":"https:\/\/printagram.com\/es\/wp-json\/wp\/v2\/product_cat?post=23142"},{"taxonomy":"product_tag","embeddable":true,"href":"https:\/\/printagram.com\/es\/wp-json\/wp\/v2\/product_tag?post=23142"}],"curies":[{"name":"wp","href":"https:\/\/api.w.org\/{rel}","templated":true}]}}