{"id":23132,"date":"2023-03-02T20:43:44","date_gmt":"2023-03-02T19:43:44","guid":{"rendered":"https:\/\/printagram.com\/?post_type=product&#038;p=23132"},"modified":"2024-04-02T18:08:07","modified_gmt":"2024-04-02T16:08:07","slug":"pieczatki-standardowe-prostokatne","status":"publish","type":"product","link":"https:\/\/printagram.com\/es\/producto\/sellos-rectangulares-automaticos\/","title":{"rendered":"Sellos rectangulares est\u00e1ndar"},"content":{"rendered":"<p>El sello COLOP combina funcionalidad con una forma cl\u00e1sica. Los numerosos detalles t\u00e9cnicos e innovadores del sello garantizan su precisi\u00f3n y facilidad de uso. Una tapa del color de la carcasa protege eficazmente la goma y el texto del sello de la suciedad y los da\u00f1os. La forma sencilla de la carcasa facilita una impresi\u00f3n precisa. Los pies antideslizantes evitan que el sello resbale durante el uso, garantizando impresiones precisas, claras y legibles. Sello extremadamente duradero, fabricado con materiales de alta calidad.<\/p>\n<p>Los sellos est\u00e1n disponibles en varias formas y resaltan el car\u00e1cter espec\u00edfico del contenido impreso. Los distintos tama\u00f1os los hacen ideales para tarjetas de fidelidad, billetes, documentos o certificados.<\/p>","protected":false},"excerpt":{"rendered":"<p>Sellos est\u00e1ndar (rectangulares)<\/p>","protected":false},"featured_media":694,"template":"","meta":{"_seopress_robots_primary_cat":"","_seopress_titles_title":"","_seopress_titles_desc":"","_seopress_robots_index":""},"product_brand":[],"product_cat":[318],"product_tag":[444],"class_list":{"0":"post-23132","1":"product","2":"type-product","3":"status-publish","4":"has-post-thumbnail","6":"product_cat-pieczatki","7":"product_tag-firma-biuro","9":"first","10":"instock","11":"taxable","12":"shipping-taxable","13":"purchasable","14":"product-type-simple"},"_links":{"self":[{"href":"https:\/\/printagram.com\/es\/wp-json\/wp\/v2\/product\/23132","targetHints":{"allow":["GET"]}}],"collection":[{"href":"https:\/\/printagram.com\/es\/wp-json\/wp\/v2\/product"}],"about":[{"href":"https:\/\/printagram.com\/es\/wp-json\/wp\/v2\/types\/product"}],"wp:featuredmedia":[{"embeddable":true,"href":"https:\/\/printagram.com\/es\/wp-json\/wp\/v2\/media\/694"}],"wp:attachment":[{"href":"https:\/\/printagram.com\/es\/wp-json\/wp\/v2\/media?parent=23132"}],"wp:term":[{"taxonomy":"product_brand","embeddable":true,"href":"https:\/\/printagram.com\/es\/wp-json\/wp\/v2\/product_brand?post=23132"},{"taxonomy":"product_cat","embeddable":true,"href":"https:\/\/printagram.com\/es\/wp-json\/wp\/v2\/product_cat?post=23132"},{"taxonomy":"product_tag","embeddable":true,"href":"https:\/\/printagram.com\/es\/wp-json\/wp\/v2\/product_tag?post=23132"}],"curies":[{"name":"wp","href":"https:\/\/api.w.org\/{rel}","templated":true}]}}