{"id":22952,"date":"2023-02-23T20:30:47","date_gmt":"2023-02-23T19:30:47","guid":{"rendered":"https:\/\/printagram.com\/?post_type=product&#038;p=22952"},"modified":"2025-12-18T12:34:46","modified_gmt":"2025-12-18T11:34:46","slug":"wizytowki-zlocone-karty-samochodowego-szlachectwa-1028","status":"publish","type":"product","link":"https:\/\/printagram.com\/es\/producto\/tarjetas-doradas-cartas-de-nobleza-de-automovil-1028\/","title":{"rendered":"Tarjetas de visita Gilt \"Tarjetas de nobleza del autom\u00f3vil\" #1028"},"content":{"rendered":"<p>Tarjetas de visita con efecto met\u00e1lico convexo. Tocar una tarjeta de visita de este tipo da la impresi\u00f3n de metal l\u00edquido s\u00f3lido. Los brillantes colores met\u00e1licos reflejan claramente la luz y ya desde lejos dan la impresi\u00f3n de protuberancia y singularidad.<\/p>\n<p class=\"szukasz\"><strong>\u00bfBusca otras opciones?<\/strong> Si lo desea, puede configurar sus propias tarjetas de visita de este tipo con todas las opciones posibles utilizando la funci\u00f3n <a href=\"https:\/\/printagram.com\/es\/producto\/configurator-tarjetas-de-visita-doradas-y-barniz-uv\/\">configurador de tarjetas de visita doradas y UV<\/a><\/p>\n<h5>Dorado convexo<\/h5>\n<p><em>L\u00e1mina met\u00e1lica en relieve<\/em>. Esta t\u00e9cnica consiste en la aplicaci\u00f3n sin matriz de una l\u00e1mina metalizada. Utilizando rodillos de presi\u00f3n muy fuertes, se aplica sobre toda la superficie. La l\u00e1mina metalizada s\u00f3lo se adhiere al material especial convexo, dando un bello efecto de una gruesa capa convexa de oro, plata u otro color. Puede leer m\u00e1s sobre esta t\u00e9cnica en <a href=\"https:\/\/printagram.com\/es\/dorado-convexo\/\">art\u00edculo sobre el dorado en relieve<\/a>.<\/p>","protected":false},"excerpt":{"rendered":"<p>350 tarjetas de visita, a todo color, plastificadas con tacto suave (agradables al tacto). L\u00e1mina met\u00e1lica en relieve en color en el anverso. <em><strong>dorado<\/strong><\/em>.<\/p>","protected":false},"featured_media":24582,"template":"","meta":{"_seopress_robots_primary_cat":"","_seopress_titles_title":"","_seopress_titles_desc":"","_seopress_robots_index":""},"product_brand":[],"product_cat":[410],"product_tag":[444,448,434,446],"class_list":{"0":"post-22952","1":"product","2":"type-product","3":"status-publish","4":"has-post-thumbnail","6":"product_cat-wizytowki-zlocone","7":"product_tag-firma-biuro","8":"product_tag-konferencje-kursy-szkolenia","9":"product_tag-metallic-3d-zlocenie","10":"product_tag-promowanie","12":"first","13":"instock","14":"taxable","15":"shipping-taxable","16":"purchasable","17":"product-type-simple"},"_links":{"self":[{"href":"https:\/\/printagram.com\/es\/wp-json\/wp\/v2\/product\/22952","targetHints":{"allow":["GET"]}}],"collection":[{"href":"https:\/\/printagram.com\/es\/wp-json\/wp\/v2\/product"}],"about":[{"href":"https:\/\/printagram.com\/es\/wp-json\/wp\/v2\/types\/product"}],"wp:featuredmedia":[{"embeddable":true,"href":"https:\/\/printagram.com\/es\/wp-json\/wp\/v2\/media\/24582"}],"wp:attachment":[{"href":"https:\/\/printagram.com\/es\/wp-json\/wp\/v2\/media?parent=22952"}],"wp:term":[{"taxonomy":"product_brand","embeddable":true,"href":"https:\/\/printagram.com\/es\/wp-json\/wp\/v2\/product_brand?post=22952"},{"taxonomy":"product_cat","embeddable":true,"href":"https:\/\/printagram.com\/es\/wp-json\/wp\/v2\/product_cat?post=22952"},{"taxonomy":"product_tag","embeddable":true,"href":"https:\/\/printagram.com\/es\/wp-json\/wp\/v2\/product_tag?post=22952"}],"curies":[{"name":"wp","href":"https:\/\/api.w.org\/{rel}","templated":true}]}}