{"id":21279,"date":"2023-01-15T22:17:52","date_gmt":"2023-01-15T21:17:52","guid":{"rendered":"https:\/\/printagram.com\/produkt\/vouchery-zlocone-srebrzone\/"},"modified":"2026-01-10T18:59:46","modified_gmt":"2026-01-10T17:59:46","slug":"konfigurator-vouchery-zlocone-lakierowane-uv-wypukle","status":"publish","type":"product","link":"https:\/\/printagram.com\/es\/producto\/configurador-vales-lamina-metalica-elevada-y-barniz-uv-relieve\/","title":{"rendered":"Configurador - Vales dorados y con barniz UV en relieve"},"content":{"rendered":"<p><strong>Cheques regalo <\/strong>o<strong> regalos<\/strong>\u00a0es una gran herramienta para animar f\u00e1cilmente a sus clientes a utilizar sus servicios. Cuando se da como recompensa por la cooperaci\u00f3n, un servicio de prepago o el reembolso de parte del coste de las compras, es probable que los clientes vuelvan a utilizarlo o que presenten el vale a sus familiares o amigos.<\/p>\n<p>Funciona bien para promocionar nuevos servicios entre clientes existentes que quiz\u00e1 nunca hubieran decidido gastarse el dinero extra.<\/p>\n<h5>Dorado convexo<\/h5>\n<p><em>L\u00e1mina met\u00e1lica en relieve<\/em>. Esta t\u00e9cnica consiste en la aplicaci\u00f3n sin matriz de una l\u00e1mina metalizada. Utilizando rodillos de presi\u00f3n muy fuertes, se aplica sobre toda la superficie. La l\u00e1mina metalizada s\u00f3lo se adhiere al material especial convexo, dando un bello efecto de una gruesa capa convexa de oro, plata u otro color. Puede leer m\u00e1s sobre esta t\u00e9cnica en <a href=\"https:\/\/printagram.com\/es\/dorado-convexo\/\">art\u00edculo sobre el dorado en relieve<\/a>.<\/p>\n\n<h5>Barnizado selectivo UV<\/h5>\n<p>El barniz aplicado sobre una superficie mate hace que los elementos seleccionados, como logotipos, gr\u00e1ficos, nombres, etc., brillen y queden bien resaltados. Tambi\u00e9n es posible crear nuevos elementos gr\u00e1ficos visibles desde el \u00e1ngulo adecuado para enriquecer el dise\u00f1o. Esto permite utilizar fondos lacados, \"marcas de agua\", motivos, texturas, etc. Puede leer m\u00e1s sobre la t\u00e9cnica en <a href=\"https:\/\/printagram.com\/es\/barniz-uv-sectorizado\/\">art\u00edculo sobre barnizado UV<\/a>.<\/p>","protected":false},"excerpt":{"rendered":"<p>Vales con un gramaje de 350, a todo color, plastificados con l\u00e1mina est\u00e1ndar mate o soft-touch (agradable al tacto). Opci\u00f3n de l\u00e1mina met\u00e1lica convexa en el anverso y el reverso. Barniz UV convexo opcional.<\/p>","protected":false},"featured_media":30075,"template":"","meta":{"_seopress_robots_primary_cat":"none","_seopress_titles_title":"","_seopress_titles_desc":"","_seopress_robots_index":""},"product_brand":[],"product_cat":[280],"product_tag":[447,437,434,446,445],"class_list":{"0":"post-21279","1":"product","2":"type-product","3":"status-publish","4":"has-post-thumbnail","6":"product_cat-vouchery-bony","7":"product_tag-eventy","8":"product_tag-lakier-uv-selektywny","9":"product_tag-metallic-3d-zlocenie","10":"product_tag-promowanie","11":"product_tag-sprzedaz-handel","13":"first","14":"instock","15":"taxable","16":"shipping-taxable","17":"purchasable","18":"product-type-simple"},"_links":{"self":[{"href":"https:\/\/printagram.com\/es\/wp-json\/wp\/v2\/product\/21279","targetHints":{"allow":["GET"]}}],"collection":[{"href":"https:\/\/printagram.com\/es\/wp-json\/wp\/v2\/product"}],"about":[{"href":"https:\/\/printagram.com\/es\/wp-json\/wp\/v2\/types\/product"}],"wp:featuredmedia":[{"embeddable":true,"href":"https:\/\/printagram.com\/es\/wp-json\/wp\/v2\/media\/30075"}],"wp:attachment":[{"href":"https:\/\/printagram.com\/es\/wp-json\/wp\/v2\/media?parent=21279"}],"wp:term":[{"taxonomy":"product_brand","embeddable":true,"href":"https:\/\/printagram.com\/es\/wp-json\/wp\/v2\/product_brand?post=21279"},{"taxonomy":"product_cat","embeddable":true,"href":"https:\/\/printagram.com\/es\/wp-json\/wp\/v2\/product_cat?post=21279"},{"taxonomy":"product_tag","embeddable":true,"href":"https:\/\/printagram.com\/es\/wp-json\/wp\/v2\/product_tag?post=21279"}],"curies":[{"name":"wp","href":"https:\/\/api.w.org\/{rel}","templated":true}]}}