{"id":8680,"date":"2021-11-04T14:52:53","date_gmt":"2021-11-04T13:52:53","guid":{"rendered":"http:\/\/dummy.xtemos.com\/woodmart2\/elementor\/?page_id=8680"},"modified":"2023-10-25T17:00:58","modified_gmt":"2023-10-25T15:00:58","slug":"o-nas","status":"publish","type":"page","link":"https:\/\/printagram.com\/es\/sobre-la-empresa\/","title":{"rendered":"Qui\u00e9nes somos"},"content":{"rendered":"<div data-elementor-type=\"wp-page\" data-elementor-id=\"8680\" class=\"elementor elementor-8680\">\n\t\t\t\t\t\t<section class=\"wd-negative-gap elementor-section elementor-top-section elementor-element elementor-element-5299ba63 elementor-reverse-mobile elementor-section-boxed elementor-section-height-default elementor-section-height-default\" data-id=\"5299ba63\" data-element_type=\"section\" data-e-type=\"section\">\n\t\t\t\t\t\t<div class=\"elementor-container elementor-column-gap-default\">\n\t\t\t\t\t<div class=\"elementor-column elementor-col-100 elementor-top-column elementor-element elementor-element-4c5b7bc4\" data-id=\"4c5b7bc4\" data-element_type=\"column\" data-e-type=\"column\">\n\t\t\t<div class=\"elementor-widget-wrap elementor-element-populated\">\n\t\t\t\t\t\t<div class=\"elementor-element elementor-element-3149b12f wd-width-100 elementor-widget elementor-widget-wd_title\" data-id=\"3149b12f\" data-element_type=\"widget\" data-e-type=\"widget\" data-widget_type=\"wd_title.default\">\n\t\t\t\t<div class=\"elementor-widget-container\">\n\t\t\t\t\t\t\t<div class=\"title-wrapper wd-set-mb reset-last-child wd-title-color-default wd-title-style-default wd-title-size-large text-left\">\n\n\t\t\t\n\t\t\t<div class=\"liner-continer\">\n\t\t\t\t<h4 class=\"woodmart-title-container title wd-fontsize-xxl\"><\/h4> \n\t\t\t\t\t\t\t<\/div>\n\n\t\t\t\t\t\t\t<div class=\"title-after_title reset-last-child wd-fontsize-s\">\n\t\t\t\t\t<p>El servicio PRINTAGRAM ha sido creado para aquellos usuarios que desean utilizar los servicios de impresi\u00f3n de forma libre y c\u00f3moda. La experiencia adquirida a lo largo de los a\u00f1os nos ha permitido crear un servicio que esperamos le sirva de forma c\u00f3moda y experta.<\/p><p>En todo momento puede contar con nuestra experiencia y asistencia a la hora de preparar su trabajo para la impresi\u00f3n. Los errores y posibles riesgos solemos detectarlos en la fase de dise\u00f1o y consultarlos con el cliente. Si detectamos alguna ambig\u00fcedad\u00a0<span style=\"font-weight: 600\">SIEMPRE\u00a0<\/span>le llamaremos o escribiremos para aclarar -\u00a0<span style=\"font-weight: 600\">NUNCA\u00a0<\/span>en tal situaci\u00f3n, no aplicaremos el principio \"tal como se env\u00eda es tal como se imprime\".<\/p><p>Pedir productos a nuestra imprenta es sencillo. Se diferencia de la compra tradicional en l\u00ednea en que, adem\u00e1s, es necesario enviar datos para la impresi\u00f3n o un archivo ya preparado (los procedimientos de env\u00edo de materiales para la impresi\u00f3n se describen en la p\u00e1gina de informaci\u00f3n Transferencia de archivos). Debido a la naturaleza espec\u00edfica de los productos de impresi\u00f3n (por ejemplo, una tarjeta de visita con un nombre impreso a diferencia de un producto cosm\u00e9tico s\u00f3lo puede encontrar un cliente), las compras en nuestra imprenta est\u00e1n sujetas a ciertas garant\u00edas. \u00c9stas figuran en las condiciones generales, con las que debe familiarizarse.<\/p>\t\t\t\t<\/div>\n\t\t\t\t\t<\/div>\n\t\t\t\t\t\t<\/div>\n\t\t\t\t<\/div>\n\t\t\t\t\t<\/div>\n\t\t<\/div>\n\t\t\t\t\t<\/div>\n\t\t<\/section>\n\t\t\t\t<\/div>","protected":false},"excerpt":{"rendered":"<p>El servicio PRINTAGRAM se cre\u00f3 para aquellos usuarios que desean utilizar los servicios de impresi\u00f3n de forma libre y c\u00f3moda. Obtenido de<\/p>","protected":false},"author":12,"featured_media":0,"parent":0,"menu_order":0,"comment_status":"closed","ping_status":"closed","template":"","meta":{"_seopress_robots_primary_cat":"","_seopress_titles_title":"","_seopress_titles_desc":"","_seopress_robots_index":"","footnotes":""},"class_list":["post-8680","page","type-page","status-publish","hentry"],"_links":{"self":[{"href":"https:\/\/printagram.com\/es\/wp-json\/wp\/v2\/pages\/8680","targetHints":{"allow":["GET"]}}],"collection":[{"href":"https:\/\/printagram.com\/es\/wp-json\/wp\/v2\/pages"}],"about":[{"href":"https:\/\/printagram.com\/es\/wp-json\/wp\/v2\/types\/page"}],"author":[{"embeddable":true,"href":"https:\/\/printagram.com\/es\/wp-json\/wp\/v2\/users\/12"}],"replies":[{"embeddable":true,"href":"https:\/\/printagram.com\/es\/wp-json\/wp\/v2\/comments?post=8680"}],"version-history":[{"count":0,"href":"https:\/\/printagram.com\/es\/wp-json\/wp\/v2\/pages\/8680\/revisions"}],"wp:attachment":[{"href":"https:\/\/printagram.com\/es\/wp-json\/wp\/v2\/media?parent=8680"}],"curies":[{"name":"wp","href":"https:\/\/api.w.org\/{rel}","templated":true}]}}