{"id":21479,"date":"2023-01-26T11:45:43","date_gmt":"2023-01-26T10:45:43","guid":{"rendered":"https:\/\/printagram.com\/?page_id=21479"},"modified":"2024-03-26T22:48:13","modified_gmt":"2024-03-26T21:48:13","slug":"wysylka-towarow","status":"publish","type":"page","link":"https:\/\/printagram.com\/es\/tipos-de-envio\/","title":{"rendered":"Env\u00edo de mercanc\u00edas"},"content":{"rendered":"<div data-elementor-type=\"wp-page\" data-elementor-id=\"21479\" class=\"elementor elementor-21479\">\n\t\t\t\t\t\t<section class=\"wd-negative-gap elementor-section elementor-top-section elementor-element elementor-element-89554e5 elementor-section-boxed elementor-section-height-default elementor-section-height-default\" data-id=\"89554e5\" data-element_type=\"section\" data-e-type=\"section\">\n\t\t\t\t\t\t<div class=\"elementor-container elementor-column-gap-default\">\n\t\t\t\t\t<div class=\"elementor-column elementor-col-100 elementor-top-column elementor-element elementor-element-22b5ab6\" data-id=\"22b5ab6\" data-element_type=\"column\" data-e-type=\"column\">\n\t\t\t<div class=\"elementor-widget-wrap elementor-element-populated\">\n\t\t\t\t\t\t<div class=\"elementor-element elementor-element-fc1daec elementor-widget elementor-widget-wd_text_block\" data-id=\"fc1daec\" data-element_type=\"widget\" data-e-type=\"widget\" data-widget_type=\"wd_text_block.default\">\n\t\t\t\t<div class=\"elementor-widget-container\">\n\t\t\t\t\t\t\t<div class=\"wd-text-block reset-last-child text-left\">\n\t\t\t\n\t\t\t<h3>Embalaje<\/h3><p>Los paquetes est\u00e1n protegidos de forma fiable. Enviamos los paquetes grandes en cajas de cart\u00f3n grueso de 5 capas, y los paquetes m\u00e1s peque\u00f1os en sobres de burbujas especiales o cajas m\u00e1s peque\u00f1as de cart\u00f3n de 3 capas.<\/p><h3>Transportistas<\/h3><p>El modo de env\u00edo de los productos lo elige el cliente durante el proceso de finalizaci\u00f3n del pedido. Actualmente los paquetes se env\u00edan por:<\/p><div>UPS<\/div><div>DHL <br>Correo Inpost <br>M\u00e1quinas de paqueter\u00eda Inpost<\/div><div>Correo ordinario<\/div><div>&nbsp;<\/div><h3>Gastos de env\u00edo<\/h3><p>Los gastos de env\u00edo se calculan para todo el pedido en cuesti\u00f3n. Dependen del peso y del tipo de embalaje de todos los productos de la cesta. Los gastos de embalaje est\u00e1n incluidos en el precio del env\u00edo.<\/p><h3>Plazo de entrega<\/h3><p>Los plazos de entrega son, en la gran mayor\u00eda de los casos, de 1 d\u00eda laborable dentro de Polonia. Sin embargo, no siempre garantizamos estos plazos. Pueden prolongarse hasta 3 d\u00edas laborables en funci\u00f3n del transportista seleccionado. El plazo de entrega de los paquetes internacionales a trav\u00e9s de UPS es de 1 a 5 d\u00edas laborables dentro de Europa. El plazo de entrega est\u00e1ndar de Correos es de 6 a 14 d\u00edas (Europa), y de 7 a 28 d\u00edas (resto del mundo).<\/p><h3>Seguimiento<\/h3><p>Cada env\u00edo que realizamos tiene su propio n\u00famero y puede seguirse en los sitios web de las empresas de transporte.<\/p>\n\t\t\t\t\t<\/div>\n\t\t\t\t\t\t<\/div>\n\t\t\t\t<\/div>\n\t\t\t\t\t<\/div>\n\t\t<\/div>\n\t\t\t\t\t<\/div>\n\t\t<\/section>\n\t\t\t\t<\/div>","protected":false},"excerpt":{"rendered":"<p>Embalaje Los env\u00edos est\u00e1n protegidos de forma fiable. Enviamos los paquetes grandes en cajas de cart\u00f3n grueso de 5 capas, y los paquetes m\u00e1s peque\u00f1os en cajas especiales.<\/p>","protected":false},"author":3445,"featured_media":0,"parent":0,"menu_order":3,"comment_status":"closed","ping_status":"closed","template":"","meta":{"_seopress_robots_primary_cat":"","_seopress_titles_title":"","_seopress_titles_desc":"","_seopress_robots_index":"","footnotes":""},"class_list":["post-21479","page","type-page","status-publish","hentry"],"_links":{"self":[{"href":"https:\/\/printagram.com\/es\/wp-json\/wp\/v2\/pages\/21479","targetHints":{"allow":["GET"]}}],"collection":[{"href":"https:\/\/printagram.com\/es\/wp-json\/wp\/v2\/pages"}],"about":[{"href":"https:\/\/printagram.com\/es\/wp-json\/wp\/v2\/types\/page"}],"author":[{"embeddable":true,"href":"https:\/\/printagram.com\/es\/wp-json\/wp\/v2\/users\/3445"}],"replies":[{"embeddable":true,"href":"https:\/\/printagram.com\/es\/wp-json\/wp\/v2\/comments?post=21479"}],"version-history":[{"count":0,"href":"https:\/\/printagram.com\/es\/wp-json\/wp\/v2\/pages\/21479\/revisions"}],"wp:attachment":[{"href":"https:\/\/printagram.com\/es\/wp-json\/wp\/v2\/media?parent=21479"}],"curies":[{"name":"wp","href":"https:\/\/api.w.org\/{rel}","templated":true}]}}