{"id":21477,"date":"2023-01-26T11:44:50","date_gmt":"2023-01-26T10:44:50","guid":{"rendered":"https:\/\/printagram.com\/?page_id=21477"},"modified":"2023-11-17T14:21:00","modified_gmt":"2023-11-17T13:21:00","slug":"termin-realizacji","status":"publish","type":"page","link":"https:\/\/printagram.com\/es\/fechas-de-finalizacion\/","title":{"rendered":"Plazo de aplicaci\u00f3n"},"content":{"rendered":"<div data-elementor-type=\"wp-page\" data-elementor-id=\"21477\" class=\"elementor elementor-21477\">\n\t\t\t\t\t\t<section class=\"wd-negative-gap elementor-section elementor-top-section elementor-element elementor-element-d86c5be elementor-section-boxed elementor-section-height-default elementor-section-height-default\" data-id=\"d86c5be\" data-element_type=\"section\" data-e-type=\"section\">\n\t\t\t\t\t\t<div class=\"elementor-container elementor-column-gap-default\">\n\t\t\t\t\t<div class=\"elementor-column elementor-col-100 elementor-top-column elementor-element elementor-element-b890833\" data-id=\"b890833\" data-element_type=\"column\" data-e-type=\"column\">\n\t\t\t<div class=\"elementor-widget-wrap elementor-element-populated\">\n\t\t\t\t\t\t<div class=\"elementor-element elementor-element-baba614 elementor-widget elementor-widget-wd_text_block\" data-id=\"baba614\" data-element_type=\"widget\" data-e-type=\"widget\" data-widget_type=\"wd_text_block.default\">\n\t\t\t\t<div class=\"elementor-widget-container\">\n\t\t\t\t\t\t\t<div class=\"wd-text-block reset-last-child text-left\">\n\t\t\t\n\t\t\t<p>(extracto de <span style=\"text-decoration: underline;\"><a href=\"https:\/\/printagram.com\/es\/reglamentos\/\">normativa<\/a><\/span>)<\/p><p>5.4 El plazo de entrega se calcula a partir de la correcta realizaci\u00f3n del pedido, es decir, de su aceptaci\u00f3n y confirmaci\u00f3n.<br \/>5.4.1 Los plazos de entrega var\u00edan en funci\u00f3n del producto elegido y de las opciones seleccionadas en el mismo. Los plazos de entrega (especificados en d\u00edas laborables) se indican en l\u00ednea al examinar los productos en la tienda o en el resumen del pedido.<br \/>5.4.2 En el caso de Productos con diferentes plazos de entrega, la fecha de entrega ser\u00e1 la m\u00e1s larga de las indicadas.<br \/>5.5 El inicio del plazo de entrega del Producto al Cliente se cuenta a partir de la confirmaci\u00f3n del pago del pedido y de la confirmaci\u00f3n de la exactitud del pedido realizado.<br \/>5.5.1. La confirmaci\u00f3n del pago -si el Cliente opta por pagar mediante transferencia bancaria, pago electr\u00f3nico o tarjeta de pago- se considerar\u00e1 recepci\u00f3n del pago en la cuenta bancaria o cuenta de liquidaci\u00f3n del Vendedor.<br \/>5.5.2 Confirmaci\u00f3n de la exactitud del pedido realizado. Un empleado del Vendedor confirma personalmente la exactitud del pedido realizado junto con los materiales entregados. La comprobaci\u00f3n de la exactitud del pedido s\u00f3lo se realiza en los pedidos pagados.<br \/>En caso de que sean necesarios trabajos preparatorios o de adaptaci\u00f3n (por ejemplo, desarrollo y aprobaci\u00f3n del dise\u00f1o, preparaci\u00f3n de expedientes u otros trabajos necesarios para la ejecuci\u00f3n) para la ejecuci\u00f3n del pedido, el inicio del plazo de ejecuci\u00f3n podr\u00e1 aplazarse por el tiempo necesario para estos trabajos.<br \/>5.5.2.2 La informaci\u00f3n sobre la correcci\u00f3n y la aceptaci\u00f3n de la orden de ejecuci\u00f3n se documenta mediante el env\u00edo de un correo electr\u00f3nico de confirmaci\u00f3n de la aceptaci\u00f3n para la ejecuci\u00f3n.<br \/>5.5.2.3 La fecha de entrega vinculante del pedido (fecha de env\u00edo prevista) sigue siendo siempre la informaci\u00f3n enviada en el correo electr\u00f3nico de confirmaci\u00f3n del pedido.<br \/>5.6 La \"Imprenta\" no es responsable de los defectos y retrasos en el cumplimiento del pedido que resulten de la preparaci\u00f3n incorrecta por el Cliente del archivo necesario para el cumplimiento del pedido (incompatible con la especificaci\u00f3n t\u00e9cnica dada en las recomendaciones) o cualquier otra raz\u00f3n que haga imposible su uso para el cumplimiento correcto del pedido.<br \/>5.7 La fecha de entrega de un pedido o de uno de sus art\u00edculos puede incumplirse por parte del Vendedor en caso de fuerza mayor (por ejemplo, aver\u00eda). En tal caso, se informar\u00e1 inmediatamente al Cliente.<\/p>\n\t\t\t\t\t<\/div>\n\t\t\t\t\t\t<\/div>\n\t\t\t\t<\/div>\n\t\t\t\t\t<\/div>\n\t\t<\/div>\n\t\t\t\t\t<\/div>\n\t\t<\/section>\n\t\t\t\t<\/div>","protected":false},"excerpt":{"rendered":"<p>(extracto del Reglamento interno) 5.4 El plazo de entrega se calcula a partir de la realizaci\u00f3n correcta del pedido, es decir, la aceptaci\u00f3n y la confirmaci\u00f3n.5.4.1 Plazos de entrega<\/p>","protected":false},"author":3445,"featured_media":0,"parent":0,"menu_order":2,"comment_status":"closed","ping_status":"closed","template":"","meta":{"_seopress_robots_primary_cat":"","_seopress_titles_title":"","_seopress_titles_desc":"","_seopress_robots_index":"","footnotes":""},"class_list":["post-21477","page","type-page","status-publish","hentry"],"_links":{"self":[{"href":"https:\/\/printagram.com\/es\/wp-json\/wp\/v2\/pages\/21477","targetHints":{"allow":["GET"]}}],"collection":[{"href":"https:\/\/printagram.com\/es\/wp-json\/wp\/v2\/pages"}],"about":[{"href":"https:\/\/printagram.com\/es\/wp-json\/wp\/v2\/types\/page"}],"author":[{"embeddable":true,"href":"https:\/\/printagram.com\/es\/wp-json\/wp\/v2\/users\/3445"}],"replies":[{"embeddable":true,"href":"https:\/\/printagram.com\/es\/wp-json\/wp\/v2\/comments?post=21477"}],"version-history":[{"count":0,"href":"https:\/\/printagram.com\/es\/wp-json\/wp\/v2\/pages\/21477\/revisions"}],"wp:attachment":[{"href":"https:\/\/printagram.com\/es\/wp-json\/wp\/v2\/media?parent=21477"}],"curies":[{"name":"wp","href":"https:\/\/api.w.org\/{rel}","templated":true}]}}