{"id":21469,"date":"2023-01-26T11:41:42","date_gmt":"2023-01-26T10:41:42","guid":{"rendered":"https:\/\/printagram.com\/?page_id=21469"},"modified":"2023-12-18T12:14:21","modified_gmt":"2023-12-18T11:14:21","slug":"jak-przygotowac-pliki","status":"publish","type":"page","link":"https:\/\/printagram.com\/es\/como-preparar-los-archivos\/","title":{"rendered":"C\u00f3mo preparar los archivos"},"content":{"rendered":"<div data-elementor-type=\"wp-page\" data-elementor-id=\"21469\" class=\"elementor elementor-21469\">\n\t\t\t\t\t\t<section class=\"wd-negative-gap elementor-section elementor-top-section elementor-element elementor-element-be1742b elementor-section-boxed elementor-section-height-default elementor-section-height-default\" data-id=\"be1742b\" data-element_type=\"section\" data-e-type=\"section\">\n\t\t\t\t\t\t<div class=\"elementor-container elementor-column-gap-default\">\n\t\t\t\t\t<div class=\"elementor-column elementor-col-100 elementor-top-column elementor-element elementor-element-0199293\" data-id=\"0199293\" data-element_type=\"column\" data-e-type=\"column\">\n\t\t\t<div class=\"elementor-widget-wrap elementor-element-populated\">\n\t\t\t\t\t\t<div class=\"elementor-element elementor-element-a1a8f97 elementor-widget elementor-widget-wd_text_block\" data-id=\"a1a8f97\" data-element_type=\"widget\" data-e-type=\"widget\" data-widget_type=\"wd_text_block.default\">\n\t\t\t\t<div class=\"elementor-widget-container\">\n\t\t\t\t\t\t\t<div class=\"wd-text-block reset-last-child text-left\">\n\t\t\t\n\t\t\t<p>Es una buena idea utilizar plantillas preparadas y descargables en p\u00e1ginas de productos espec\u00edficos.<\/p><p>Aseg\u00farese siempre de que tiene el tama\u00f1o de documento adecuado.<\/p><p>Utilice la lista de control facilitada para mayor seguridad a la hora de preparar su expediente.\u00a0<\/p><p style=\"text-align: center;\"><a title=\"Lista de control para la preparaci\u00f3n del expediente\" href=\"\/wp-content\/uploads\/2023\/11\/preparing-files-for-printing-checklist-pl.pdf\"><br \/><img decoding=\"async\" class=\"attachment-thumbnail size-thumbnail\" src=\"https:\/\/printagram.com\/wp-content\/uploads\/2023\/05\/pdf.png\" alt=\"Checklist\" width=\"30\" height=\"30\" data-no-auto-translation=\"\" \/>Lista de control PDF<br \/><\/a><\/p><h2>Algunas directrices generales<\/h2><table class=\"checklist\" border=\"0\" cellspacing=\"0\" cellpadding=\"0\"><tbody><tr><td class=\"left\">Colores<\/td><td><ul class=\"circle\"><li>Prepara tus archivos utilizando CMYK como modo de color en lugar de RGB.<\/li><li>Usando colores especiales (Pantone), ingrese los valores deseados en el canal de color o prepare una p\u00e1gina o archivo separado solo para este color.<\/li><li>Recomendamos crear las zonas grises en escala de grises (tinte negro).<\/li><\/ul><\/td><\/tr><tr><td class=\"left\">Talla<\/td><td><ul class=\"circle\"><li>Crea archivos en su tama\u00f1o final.<\/li><li>Si es posible, sus archivos se escalar\u00e1n autom\u00e1ticamente al formato del pedido. Tenga en cuenta que escalar un formato peque\u00f1o a uno grande puede provocar una reducci\u00f3n de la resoluci\u00f3n. Por ejemplo, escalar un folleto A5 a un folleto A4 puede afectar a la resoluci\u00f3n y a la p\u00e9rdida de calidad.<\/li><\/ul><\/td><\/tr><tr><td class=\"left\">Recorte de excedentes - sangr\u00edas<\/td><td><ul class=\"circle\"><li>Para evitar bordes blancos sin imprimir, a\u00f1ada siempre un margen de recorte (sangrado) al tama\u00f1o pedido.<\/li><li>Recorte est\u00e1ndar: 2 mm<\/li><li>Aseg\u00farese de que los colores, las im\u00e1genes de fondo y los dise\u00f1os se extienden hasta la zona de sangrado para evitar dejar l\u00edneas blancas como resultado de las tolerancias de corte.<\/li><\/ul><\/td><\/tr><tr><td class=\"left\">Margen de seguridad<\/td><td><ul class=\"circle\"><li>Mantenga todo el contenido a una distancia m\u00ednima de 3 mm del borde del tama\u00f1o acabado.<\/li><li>En el caso de carpetas, folletos plegados, etc., tambi\u00e9n debe aplicarse un margen de seguridad a los pliegues.<\/li><li>Evite utilizar bordes alrededor de la p\u00e1gina en sus dise\u00f1os. Debido a la tolerancia del corte mec\u00e1nico, las irregularidades pueden ser visibles y afectar a la est\u00e9tica del producto final.<\/li><\/ul><\/td><\/tr><tr><td class=\"left\">Im\u00e1genes y resoluciones<\/td><td><ul class=\"circle\"><li>Fotos, im\u00e1genes y gr\u00e1ficos: 300 ppp<\/li><li>Escalas de grises e im\u00e1genes en color: 300 ppp<\/li><li>Gr\u00e1ficos lineales (por ejemplo, textos y dibujos con fuentes peque\u00f1as): 1.200 ppp<\/li><li>Carteles publicitarios, tecnolog\u00eda publicitaria con texto: 150 dpi<\/li><li>Productos de gran formato: 72 ppp<\/li><\/ul><\/td><\/tr><tr><td class=\"left\">Pesos de l\u00ednea<\/td><td><ul class=\"circle\"><li>Impresi\u00f3n CMYK: el grosor de l\u00ednea debe ser como m\u00ednimo de 0,1 mm (0,250 pt)<\/li><li>Estampaci\u00f3n en caliente\/impresi\u00f3n en relieve\/letterpress (huecograbado): El grosor de la l\u00ednea debe ser de 0,15 mm como m\u00ednimo.<\/li><li>Estampado convexo: El grosor de las l\u00edneas debe ser como m\u00ednimo de 0,2 mm\/0,5 mm - dependiendo de la configuraci\u00f3n del pedido (a convenir individualmente).<\/li><li>Es posible que las l\u00edneas demasiado finas no se impriman o se rompan o interrumpan<\/li><\/ul><\/td><\/tr><tr><td class=\"left\">Formatos de archivo<\/td><td><ul class=\"circle\"><li>Guarde siempre sus archivos en formato listo para imprimir, preferiblemente PDF (PDF\/X-4 o PDF 1.6), JPG, TIFF, EPS.<\/li><li>Evite utilizar varias capas (contenido opcional) en los archivos PDF.<\/li><li>Sustituye todos los efectos posibles, como transparencias, sombras, etc., por mapas de bits aplanados para evitar la conversi\u00f3n y los cambios de color.<\/li><\/ul><\/td><\/tr><tr><td class=\"left\">Fuentes<\/td><td><ul class=\"circle\"><li>Convierta fuentes en contornos (objetos vectoriales) o col\u00f3quelas para evitar discrepancias tipogr\u00e1ficas y aseg\u00farese de que la codificaci\u00f3n de fuentes en el PDF sea correcta.<\/li><li>Evite los componentes de color para el texto negro; en su lugar, establezca el color de la fuente en 100% K.<\/li><li>Evite colocar fuentes claras y finas sobre un fondo oscuro. Debido a la dispersi\u00f3n natural del t\u00f3ner o la tinta, los elementos finos pueden inundarse.<\/li><li>Aseg\u00farese de que la diferencia de color entre el fondo y la fuente es suficiente.<\/li><\/ul><\/td><\/tr><tr><td class=\"left\"><span dir=\"ltr\">Barniz UV sectorizado y Metallic 3D (doradura)<\/span><\/td><td><ul><li><span dir=\"ltr\">Prepare una p\u00e1gina o archivo separado (la llamada m\u00e1scara) para el barniz UV sectorizado o el dorado convexo. Marque en negro los elementos que desea barnizar o laminar. En el caso del efecto met\u00e1lico 3D estos elementos no deben aparecer en p\u00e1ginas CMYK (por ejemplo, el logo s\u00f3lo debe aparecer en la m\u00e1scara).<\/span><\/li><li><span dir=\"ltr\">El elemento m\u00e1s peque\u00f1o no debe ser inferior a 0,4 mm y los huecos entre ellos no deben\u00a0<\/span><span dir=\"ltr\">inferior a 0,5 mm. Si estos espacios son menores, puede producirse una \"inundaci\u00f3n\" de este espacio.<\/span><\/li><li><span dir=\"ltr\">No dise\u00f1ar barniz UV convexo ni dorado 3D en los bordes. Mantener\u00a0<\/span><span dir=\"ltr\">separaci\u00f3n de 3 mm.<\/span><\/li><\/ul><\/td><\/tr><tr><td class=\"left\">P\u00e1ginas de folletos y cat\u00e1logos<\/td><td><ul class=\"circle\"><li>Para productos de varias p\u00e1ginas, prepare las p\u00e1ginas individuales con sangrados en orden secuencial.<\/li><\/ul><\/td><\/tr><\/tbody><\/table>\n\t\t\t\t\t<\/div>\n\t\t\t\t\t\t<\/div>\n\t\t\t\t<\/div>\n\t\t\t\t<div class=\"elementor-element elementor-element-7e43071 elementor-widget elementor-widget-shortcode\" data-id=\"7e43071\" data-element_type=\"widget\" data-e-type=\"widget\" data-widget_type=\"shortcode.default\">\n\t\t\t\t<div class=\"elementor-widget-container\">\n\t\t\t\t\t\t\t<div class=\"elementor-shortcode\"><p><script type=\"text\/javascript\">const anchorHow = document.querySelector(\".elementor-element-a1a8f97 a\");\nconst anchorHow2 = document.querySelector(\".elementor-element-a1a8f97 .wd-info-box\");\n\/\/console.log(anchorHow.href);\n\/\/console.log(window.location.pathname);\nif (window.location.pathname.includes(\"\/en\/\")) {\nanchorHow.href=\"\/wp-content\/uploads\/2023\/11\/preparing-files-for-printing-checklist-en.pdf\";\n}\nif (window.location.pathname.includes(\"\/es\/\")) {\nanchorHow.href=\"\/wp-content\/uploads\/2023\/11\/preparing-files-for-printing-checklist-es.pdf\";\n}\nif (window.location.pathname.includes(\"\/it\/\")) {\nanchorHow.href=\"\/wp-content\/uploads\/2023\/11\/preparing-files-for-printing-checklist-it.pdf\";\n}\nif (window.location.pathname.includes(\"\/de\/\")) {\nanchorHow.href=\"\/wp-content\/uploads\/2023\/11\/preparing-files-for-printing-checklist-de.pdf\";\n}\n<\/script><\/p>\n<\/div>\n\t\t\t\t\t\t<\/div>\n\t\t\t\t<\/div>\n\t\t\t\t\t<\/div>\n\t\t<\/div>\n\t\t\t\t\t<\/div>\n\t\t<\/section>\n\t\t\t\t<\/div>","protected":false},"excerpt":{"rendered":"<p>Es una buena idea utilizar plantillas preparadas y descargables en p\u00e1ginas de productos espec\u00edficos.  Aseg\u00farese siempre de tener el tama\u00f1o adecuado<\/p>","protected":false},"author":3445,"featured_media":0,"parent":0,"menu_order":1,"comment_status":"closed","ping_status":"closed","template":"","meta":{"_seopress_robots_primary_cat":"","_seopress_titles_title":"","_seopress_titles_desc":"","_seopress_robots_index":"","footnotes":""},"class_list":["post-21469","page","type-page","status-publish","hentry"],"_links":{"self":[{"href":"https:\/\/printagram.com\/es\/wp-json\/wp\/v2\/pages\/21469","targetHints":{"allow":["GET"]}}],"collection":[{"href":"https:\/\/printagram.com\/es\/wp-json\/wp\/v2\/pages"}],"about":[{"href":"https:\/\/printagram.com\/es\/wp-json\/wp\/v2\/types\/page"}],"author":[{"embeddable":true,"href":"https:\/\/printagram.com\/es\/wp-json\/wp\/v2\/users\/3445"}],"replies":[{"embeddable":true,"href":"https:\/\/printagram.com\/es\/wp-json\/wp\/v2\/comments?post=21469"}],"version-history":[{"count":0,"href":"https:\/\/printagram.com\/es\/wp-json\/wp\/v2\/pages\/21469\/revisions"}],"wp:attachment":[{"href":"https:\/\/printagram.com\/es\/wp-json\/wp\/v2\/media?parent=21469"}],"curies":[{"name":"wp","href":"https:\/\/api.w.org\/{rel}","templated":true}]}}