{"id":21471,"date":"2023-01-26T11:42:22","date_gmt":"2023-01-26T10:42:22","guid":{"rendered":"https:\/\/printagram.com\/?page_id=21471"},"modified":"2023-11-23T22:59:20","modified_gmt":"2023-11-23T21:59:20","slug":"zamawianie-projektu","status":"publish","type":"page","link":"https:\/\/printagram.com\/en\/ordering-project\/","title":{"rendered":"Ordering the project"},"content":{"rendered":"\t\t<div data-elementor-type=\"wp-page\" data-elementor-id=\"21471\" class=\"elementor elementor-21471\">\n\t\t\t\t\t\t<section class=\"wd-negative-gap elementor-section elementor-top-section elementor-element elementor-element-adbe481 elementor-section-boxed elementor-section-height-default elementor-section-height-default\" data-id=\"adbe481\" data-element_type=\"section\" data-e-type=\"section\">\n\t\t\t\t\t\t<div class=\"elementor-container elementor-column-gap-default\">\n\t\t\t\t\t<div class=\"elementor-column elementor-col-100 elementor-top-column elementor-element elementor-element-b9e0b9b\" data-id=\"b9e0b9b\" data-element_type=\"column\" data-e-type=\"column\">\n\t\t\t<div class=\"elementor-widget-wrap elementor-element-populated\">\n\t\t\t\t\t\t<div class=\"elementor-element elementor-element-1f7e7cc elementor-widget elementor-widget-wd_text_block\" data-id=\"1f7e7cc\" data-element_type=\"widget\" data-e-type=\"widget\" data-widget_type=\"wd_text_block.default\">\n\t\t\t\t<div class=\"elementor-widget-container\">\n\t\t\t\t\t\t\t<div class=\"wd-text-block reset-last-child text-left\">\n\t\t\t\n\t\t\t<h1>Spos\u00f3b zam\u00f3wienia<\/h1><p>Projekty wykonujemy i wysy\u0142amy tylko po uprzednim z\u0142o\u017ceniu formalnego zam\u00f3wienia. Zam\u00f3wienie mo\u017ce by\u0107 z\u0142o\u017cone przez email wg indywidualnej \u015bcie\u017cki lub zamawiaj\u0105c projekt jako produkt w sklepie.<\/p><h4>Jak pracujemy nad projektem<\/h4><p>Do wykonania projektu potrzebujemy od Pa\u0144stwa wskaz\u00f3wek i danych. Mile widziane s\u0105 wszelkie sugestie oraz dodatkowe materia\u0142y\u00a0takie jak logo, zdj\u0119cia, teksty. Zaraz jak tylko projekt bedzie gotowy prze\u015blemy go emailowo do akceptacji. Je\u015bli b\u0119dziesz mie\u0107 jakiekolwiek w\u0105tpliwo\u015bci lub uwagi do niego, wprowadzimy je.<\/p><h4>Pe\u0142na satysfakcja<\/h4><p>Nie martw si\u0119 - b\u0119dziemy pracowa\u0107 nad nim a\u017c do Twojej pe\u0142nej satysfakcji. Przygotujemy tyle poprawek ile trzeba.<\/p><h3>Wybrane cz\u0119ste pytania:<\/h3><ul><li>Czy dostan\u0119 kilka propozycji do wyboru?<p>Nie, przedstawiamy jedn\u0105 propozycj\u0119. Je\u015bli b\u0119dzie ona zdaniem Pa\u0144stwa niewystarczaj\u0105ca w\u00f3wczas na podstawie przekazanych uwag przygotowujemy kolejn\u0105 propozycj\u0119 uwzgl\u0119dniaj\u0105c\u0105 poprawki.<\/p><\/li><li>A co je\u015bli projekt mi si\u0119 nie spodoba?<p>Maj\u0105 Pa\u0144stwo prawo przedstawi\u0107 uwagi do niego. W\u00f3wczas wykonujemy poprawki i znowu przesy\u0142amy do akceptacji. I tak a\u017c do szcz\u0119\u015bliwego zako\u0144czenia \ud83d\ude42<\/p><\/li><li>Mam ju\u017c w\u0142asny projekt, ale nie jestem pewien czy jest poprawnie przygotowany. Czy musz\u0119 kupowa\u0107 us\u0142ug\u0119 projektowania?<p>Niekoniecznie. Prosimy przes\u0142a\u0107 sw\u00f3j projekt do darmowej weryfikcji. Prosimy dostarczy\u0107 go mejlowo lub w jakikolwiek inny spos\u00f3b. Sprawdzimy Tw\u00f3j projekt za darmo. Powiadomimy czy jest on poprawny, czy wymaga poprawek lub ponownego wykonania.<\/p><\/li><li>Chc\u0119 zam\u00f3wi\u0107 wizyt\u00f3wki dla kilku os\u00f3b w firmie. Czy ka\u017cde nazwisko to jeden projekt?<p>Nie! Projekt dotyczy tylko og\u00f3lnego wzoru. Je\u015bli bedzie on ju\u017c zaakceptowany to przygotowanie kilku dodatkowych projekt\u00f3w r\u00f3\u017cni\u0105cych si\u0119 tylko danymi b\u0119dzie bezp\u0142atne.<\/p><\/li><li>Czy mo\u017cecie zaprojektowa\u0107 mi przy okazji logo?<p>Niestety nie! Projekt dotyczy wy\u0142\u0105cznie wzoru u\u017cytkowego. Logotypy s\u0105 wyceniane w inny spos\u00f3b. Skontaktuj si\u0119 i zapytaj o logotyp i pakiet podstawowych projekt\u00f3w firmowych<\/p><\/li><\/ul><p>Wiecej szukaj w na\u00a0<a href=\"https:\/\/printagram.com\/faq\">stronie pomocy (FAQ)<\/a><\/p><h3>Termin wykonania projektu<\/h3><p>do 3 dni roboczych od otrzymania wskaz\u00f3wek i materia\u0142\u00f3w.<\/p><p>Pierwszy dzie\u0144 liczy si\u0119 od dnia nast\u0119puj\u0105cego po uzgodnieniu wytycznych i przes\u0142aniu ewentualnych materia\u0142\u00f3w.\u00a0Je\u015bli\u00a0kupujesz przedmiot, do kt\u00f3rego zamawiasz us\u0142ug\u0119 projektowania, to prosz\u0119 wzi\u0105\u0107 pod uwag\u0119, \u017ce termin wykonania ca\u0142o\u015bci zam\u00f3wienia (produkt + projekt) mo\u017ce si\u0119 wyd\u0142u\u017cy\u0107 o czas potrzebny na wykonanie projektu i akceptacj\u0119. Pracujemy od poniedzia\u0142ku do pi\u0105tku z wyj\u0105tkiem \u015bwi\u0105t.<\/p><p>Prawa autorskie do projekt\u00f3w zgodnie z prawem autorskim pozostaj\u0105 w\u0142asno\u015bci\u0105 Sprzedaj\u0105cego dop\u00f3ki nie zostan\u0105 wykupione lub odst\u0105pione za zgod\u0105 Sprzedaj\u0105cego.<\/p>\n\t\t\t\t\t<\/div>\n\t\t\t\t\t\t<\/div>\n\t\t\t\t<\/div>\n\t\t\t\t\t<\/div>\n\t\t<\/div>\n\t\t\t\t\t<\/div>\n\t\t<\/section>\n\t\t\t\t<section class=\"wd-negative-gap elementor-section elementor-top-section elementor-element elementor-element-516a7690 elementor-section-boxed elementor-section-height-default elementor-section-height-default\" data-id=\"516a7690\" data-element_type=\"section\" data-e-type=\"section\">\n\t\t\t\t\t\t<div class=\"elementor-container elementor-column-gap-default\">\n\t\t\t\t\t<div class=\"elementor-column elementor-col-100 elementor-top-column elementor-element elementor-element-4de80417\" data-id=\"4de80417\" data-element_type=\"column\" data-e-type=\"column\">\n\t\t\t<div class=\"elementor-widget-wrap elementor-element-populated\">\n\t\t\t\t\t\t<div class=\"elementor-element elementor-element-2357ddb2 wd-width-100 elementor-widget elementor-widget-wd_title\" data-id=\"2357ddb2\" data-element_type=\"widget\" data-e-type=\"widget\" data-widget_type=\"wd_title.default\">\n\t\t\t\t<div class=\"elementor-widget-container\">\n\t\t\t\t\t\t\t<div class=\"title-wrapper wd-set-mb reset-last-child wd-title-color-default wd-title-style-default wd-title-size-large text-center\">\n\n\t\t\t\n\t\t\t<div class=\"liner-continer\">\n\t\t\t\t<h4 class=\"woodmart-title-container title wd-fontsize-xxl\"><\/h4> \n\t\t\t\t\t\t\t<\/div>\n\n\t\t\t\t\t<\/div>\n\t\t\t\t\t\t<\/div>\n\t\t\t\t<\/div>\n\t\t\t\t<div class=\"elementor-element elementor-element-ed1ac6c wd-width-100 elementor-widget elementor-widget-wd_products\" data-id=\"ed1ac6c\" data-element_type=\"widget\" data-e-type=\"widget\" data-widget_type=\"wd_products.default\">\n\t\t\t\t<div class=\"elementor-widget-container\">\n\t\t\t\t\t\t\t\t\t\t<div class=\"wd-products-element\">\n\n\t\t\t\n\t\t\t\n\t\t\t\n\t\t\t<div class=\"products wd-products grid-columns-3 elements-grid wd-grid-g wd-loop-builder-off title-line-two wd-stretch-cont-lg wd-stretch-cont-md\" data-paged=\"1\" data-atts=\"{&quot;speed&quot;:null,&quot;slides_per_view&quot;:null,&quot;wrap&quot;:null,&quot;autoplay&quot;:null,&quot;autoheight&quot;:null,&quot;hide_pagination_control&quot;:null,&quot;dynamic_pagination_control&quot;:null,&quot;hide_prev_next_buttons&quot;:null,&quot;carousel_arrows_position&quot;:null,&quot;hide_scrollbar&quot;:null,&quot;scroll_per_page&quot;:null,&quot;center_mode&quot;:null,&quot;post_type&quot;:&quot;ids&quot;,&quot;spacing&quot;:&quot;&quot;,&quot;carousel_sync&quot;:null,&quot;sync_parent_id&quot;:null,&quot;sync_child_id&quot;:null,&quot;scroll_carousel_init&quot;:null,&quot;disable_overflow_carousel&quot;:null,&quot;include&quot;:[&quot;699&quot;],&quot;taxonomies&quot;:null,&quot;offset&quot;:null,&quot;order&quot;:null,&quot;meta_key&quot;:null,&quot;exclude&quot;:null,&quot;shop_tools&quot;:null,&quot;ajax_recently_viewed&quot;:null,&quot;pagination_arrows_position&quot;:null,&quot;items_per_page&quot;:1,&quot;list_spacing&quot;:null,&quot;columns&quot;:{&quot;unit&quot;:&quot;px&quot;,&quot;size&quot;:3,&quot;sizes&quot;:[]},&quot;products_masonry&quot;:&quot;&quot;,&quot;products_different_sizes&quot;:&quot;&quot;,&quot;product_quantity&quot;:&quot;&quot;,&quot;product_custom_hover&quot;:null,&quot;sale_countdown&quot;:&quot;0&quot;,&quot;stretch_product&quot;:null,&quot;stock_progress_bar&quot;:&quot;0&quot;,&quot;highlighted_products&quot;:&quot;0&quot;,&quot;products_divider&quot;:null,&quot;products_bordered_grid&quot;:&quot;0&quot;,&quot;products_bordered_grid_style&quot;:null,&quot;products_with_background&quot;:&quot;0&quot;,&quot;products_shadow&quot;:&quot;0&quot;,&quot;img_size&quot;:&quot;large&quot;,&quot;img_size_custom&quot;:null,&quot;grid_gallery_control&quot;:null,&quot;grid_gallery_enable_arrows&quot;:null,&quot;elementor&quot;:true,&quot;force_not_ajax&quot;:&quot;no&quot;}\" data-source=\"shortcode\" data-columns=\"3\" style=\"--wd-col-lg:3;--wd-col-md:3;--wd-col-sm:2;--wd-gap-lg:30px;--wd-gap-sm:10px;\">\n\t\t\n\t\t\t\t\t\t\t\t<div class=\"wd-product wd-col wd-hover-standard product-grid-item product type-product post-699 status-publish instock product_cat-uslugi-graficzne product_tag-eventy product_tag-firma-biuro product_tag-konferencje-kursy-szkolenia product_tag-produkcja product_tag-promowanie product_tag-sprzedaz-handel has-post-thumbnail taxable shipping-taxable purchasable product-type-simple\" data-loop=\"1\" data-id=\"699\">\n\t\n<div class=\"wd-product-wrapper product-wrapper\">\n\t<div class=\"wd-product-thumb product-element-top wd-quick-shop\">\n\t\t<a href=\"https:\/\/printagram.com\/en\/product\/graphic-design\/\" class=\"wd-product-img-link product-image-link\" tabindex=\"-1\" aria-label=\"Projekt graficzny u\u017cytkowy\">\n\t\t\t<img decoding=\"async\" width=\"1062\" height=\"709\" src=\"https:\/\/printagram.com\/wp-content\/uploads\/2023\/10\/design-service.jpg\" class=\"attachment-large size-large\" alt=\"\" srcset=\"https:\/\/printagram.com\/wp-content\/uploads\/2023\/10\/design-service.jpg 1062w, https:\/\/printagram.com\/wp-content\/uploads\/2023\/10\/design-service-400x267.jpg 400w, https:\/\/printagram.com\/wp-content\/uploads\/2023\/10\/design-service-768x513.jpg 768w, https:\/\/printagram.com\/wp-content\/uploads\/2023\/10\/design-service-18x12.jpg 18w, https:\/\/printagram.com\/wp-content\/uploads\/2023\/10\/design-service-860x574.jpg 860w, https:\/\/printagram.com\/wp-content\/uploads\/2023\/10\/design-service-430x287.jpg 430w, https:\/\/printagram.com\/wp-content\/uploads\/2023\/10\/design-service-700x467.jpg 700w, https:\/\/printagram.com\/wp-content\/uploads\/2023\/10\/design-service-150x100.jpg 150w\" sizes=\"(max-width: 1062px) 100vw, 1062px\" \/>\t\t<\/a>\n\n\t\t\n\t\t<div class=\"wd-buttons wd-pos-r-t\">\n\t\t\t\t\t\t\t\t\t\t\t\t\t\t<\/div>\n\t<\/div>\n\n\t\t<div class=\"product-element-bottom\">\n\t\n\t\n\t<h3 class=\"wd-entities-title\"><a href=\"https:\/\/printagram.com\/en\/product\/graphic-design\/\">Projekt graficzny u\u017cytkowy<\/a><\/h3>\n\t\t\t\n\t\n\t<div class=\"wd-add-btn wd-add-btn-replace\">\n\t\t\n\t\t<a href=\"\/en\/wp-json\/wp\/v2\/pages\/21471?add-to-cart=699\" aria-describedby=\"woocommerce_loop_add_to_cart_link_describedby_699\" data-quantity=\"1\" class=\"button product_type_simple add_to_cart_button ajax_add_to_cart add-to-cart-loop\" data-product_id=\"699\" data-product_sku=\"PR032\" aria-label=\"Add to basket: &ldquo;Projekt graficzny u\u017cytkowy&rdquo;\" rel=\"nofollow\" data-success_message=\"&ldquo;Projekt graficzny u\u017cytkowy&rdquo; has been added to your cart\" role=\"button\"><span class=\"wd-action-icon\"><span class=\"wd-check-icon\"><\/span><\/span><span class=\"wd-action-text\">Add to basket<\/span><\/a>\t<span id=\"woocommerce_loop_add_to_cart_link_describedby_699\" class=\"screen-reader-text\">\n\t\t\t<\/span>\n\t<\/div>\n\n\t<span class=\"gtm4wp_productdata\" style=\"display:none; visibility:hidden;\" data-gtm4wp_product_data=\"{&quot;internal_id&quot;:699,&quot;item_id&quot;:699,&quot;item_name&quot;:&quot;Projekt graficzny u\\u017cytkowy&quot;,&quot;sku&quot;:&quot;PR032&quot;,&quot;price&quot;:48.6,&quot;stocklevel&quot;:null,&quot;stockstatus&quot;:&quot;instock&quot;,&quot;google_business_vertical&quot;:&quot;retail&quot;,&quot;item_category&quot;:&quot;Us\\u0142ugi graficzne&quot;,&quot;id&quot;:699,&quot;productlink&quot;:&quot;https:\\\/\\\/printagram.com\\\/en\\\/product\\\/graphic-design\\\/&quot;,&quot;item_list_name&quot;:&quot;General Product List&quot;,&quot;index&quot;:2,&quot;product_type&quot;:&quot;simple&quot;,&quot;item_brand&quot;:&quot;&quot;}\"><\/span>\n\t\n\t\t\t<\/div>\n\t<\/div>\n<\/div>\n\t\t\n\t\t\t\t<\/div>\n\t\n\t\t\n\t\t\n\t\t\t\t\t<\/div>\n\t\t\n\t\t\t\t\t\t<\/div>\n\t\t\t\t<\/div>\n\t\t\t\t\t<\/div>\n\t\t<\/div>\n\t\t\t\t\t<\/div>\n\t\t<\/section>\n\t\t\t\t<\/div>\n\t\t","protected":false},"excerpt":{"rendered":"<p>How to order We only produce and send designs after a formal order has been placed. The order can be placed by e-mail according to individual<\/p>","protected":false},"author":3445,"featured_media":0,"parent":0,"menu_order":2,"comment_status":"closed","ping_status":"closed","template":"","meta":{"_seopress_robots_primary_cat":"","_seopress_titles_title":"","_seopress_titles_desc":"","_seopress_robots_index":"","footnotes":""},"class_list":["post-21471","page","type-page","status-publish","hentry"],"_links":{"self":[{"href":"https:\/\/printagram.com\/en\/wp-json\/wp\/v2\/pages\/21471","targetHints":{"allow":["GET"]}}],"collection":[{"href":"https:\/\/printagram.com\/en\/wp-json\/wp\/v2\/pages"}],"about":[{"href":"https:\/\/printagram.com\/en\/wp-json\/wp\/v2\/types\/page"}],"author":[{"embeddable":true,"href":"https:\/\/printagram.com\/en\/wp-json\/wp\/v2\/users\/3445"}],"replies":[{"embeddable":true,"href":"https:\/\/printagram.com\/en\/wp-json\/wp\/v2\/comments?post=21471"}],"version-history":[{"count":0,"href":"https:\/\/printagram.com\/en\/wp-json\/wp\/v2\/pages\/21471\/revisions"}],"wp:attachment":[{"href":"https:\/\/printagram.com\/en\/wp-json\/wp\/v2\/media?parent=21471"}],"curies":[{"name":"wp","href":"https:\/\/api.w.org\/{rel}","templated":true}]}}