{"id":722,"date":"2022-11-03T14:42:37","date_gmt":"2022-11-03T13:42:37","guid":{"rendered":"https:\/\/printagram.com\/?post_type=product&#038;p=722"},"modified":"2026-02-10T15:46:59","modified_gmt":"2026-02-10T14:46:59","slug":"teczki-firmowe-a4","status":"publish","type":"product","link":"https:\/\/printagram.com\/de\/produkt\/prasentationsmappen-a4\/","title":{"rendered":"Pr\u00e4sentationsmappe A4"},"content":{"rendered":"<p>Dank der rasanten Entwicklung der Drucktechnik und der Reduzierung der Druckvorstufenkosten k\u00f6nnen wir Ihnen sehr g\u00fcnstige Angebotsmappen anbieten. F\u00fcr diese Art von Firmenmappe haben wir zwei Stanzungen zur Auswahl. Die Mappe kann bis zu ca. 10 oder 30 Standard-A4-Bl\u00e4tter aufnehmen - je nach gew\u00e4hlter Stanzung.<\/p>\n<p>Firmenmappen werden bedruckt und anschlie\u00dfend mit gl\u00e4nzender, matter oder Soft-Touch-Folie laminiert oder au\u00dfen lackiert und schlie\u00dflich gestanzt. Bei anderen Mappen wird die Dokumententasche manchmal einfach aufgeklebt. Unsere Mappen haben richtig feste, unverleimte Fl\u00fcgel. Die gesamte Mappe besteht aus einem sehr steifen Kartonbogen. In den unteren Fl\u00fcgel sind Aussparungen f\u00fcr eine Visitenkarte eingearbeitet. Die Mappen werden ungefaltet geliefert.<\/p>","protected":false},"excerpt":{"rendered":"<p>Dank der rasanten Entwicklung der Drucktechnik und der Senkung der Druckvorstufenkosten k\u00f6nnen wir Ihnen sehr g\u00fcnstige Angebotsmappen anbieten. F\u00fcr diese Art von<\/p>","protected":false},"featured_media":21978,"template":"","meta":{"_seopress_robots_primary_cat":"none","_seopress_titles_title":"","_seopress_titles_desc":"","_seopress_robots_index":""},"product_brand":[],"product_cat":[292],"product_tag":[444,448,437,446],"class_list":{"0":"post-722","1":"product","2":"type-product","3":"status-publish","4":"has-post-thumbnail","6":"product_cat-teczki-segregatory","7":"product_tag-firma-biuro","8":"product_tag-konferencje-kursy-szkolenia","9":"product_tag-lakier-uv-selektywny","10":"product_tag-promowanie","12":"first","13":"instock","14":"taxable","15":"shipping-taxable","16":"purchasable","17":"product-type-simple"},"_links":{"self":[{"href":"https:\/\/printagram.com\/de\/wp-json\/wp\/v2\/product\/722","targetHints":{"allow":["GET"]}}],"collection":[{"href":"https:\/\/printagram.com\/de\/wp-json\/wp\/v2\/product"}],"about":[{"href":"https:\/\/printagram.com\/de\/wp-json\/wp\/v2\/types\/product"}],"wp:featuredmedia":[{"embeddable":true,"href":"https:\/\/printagram.com\/de\/wp-json\/wp\/v2\/media\/21978"}],"wp:attachment":[{"href":"https:\/\/printagram.com\/de\/wp-json\/wp\/v2\/media?parent=722"}],"wp:term":[{"taxonomy":"product_brand","embeddable":true,"href":"https:\/\/printagram.com\/de\/wp-json\/wp\/v2\/product_brand?post=722"},{"taxonomy":"product_cat","embeddable":true,"href":"https:\/\/printagram.com\/de\/wp-json\/wp\/v2\/product_cat?post=722"},{"taxonomy":"product_tag","embeddable":true,"href":"https:\/\/printagram.com\/de\/wp-json\/wp\/v2\/product_tag?post=722"}],"curies":[{"name":"wp","href":"https:\/\/api.w.org\/{rel}","templated":true}]}}