{"id":691,"date":"2022-10-23T21:12:33","date_gmt":"2022-10-23T19:12:33","guid":{"rendered":"https:\/\/printagram.com\/produkt\/plyty-okladki-cd-dvd\/"},"modified":"2024-09-30T00:01:48","modified_gmt":"2024-09-29T22:01:48","slug":"plyty-cd-dvd","status":"publish","type":"product","link":"https:\/\/printagram.com\/de\/produkt\/cd-dvd-discs\/","title":{"rendered":"CDs DVDs"},"content":{"rendered":"<p>Sie planen die Ver\u00f6ffentlichung eines Musikalbums, einer CD- oder DVD-Pr\u00e4sentation oder eines Films? Dann ist dieses Angebot genau das Richtige f\u00fcr Sie! Audio-CDs, Video-CDs, DVDs, Multimedia-Pr\u00e4sentationen, Archiv-Discs - alles in Auflagen von wenigen bis zu mehreren tausend Exemplaren. Mit Ihrem eigenen, professionellen und einzigartigen Aufdruck auf Disc und H\u00fclle. Das ist eine vielseitige und bequeme Form der Speicherung von Aufnahmen, Filmen und Daten.<\/p>\n<p>Unser Angebot richtet sich vor allem an medizinische Diagnoseeinrichtungen, Fotografen, Videofirmen oder Unternehmen, die Multimedia-Pr\u00e4sentationen erstellen. Es eignet sich auch hervorragend f\u00fcr Musikbands, die ein Demo oder ihre Promo-CD ver\u00f6ffentlichen wollen. Sie k\u00f6nnen auch dem normalen Nutzer oder Sammler von Audio- oder Videomaterial dienen.<\/p>\n<p>Sehen Sie sich auch das Angebot auf <a href=\"https:\/\/printagram.com\/de\/produkt\/cd-dvd-cover\/\">bedruckte H\u00fcllen f\u00fcr CDs und DVDs<\/a>.<br \/>\nCDs oder DVDs k\u00f6nnen vorbespielt (gebrannt) oder leer (CD-R, DVD-R) sein. Wenn die Discs beschrieben werden sollen, legen Sie bitte eine zus\u00e4tzliche Datei im ISO-Format mit dem Inhalt der Disc bei. <\/p>","protected":false},"excerpt":{"rendered":"<p>Gedruckte und bespielte CD\/DVD (optional)<\/p>","protected":false},"featured_media":22200,"template":"","meta":{"_seopress_robots_primary_cat":"","_seopress_titles_title":"","_seopress_titles_desc":"","_seopress_robots_index":""},"product_brand":[],"product_cat":[316],"product_tag":[448,449,446],"class_list":{"0":"post-691","1":"product","2":"type-product","3":"status-publish","4":"has-post-thumbnail","6":"product_cat-plyty-opakowania-cd-dvd","7":"product_tag-konferencje-kursy-szkolenia","8":"product_tag-produkcja","9":"product_tag-promowanie","11":"first","12":"instock","13":"taxable","14":"shipping-taxable","15":"purchasable","16":"product-type-simple"},"_links":{"self":[{"href":"https:\/\/printagram.com\/de\/wp-json\/wp\/v2\/product\/691","targetHints":{"allow":["GET"]}}],"collection":[{"href":"https:\/\/printagram.com\/de\/wp-json\/wp\/v2\/product"}],"about":[{"href":"https:\/\/printagram.com\/de\/wp-json\/wp\/v2\/types\/product"}],"wp:featuredmedia":[{"embeddable":true,"href":"https:\/\/printagram.com\/de\/wp-json\/wp\/v2\/media\/22200"}],"wp:attachment":[{"href":"https:\/\/printagram.com\/de\/wp-json\/wp\/v2\/media?parent=691"}],"wp:term":[{"taxonomy":"product_brand","embeddable":true,"href":"https:\/\/printagram.com\/de\/wp-json\/wp\/v2\/product_brand?post=691"},{"taxonomy":"product_cat","embeddable":true,"href":"https:\/\/printagram.com\/de\/wp-json\/wp\/v2\/product_cat?post=691"},{"taxonomy":"product_tag","embeddable":true,"href":"https:\/\/printagram.com\/de\/wp-json\/wp\/v2\/product_tag?post=691"}],"curies":[{"name":"wp","href":"https:\/\/api.w.org\/{rel}","templated":true}]}}