{"id":689,"date":"2022-10-23T21:12:31","date_gmt":"2022-10-23T19:12:31","guid":{"rendered":"https:\/\/printagram.com\/produkt\/pocztowki-kartki-widokowki\/"},"modified":"2025-04-03T15:30:07","modified_gmt":"2025-04-03T13:30:07","slug":"pocztowki-kartki-widokowki","status":"publish","type":"product","link":"https:\/\/printagram.com\/de\/produkt\/postkarten\/","title":{"rendered":"Postkarten, Karten, Postkarten"},"content":{"rendered":"<p>Postkarten sind seit mehr als 100 Jahren beliebt. Sie sind ein \u00e4u\u00dferst preiswertes Produkt von hoher Qualit\u00e4t. Die kleine Auflage erm\u00f6glicht es, sehr preiswerte Projekte f\u00fcr k\u00fcnstlerische Aktivit\u00e4ten, Gedenkfeiern, Gruppenreisen usw. zu realisieren. Unsere Postkarten werden von Fotografen und bildenden K\u00fcnstlern, die ihre Arbeit bekannt machen wollen, von Hotels, Agrotourismusunternehmen, Veranstaltern von Ferienlagern und -camps, Fremdenverkehrs\u00e4mtern, Tr\u00e4gern \u00f6kologischer Projekte, Verb\u00e4nden und Werbeabteilungen verschiedener Beh\u00f6rden verwendet.<\/p>\n<p>Obwohl im Zeitalter der E-Mail immer weniger Menschen Briefe und Postkarten mit der traditionellen Post verschicken, k\u00f6nnen Sie sicher sein, dass Postkarten (oder Ansichtskarten) nie aus der Mode kommen werden. Mehr noch - sie nehmen extravagante und luxuri\u00f6se Z\u00fcge an. Denn man kann per Postkarte verschickte Gr\u00fc\u00dfe mit einer E-Mail vergleichen \ud83d\ude42 .<\/p>","protected":false},"excerpt":{"rendered":"<p>Traditionelle Postkarten aus 300 g\/m2 wei\u00dfem Karton. Format 105 mm x 148 mm. Beidseitiger Druck - 4 CMYK-Farben (volle Farbpalette), einseitig mit Glanzlaminat \u00fcberzogen.<\/p>","protected":false},"featured_media":22161,"template":"","meta":{"_seopress_robots_primary_cat":"none","_seopress_titles_title":"","_seopress_titles_desc":"","_seopress_robots_index":""},"product_brand":[],"product_cat":[308],"product_tag":[447,446],"class_list":{"0":"post-689","1":"product","2":"type-product","3":"status-publish","4":"has-post-thumbnail","6":"product_cat-pocztowki-karnety","7":"product_tag-eventy","8":"product_tag-promowanie","10":"first","11":"instock","12":"taxable","13":"shipping-taxable","14":"purchasable","15":"product-type-simple"},"_links":{"self":[{"href":"https:\/\/printagram.com\/de\/wp-json\/wp\/v2\/product\/689","targetHints":{"allow":["GET"]}}],"collection":[{"href":"https:\/\/printagram.com\/de\/wp-json\/wp\/v2\/product"}],"about":[{"href":"https:\/\/printagram.com\/de\/wp-json\/wp\/v2\/types\/product"}],"wp:featuredmedia":[{"embeddable":true,"href":"https:\/\/printagram.com\/de\/wp-json\/wp\/v2\/media\/22161"}],"wp:attachment":[{"href":"https:\/\/printagram.com\/de\/wp-json\/wp\/v2\/media?parent=689"}],"wp:term":[{"taxonomy":"product_brand","embeddable":true,"href":"https:\/\/printagram.com\/de\/wp-json\/wp\/v2\/product_brand?post=689"},{"taxonomy":"product_cat","embeddable":true,"href":"https:\/\/printagram.com\/de\/wp-json\/wp\/v2\/product_cat?post=689"},{"taxonomy":"product_tag","embeddable":true,"href":"https:\/\/printagram.com\/de\/wp-json\/wp\/v2\/product_tag?post=689"}],"curies":[{"name":"wp","href":"https:\/\/api.w.org\/{rel}","templated":true}]}}