{"id":685,"date":"2022-10-23T21:12:26","date_gmt":"2022-10-23T19:12:26","guid":{"rendered":"https:\/\/printagram.com\/produkt\/koperty-firmowe-dl-c6-c5-c4\/"},"modified":"2025-03-26T12:51:21","modified_gmt":"2025-03-26T11:51:21","slug":"koperty-firmowe-dl-c6-c5-c4","status":"publish","type":"product","link":"https:\/\/printagram.com\/de\/produkt\/geschaftsumschlage-dl-c6-c5-c4\/","title":{"rendered":"Gesch\u00e4ftsbriefumschl\u00e4ge DL C6 C5 C4"},"content":{"rendered":"<p>Gebrauchsfertige DL-, C6-, C5-, C4-Briefumschl\u00e4ge mit individuellem Firmendruck. Perfekt f\u00fcr den Einsatz in allen Druckertypen. Standard wei\u00dfes 80g Papier. Verschlussart HK oder SK.<br \/>\nDas Angebot bezieht sich auf einen Druck, der 20% der Umschlagfl\u00e4che nicht \u00fcberschreitet.<\/p>","protected":false},"excerpt":{"rendered":"<p>Briefumschl\u00e4ge mit Farbdruck. Druck auf vorgedruckte Briefumschl\u00e4ge.<\/p>","protected":false},"featured_media":21831,"template":"","meta":{"_seopress_robots_primary_cat":"none","_seopress_titles_title":"","_seopress_titles_desc":"","_seopress_robots_index":""},"product_brand":[],"product_cat":[299],"product_tag":[444,446],"class_list":{"0":"post-685","1":"product","2":"type-product","3":"status-publish","4":"has-post-thumbnail","6":"product_cat-papeteria-papier-koperty","7":"product_tag-firma-biuro","8":"product_tag-promowanie","10":"first","11":"instock","12":"taxable","13":"shipping-taxable","14":"purchasable","15":"product-type-simple"},"_links":{"self":[{"href":"https:\/\/printagram.com\/de\/wp-json\/wp\/v2\/product\/685","targetHints":{"allow":["GET"]}}],"collection":[{"href":"https:\/\/printagram.com\/de\/wp-json\/wp\/v2\/product"}],"about":[{"href":"https:\/\/printagram.com\/de\/wp-json\/wp\/v2\/types\/product"}],"wp:featuredmedia":[{"embeddable":true,"href":"https:\/\/printagram.com\/de\/wp-json\/wp\/v2\/media\/21831"}],"wp:attachment":[{"href":"https:\/\/printagram.com\/de\/wp-json\/wp\/v2\/media?parent=685"}],"wp:term":[{"taxonomy":"product_brand","embeddable":true,"href":"https:\/\/printagram.com\/de\/wp-json\/wp\/v2\/product_brand?post=685"},{"taxonomy":"product_cat","embeddable":true,"href":"https:\/\/printagram.com\/de\/wp-json\/wp\/v2\/product_cat?post=685"},{"taxonomy":"product_tag","embeddable":true,"href":"https:\/\/printagram.com\/de\/wp-json\/wp\/v2\/product_tag?post=685"}],"curies":[{"name":"wp","href":"https:\/\/api.w.org\/{rel}","templated":true}]}}