{"id":683,"date":"2022-10-23T21:12:25","date_gmt":"2022-10-23T19:12:25","guid":{"rendered":"https:\/\/printagram.com\/produkt\/papier-firmowy\/"},"modified":"2024-09-29T23:57:08","modified_gmt":"2024-09-29T21:57:08","slug":"papier-firmowy","status":"publish","type":"product","link":"https:\/\/printagram.com\/de\/produkt\/briefpapier\/","title":{"rendered":"Briefpapier"},"content":{"rendered":"<p>Papier f\u00fcr Gesch\u00e4ftskorrespondenz. Offsetdruck. Vollst\u00e4ndige CMYK-Farbpalette. Standard-Offsetpapier\u00a0<strong>Fl\u00e4chengewicht 90 oder 170 g\/m<sup>2<\/sup>.\u00a0<\/strong>Vollfl\u00e4chige Bedruckung ist ohne Qualit\u00e4tsverluste m\u00f6glich. Ideal f\u00fcr den Einsatz in Laserdruckern und Kopierern sowie Tintenstrahldruckern.<\/p>\n<p><strong>DIES IST KEIN DIGITALDRUCK!<\/strong><\/p>\n<p>Sie k\u00f6nnen es auf allen Arten von Ger\u00e4ten frei verwenden!<br \/>\nPerfekt f\u00fcr alle Druckertypen, einschlie\u00dflich Laserdrucker und Fotokopierer.<\/p>\n<p><small>In einigen Gesch\u00e4ften und bei Online-Auktionen k\u00f6nnen Sie Briefb\u00f6gen billiger kaufen, aber dabei handelt es sich meist um Digitaldrucke, die nur in Tintenstrahlger\u00e4ten verwendet werden k\u00f6nnen. Sie k\u00f6nnen nicht in Laserdruckern oder Fotokopierern verwendet werden. Digitaldrucke schmelzen aufgrund der hohen Temperaturen und der Drucker kann dadurch besch\u00e4digt werden. \u00dcberpr\u00fcfen Sie zu Ihrer eigenen Sicherheit immer die Drucktechnik.\u00a0<\/small><\/p>","protected":false},"excerpt":{"rendered":"<p>Briefpapier zur Verwendung in der Unternehmenskorrespondenz.<\/p>","protected":false},"featured_media":22424,"template":"","meta":{"_seopress_robots_primary_cat":"","_seopress_titles_title":"","_seopress_titles_desc":"","_seopress_robots_index":""},"product_brand":[],"product_cat":[299],"product_tag":[444],"class_list":{"0":"post-683","1":"product","2":"type-product","3":"status-publish","4":"has-post-thumbnail","6":"product_cat-papeteria-papier-koperty","7":"product_tag-firma-biuro","9":"first","10":"instock","11":"taxable","12":"shipping-taxable","13":"purchasable","14":"product-type-simple"},"_links":{"self":[{"href":"https:\/\/printagram.com\/de\/wp-json\/wp\/v2\/product\/683","targetHints":{"allow":["GET"]}}],"collection":[{"href":"https:\/\/printagram.com\/de\/wp-json\/wp\/v2\/product"}],"about":[{"href":"https:\/\/printagram.com\/de\/wp-json\/wp\/v2\/types\/product"}],"wp:featuredmedia":[{"embeddable":true,"href":"https:\/\/printagram.com\/de\/wp-json\/wp\/v2\/media\/22424"}],"wp:attachment":[{"href":"https:\/\/printagram.com\/de\/wp-json\/wp\/v2\/media?parent=683"}],"wp:term":[{"taxonomy":"product_brand","embeddable":true,"href":"https:\/\/printagram.com\/de\/wp-json\/wp\/v2\/product_brand?post=683"},{"taxonomy":"product_cat","embeddable":true,"href":"https:\/\/printagram.com\/de\/wp-json\/wp\/v2\/product_cat?post=683"},{"taxonomy":"product_tag","embeddable":true,"href":"https:\/\/printagram.com\/de\/wp-json\/wp\/v2\/product_tag?post=683"}],"curies":[{"name":"wp","href":"https:\/\/api.w.org\/{rel}","templated":true}]}}