{"id":681,"date":"2022-10-23T21:12:22","date_gmt":"2022-10-23T19:12:22","guid":{"rendered":"https:\/\/printagram.com\/produkt\/metki-zawieszki-etykietki\/"},"modified":"2026-02-10T15:48:48","modified_gmt":"2026-02-10T14:48:48","slug":"metki-zawieszki-etykietki","status":"publish","type":"product","link":"https:\/\/printagram.com\/de\/produkt\/etiketten-hang-tags-standard\/","title":{"rendered":"Standard H\u00e4ngeetiketten"},"content":{"rendered":"<p>H\u00e4ngeetiketten mit Kreditkartenformat 85\u00d754 mm. Abgerundete Ecken. Vollfarbig auf allen Seiten. Glattes kreidebeschichtetes Papier auf beiden Seiten oder auf einer Seite (je nach Wahl der Ausf\u00fchrung). Folienkaschierung auf einer oder beiden Seiten. Bei einseitiger Laminierung bleibt die andere Seite unbearbeitet, so dass Sie darauf schreiben oder stempeln k\u00f6nnen.<\/p>\n<p><strong>Sie eignen sich hervorragend f\u00fcr Anh\u00e4nger, Aufh\u00e4nger f\u00fcr Waren, Aufh\u00e4nger f\u00fcr den \u00d6lwechsel, usw.<\/strong><\/p>\n<p>Der Stanzvorgang erfolgt mit einer industriellen Durchlaufstanze, die den gesamten Stapel in einem Arbeitsgang stanzt, so dass keine Unebenheiten auftreten k\u00f6nnen. Aufgrund einer gewissen Toleranz der Stanzmaschine empfehlen wir nicht, Rahmen um die Karte zu gestalten.<\/p>\n<p>Die Karten haben als Standard\u00a0<a title=\"Zeichnung der Platzierung der Bohrung auf dem Projekt\" href=\"\/\/www.printagram.com\/allegro\/zdjecia\/karty_1-stronnie_laminowane\/karta_z_dziura.gif\" target=\"_blank\" rel=\"noopener\">ein Loch in der Mitte der k\u00fcrzeren Kante\u00a0<\/a>zum Aufh\u00e4ngen oder Anbringen an der Kleidung, z. B. als Anh\u00e4nger. Sie k\u00f6nnen aber auch an jeder anderen Stelle ein Loch haben, das auf dem Entwurf markiert werden kann.<\/p>","protected":false},"excerpt":{"rendered":"<p>Etiketten 85\u00d754 mm, Ecken abgerundet. Einseitig laminiert zum Beschreiben oder Stempeln.<\/p>","protected":false},"featured_media":30037,"template":"","meta":{"_seopress_robots_primary_cat":"none","_seopress_titles_title":"","_seopress_titles_desc":"","_seopress_robots_index":""},"product_brand":[],"product_cat":[289],"product_tag":[449,446,445],"class_list":{"0":"post-681","1":"product","2":"type-product","3":"status-publish","4":"has-post-thumbnail","6":"product_cat-metki-zawieszki","7":"product_tag-produkcja","8":"product_tag-promowanie","9":"product_tag-sprzedaz-handel","11":"first","12":"instock","13":"taxable","14":"shipping-taxable","15":"purchasable","16":"product-type-simple"},"_links":{"self":[{"href":"https:\/\/printagram.com\/de\/wp-json\/wp\/v2\/product\/681","targetHints":{"allow":["GET"]}}],"collection":[{"href":"https:\/\/printagram.com\/de\/wp-json\/wp\/v2\/product"}],"about":[{"href":"https:\/\/printagram.com\/de\/wp-json\/wp\/v2\/types\/product"}],"wp:featuredmedia":[{"embeddable":true,"href":"https:\/\/printagram.com\/de\/wp-json\/wp\/v2\/media\/30037"}],"wp:attachment":[{"href":"https:\/\/printagram.com\/de\/wp-json\/wp\/v2\/media?parent=681"}],"wp:term":[{"taxonomy":"product_brand","embeddable":true,"href":"https:\/\/printagram.com\/de\/wp-json\/wp\/v2\/product_brand?post=681"},{"taxonomy":"product_cat","embeddable":true,"href":"https:\/\/printagram.com\/de\/wp-json\/wp\/v2\/product_cat?post=681"},{"taxonomy":"product_tag","embeddable":true,"href":"https:\/\/printagram.com\/de\/wp-json\/wp\/v2\/product_tag?post=681"}],"curies":[{"name":"wp","href":"https:\/\/api.w.org\/{rel}","templated":true}]}}